{"id":97,"date":"2017-08-30T09:11:42","date_gmt":"2017-08-30T09:11:42","guid":{"rendered":"http:\/\/dse-dueren.de\/?page_id=97"},"modified":"2019-01-08T11:44:18","modified_gmt":"2019-01-08T11:44:18","slug":"sicherheitstechnik","status":"publish","type":"page","link":"https:\/\/dse-deutschland.de\/?page_id=97","title":{"rendered":"Sicherheitstechnik"},"content":{"rendered":"<h1>Herzlich Willkommen bei DSE Sicherheitstechnik<\/h1>\n<p>Seit \u00fcber\u00a040 Jahren ist Firma DSE (D\u00dcRENER SCHL\u00dcSSEL-EXPRESS) die erste Adresse im Gro\u00dfraum D\u00fcren, wenn es um Schlie\u00dfanlagen, T\u00fcrtechnik, Einbruchsicherungen, Briefk\u00e4sten, Schl\u00f6sser und Beschl\u00e4ge geht.<\/p>\n<ul>\n<li><b>ca. alle 2 Minuten wird in Deutschland eingebrochen!\u00a0 <\/b><\/li>\n<\/ul>\n<p>Die Firma DSE ist ein innovativer Sicherheitspartner f\u00fcr den Privat- sowie Gesch\u00e4ftskundenbereich. Fokus des Unternehmens ist die zielgerichtete Absicherung des Eigenheims oder Unternehmens. Durch eine Analyse Ihres Bedarfs entwickeln wir eine ma\u00dfgeschneiderte Sicherheitsl\u00f6sung f\u00fcr Ihr Objekt.<\/p>\n<p>Thematisch gliedern sich unsere Aufgabengebiete sowie Leistungen um den Schl\u00fcssel. Ausgehend von diesem fertigen wir z.B. Schl\u00fcsselkopien, Schl\u00f6sser, Beschl\u00e4ge, Zusatzschl\u00f6sser und Fensterschl\u00f6sser. Diesen Service bieten wir Ihnen mit und ohne Montage an. Der Gesch\u00e4ftskunde findet bei uns Fluchtt\u00fcrtechnik, Schlie\u00dfanlagen, Zutrittskontrolle mit Schl\u00fcssel oder Karte, T\u00fcr\u00f6ffner und Schlie\u00dfer, also alles was eine sichere T\u00fcre ben\u00f6tigt.<\/p>\n<p>&nbsp;<\/p>\n<p>&nbsp;<\/p>\n<p>&nbsp;<\/p>\n","protected":false},"excerpt":{"rendered":"<p>Herzlich Willkommen bei DSE Sicherheitstechnik Seit \u00fcber\u00a040 Jahren ist Firma DSE (D\u00dcRENER SCHL\u00dcSSEL-EXPRESS) die erste Adresse im Gro\u00dfraum D\u00fcren, wenn es um Schlie\u00dfanlagen, T\u00fcrtechnik, Einbruchsicherungen, Briefk\u00e4sten, Schl\u00f6sser und Beschl\u00e4ge geht. ca. alle 2 Minuten wird in Deutschland eingebrochen!\u00a0 Die Firma DSE ist ein innovativer Sicherheitspartner f\u00fcr den Privat- sowie Gesch\u00e4ftskundenbereich. Fokus des Unternehmens ist die [&hellip;]<\/p>\n","protected":false},"author":1,"featured_media":0,"parent":0,"menu_order":0,"comment_status":"closed","ping_status":"closed","template":"","meta":{"footnotes":""},"class_list":["post-97","page","type-page","status-publish","hentry"],"_links":{"self":[{"href":"https:\/\/dse-deutschland.de\/index.php?rest_route=\/wp\/v2\/pages\/97","targetHints":{"allow":["GET"]}}],"collection":[{"href":"https:\/\/dse-deutschland.de\/index.php?rest_route=\/wp\/v2\/pages"}],"about":[{"href":"https:\/\/dse-deutschland.de\/index.php?rest_route=\/wp\/v2\/types\/page"}],"author":[{"embeddable":true,"href":"https:\/\/dse-deutschland.de\/index.php?rest_route=\/wp\/v2\/users\/1"}],"replies":[{"embeddable":true,"href":"https:\/\/dse-deutschland.de\/index.php?rest_route=%2Fwp%2Fv2%2Fcomments&post=97"}],"version-history":[{"count":9,"href":"https:\/\/dse-deutschland.de\/index.php?rest_route=\/wp\/v2\/pages\/97\/revisions"}],"predecessor-version":[{"id":411,"href":"https:\/\/dse-deutschland.de\/index.php?rest_route=\/wp\/v2\/pages\/97\/revisions\/411"}],"wp:attachment":[{"href":"https:\/\/dse-deutschland.de\/index.php?rest_route=%2Fwp%2Fv2%2Fmedia&parent=97"}],"curies":[{"name":"wp","href":"https:\/\/api.w.org\/{rel}","templated":true}]}}