{"id":93,"date":"2017-08-30T09:09:34","date_gmt":"2017-08-30T09:09:34","guid":{"rendered":"http:\/\/dse-dueren.de\/?page_id=93"},"modified":"2017-08-30T09:10:35","modified_gmt":"2017-08-30T09:10:35","slug":"stempel","status":"publish","type":"page","link":"https:\/\/dse-deutschland.de\/?page_id=93","title":{"rendered":"Stempel"},"content":{"rendered":"<p>Unsere Stempel finden in vielen Bereichen Verwendung.<\/p>\n<p>Ob im privaten Bereich z.B. ein Adressstempel, f\u00fcr den pers\u00f6nlichen Schriftverkehr oder in im gesch\u00e4ftlichen Bereich, z.B. Datums-, Fertig-, Text-, Ziffern-,und Siegelstempel.<\/p>\n<p>Zus\u00e4tzlich zu diesem umfassenden Stempelsortiment beinhaltet unser Onlineshop Stempelzubeh\u00f6r und Stempelfarbe sowie eine Reihe artverwandter Produkte wie Schilder, Siegel, Pr\u00e4gezangen oder Gravurartikel.<\/p>\n<p>In der Gestaltung Ihres Stempels oder Ihrer Stempel sind Ihnen keine Grenzen gesetzt. Sollte trotzdem einmal das Richtige nicht dabei sein, beraten wir Sie gerne.<\/p>\n<p>Wir f\u00fchren auch Zubeh\u00f6r der Firmen: Trodat, Reiner, Pernuma, Collop, Coloris und Noris<\/p>\n<p><img fetchpriority=\"high\" decoding=\"async\" class=\"alignnone wp-image-94 size-full\" src=\"http:\/\/dse-dueren.de\/wp-content\/uploads\/2017\/08\/stempel.png\" alt=\"\" width=\"580\" height=\"250\" srcset=\"https:\/\/dse-deutschland.de\/wp-content\/uploads\/2017\/08\/stempel.png 580w, https:\/\/dse-deutschland.de\/wp-content\/uploads\/2017\/08\/stempel-300x129.png 300w\" sizes=\"(max-width: 580px) 100vw, 580px\" \/><\/p>\n","protected":false},"excerpt":{"rendered":"<p>Unsere Stempel finden in vielen Bereichen Verwendung. Ob im privaten Bereich z.B. ein Adressstempel, f\u00fcr den pers\u00f6nlichen Schriftverkehr oder in im gesch\u00e4ftlichen Bereich, z.B. Datums-, Fertig-, Text-, Ziffern-,und Siegelstempel. Zus\u00e4tzlich zu diesem umfassenden Stempelsortiment beinhaltet unser Onlineshop Stempelzubeh\u00f6r und Stempelfarbe sowie eine Reihe artverwandter Produkte wie Schilder, Siegel, Pr\u00e4gezangen oder Gravurartikel. In der Gestaltung Ihres [&hellip;]<\/p>\n","protected":false},"author":1,"featured_media":0,"parent":0,"menu_order":0,"comment_status":"closed","ping_status":"closed","template":"","meta":{"footnotes":""},"class_list":["post-93","page","type-page","status-publish","hentry"],"_links":{"self":[{"href":"https:\/\/dse-deutschland.de\/index.php?rest_route=\/wp\/v2\/pages\/93","targetHints":{"allow":["GET"]}}],"collection":[{"href":"https:\/\/dse-deutschland.de\/index.php?rest_route=\/wp\/v2\/pages"}],"about":[{"href":"https:\/\/dse-deutschland.de\/index.php?rest_route=\/wp\/v2\/types\/page"}],"author":[{"embeddable":true,"href":"https:\/\/dse-deutschland.de\/index.php?rest_route=\/wp\/v2\/users\/1"}],"replies":[{"embeddable":true,"href":"https:\/\/dse-deutschland.de\/index.php?rest_route=%2Fwp%2Fv2%2Fcomments&post=93"}],"version-history":[{"count":1,"href":"https:\/\/dse-deutschland.de\/index.php?rest_route=\/wp\/v2\/pages\/93\/revisions"}],"predecessor-version":[{"id":96,"href":"https:\/\/dse-deutschland.de\/index.php?rest_route=\/wp\/v2\/pages\/93\/revisions\/96"}],"wp:attachment":[{"href":"https:\/\/dse-deutschland.de\/index.php?rest_route=%2Fwp%2Fv2%2Fmedia&parent=93"}],"curies":[{"name":"wp","href":"https:\/\/api.w.org\/{rel}","templated":true}]}}