{"id":29,"date":"2017-08-30T08:05:57","date_gmt":"2017-08-30T08:05:57","guid":{"rendered":"http:\/\/dse-dueren.de\/?page_id=29"},"modified":"2019-01-08T11:40:22","modified_gmt":"2019-01-08T11:40:22","slug":"ueber-uns","status":"publish","type":"page","link":"https:\/\/dse-deutschland.de\/?page_id=29","title":{"rendered":"\u00dcber Uns"},"content":{"rendered":"<p><strong>Herzlich Willkommen!<\/strong><\/p>\n<p>Seit \u00fcber\u00a040 Jahren ist die Firma DSE die erste Adresse im Gro\u00dfraum D\u00fcren, wenn es um<br \/>\nSicherheitstechnik &amp; Werbetechnik geht.<\/p>\n<p>\u00bbDSE\u00ab ist mehr als ein Schl\u00fcsseldienst.<\/p>\n<p>\u00bbMehr\u00ab ist das, worum es bei uns geht. Mehr Beratung, Kreativit\u00e4t und Kompetenz, mehr Zuverl\u00e4ssigkeit und Best\u00e4ndigkeit und nat\u00fcrlich mehr Zufriedenheit. Kurz und knapp: mehr Erfolg und Zufriedenheit mit \u00bbDSE\u00ab.<\/p>\n<p>Unsere St\u00e4rken sind jahrzehntelange Erfahrung, Aufgeschlossenheit f\u00fcr neue Produkte, beste Verbindung zu den Herstellern und insbesondere unsere umfassenden Service-Dienstleistungen.<\/p>\n<p><strong>Wir bieten Ihnen den rundum Service mit Betreuung!<\/strong><\/p>\n<p>&nbsp;<\/p>\n<p><img fetchpriority=\"high\" decoding=\"async\" class=\"alignnone size-medium wp-image-30\" src=\"http:\/\/dse-dueren.de\/wp-content\/uploads\/2017\/08\/\u00dcber_UNs-300x200.png\" alt=\"\" width=\"300\" height=\"200\" srcset=\"https:\/\/dse-deutschland.de\/wp-content\/uploads\/2017\/08\/\u00dcber_UNs-300x200.png 300w, https:\/\/dse-deutschland.de\/wp-content\/uploads\/2017\/08\/\u00dcber_UNs.png 640w\" sizes=\"(max-width: 300px) 100vw, 300px\" \/><\/p>\n","protected":false},"excerpt":{"rendered":"<p>Herzlich Willkommen! Seit \u00fcber\u00a040 Jahren ist die Firma DSE die erste Adresse im Gro\u00dfraum D\u00fcren, wenn es um Sicherheitstechnik &amp; Werbetechnik geht. \u00bbDSE\u00ab ist mehr als ein Schl\u00fcsseldienst. \u00bbMehr\u00ab ist das, worum es bei uns geht. Mehr Beratung, Kreativit\u00e4t und Kompetenz, mehr Zuverl\u00e4ssigkeit und Best\u00e4ndigkeit und nat\u00fcrlich mehr Zufriedenheit. Kurz und knapp: mehr Erfolg und [&hellip;]<\/p>\n","protected":false},"author":1,"featured_media":0,"parent":0,"menu_order":0,"comment_status":"closed","ping_status":"closed","template":"","meta":{"footnotes":""},"class_list":["post-29","page","type-page","status-publish","hentry"],"_links":{"self":[{"href":"https:\/\/dse-deutschland.de\/index.php?rest_route=\/wp\/v2\/pages\/29","targetHints":{"allow":["GET"]}}],"collection":[{"href":"https:\/\/dse-deutschland.de\/index.php?rest_route=\/wp\/v2\/pages"}],"about":[{"href":"https:\/\/dse-deutschland.de\/index.php?rest_route=\/wp\/v2\/types\/page"}],"author":[{"embeddable":true,"href":"https:\/\/dse-deutschland.de\/index.php?rest_route=\/wp\/v2\/users\/1"}],"replies":[{"embeddable":true,"href":"https:\/\/dse-deutschland.de\/index.php?rest_route=%2Fwp%2Fv2%2Fcomments&post=29"}],"version-history":[{"count":2,"href":"https:\/\/dse-deutschland.de\/index.php?rest_route=\/wp\/v2\/pages\/29\/revisions"}],"predecessor-version":[{"id":410,"href":"https:\/\/dse-deutschland.de\/index.php?rest_route=\/wp\/v2\/pages\/29\/revisions\/410"}],"wp:attachment":[{"href":"https:\/\/dse-deutschland.de\/index.php?rest_route=%2Fwp%2Fv2%2Fmedia&parent=29"}],"curies":[{"name":"wp","href":"https:\/\/api.w.org\/{rel}","templated":true}]}}