{"id":9968,"date":"2018-06-19T15:50:57","date_gmt":"2018-06-19T13:50:57","guid":{"rendered":"http:\/\/dse-dueren.de\/Shop_Schilder\/produkt\/gebotsschild-schutzschuerze-benutzen-2\/"},"modified":"2022-12-16T14:25:44","modified_gmt":"2022-12-16T13:25:44","slug":"gebotsschild-schutzschuerze-benutzen-2","status":"publish","type":"product","link":"https:\/\/dse-deutschland.de\/Shop_Schilder\/produkt\/gebotsschild-schutzschuerze-benutzen-2\/","title":{"rendered":"Gebotsschild Schutzsch\u00fcrze benutzen"},"content":{"rendered":"<p>Gebotsschild Schutzsch\u00fcrze benutzen  Gr\u00f6\u00dfe (Durchm.): 20,0 cm DIN EN ISO 7010 M026<\/p>\n","protected":false},"excerpt":{"rendered":"<p>Gebotsschild Schutzsch\u00fcrze benutzen Gr\u00f6\u00dfe (Durchm.): 20,0 cm DIN EN ISO 7010 M026<\/p>\n","protected":false},"featured_media":2055,"template":"","meta":[],"product_brand":[],"product_cat":[20],"product_tag":[],"class_list":{"0":"post-9968","1":"product","2":"type-product","3":"status-publish","4":"has-post-thumbnail","6":"product_cat-gebotsschilder","8":"first","9":"instock","10":"taxable","11":"shipping-taxable","12":"purchasable","13":"product-type-simple"},"jetpack_sharing_enabled":true,"_links":{"self":[{"href":"https:\/\/dse-deutschland.de\/Shop_Schilder\/wp-json\/wp\/v2\/product\/9968","targetHints":{"allow":["GET"]}}],"collection":[{"href":"https:\/\/dse-deutschland.de\/Shop_Schilder\/wp-json\/wp\/v2\/product"}],"about":[{"href":"https:\/\/dse-deutschland.de\/Shop_Schilder\/wp-json\/wp\/v2\/types\/product"}],"wp:featuredmedia":[{"embeddable":true,"href":"https:\/\/dse-deutschland.de\/Shop_Schilder\/wp-json\/wp\/v2\/media\/2055"}],"wp:attachment":[{"href":"https:\/\/dse-deutschland.de\/Shop_Schilder\/wp-json\/wp\/v2\/media?parent=9968"}],"wp:term":[{"taxonomy":"product_brand","embeddable":true,"href":"https:\/\/dse-deutschland.de\/Shop_Schilder\/wp-json\/wp\/v2\/product_brand?post=9968"},{"taxonomy":"product_cat","embeddable":true,"href":"https:\/\/dse-deutschland.de\/Shop_Schilder\/wp-json\/wp\/v2\/product_cat?post=9968"},{"taxonomy":"product_tag","embeddable":true,"href":"https:\/\/dse-deutschland.de\/Shop_Schilder\/wp-json\/wp\/v2\/product_tag?post=9968"}],"curies":[{"name":"wp","href":"https:\/\/api.w.org\/{rel}","templated":true}]}}