{"id":9967,"date":"2018-06-19T15:50:56","date_gmt":"2018-06-19T13:50:56","guid":{"rendered":"http:\/\/dse-dueren.de\/Shop_Schilder\/produkt\/gebotsschild-haende-waschen-2\/"},"modified":"2022-12-16T14:25:41","modified_gmt":"2022-12-16T13:25:41","slug":"gebotsschild-haende-waschen-2","status":"publish","type":"product","link":"https:\/\/dse-deutschland.de\/Shop_Schilder\/produkt\/gebotsschild-haende-waschen-2\/","title":{"rendered":"Gebotsschild H\u00e4nde waschen"},"content":{"rendered":"<p>Gebotsschild H\u00e4nde waschen  Gr\u00f6\u00dfe (Durchm.): 20,0 cm DIN EN ISO 7010 M011<\/p>\n","protected":false},"excerpt":{"rendered":"<p>Gebotsschild H\u00e4nde waschen Gr\u00f6\u00dfe (Durchm.): 20,0 cm DIN EN ISO 7010 M011<\/p>\n","protected":false},"featured_media":1999,"template":"","meta":[],"product_brand":[],"product_cat":[20],"product_tag":[],"class_list":{"0":"post-9967","1":"product","2":"type-product","3":"status-publish","4":"has-post-thumbnail","6":"product_cat-gebotsschilder","8":"first","9":"instock","10":"taxable","11":"shipping-taxable","12":"purchasable","13":"product-type-simple"},"jetpack_sharing_enabled":true,"_links":{"self":[{"href":"https:\/\/dse-deutschland.de\/Shop_Schilder\/wp-json\/wp\/v2\/product\/9967","targetHints":{"allow":["GET"]}}],"collection":[{"href":"https:\/\/dse-deutschland.de\/Shop_Schilder\/wp-json\/wp\/v2\/product"}],"about":[{"href":"https:\/\/dse-deutschland.de\/Shop_Schilder\/wp-json\/wp\/v2\/types\/product"}],"wp:featuredmedia":[{"embeddable":true,"href":"https:\/\/dse-deutschland.de\/Shop_Schilder\/wp-json\/wp\/v2\/media\/1999"}],"wp:attachment":[{"href":"https:\/\/dse-deutschland.de\/Shop_Schilder\/wp-json\/wp\/v2\/media?parent=9967"}],"wp:term":[{"taxonomy":"product_brand","embeddable":true,"href":"https:\/\/dse-deutschland.de\/Shop_Schilder\/wp-json\/wp\/v2\/product_brand?post=9967"},{"taxonomy":"product_cat","embeddable":true,"href":"https:\/\/dse-deutschland.de\/Shop_Schilder\/wp-json\/wp\/v2\/product_cat?post=9967"},{"taxonomy":"product_tag","embeddable":true,"href":"https:\/\/dse-deutschland.de\/Shop_Schilder\/wp-json\/wp\/v2\/product_tag?post=9967"}],"curies":[{"name":"wp","href":"https:\/\/api.w.org\/{rel}","templated":true}]}}