{"id":9915,"date":"2018-06-19T15:50:16","date_gmt":"2018-06-19T13:50:16","guid":{"rendered":"http:\/\/dse-dueren.de\/Shop_Schilder\/produkt\/gebotsschild-gehoerschutz-benutzen\/"},"modified":"2022-12-16T14:25:17","modified_gmt":"2022-12-16T13:25:17","slug":"gebotsschild-gehoerschutz-benutzen","status":"publish","type":"product","link":"https:\/\/dse-deutschland.de\/Shop_Schilder\/produkt\/gebotsschild-gehoerschutz-benutzen\/","title":{"rendered":"Gebotsschild Geh\u00f6rschutz benutzen"},"content":{"rendered":"<p>Gebotsschild Geh\u00f6rschutz benutzen  Gr\u00f6\u00dfe (Durchm.): 10,0 cm DIN EN ISO 7010 M003<\/p>\n","protected":false},"excerpt":{"rendered":"<p>Gebotsschild Geh\u00f6rschutz benutzen Gr\u00f6\u00dfe (Durchm.): 10,0 cm DIN EN ISO 7010 M003<\/p>\n","protected":false},"featured_media":1983,"template":"","meta":[],"product_brand":[],"product_cat":[20],"product_tag":[],"class_list":{"0":"post-9915","1":"product","2":"type-product","3":"status-publish","4":"has-post-thumbnail","6":"product_cat-gebotsschilder","8":"first","9":"instock","10":"taxable","11":"shipping-taxable","12":"purchasable","13":"product-type-simple"},"jetpack_sharing_enabled":true,"_links":{"self":[{"href":"https:\/\/dse-deutschland.de\/Shop_Schilder\/wp-json\/wp\/v2\/product\/9915","targetHints":{"allow":["GET"]}}],"collection":[{"href":"https:\/\/dse-deutschland.de\/Shop_Schilder\/wp-json\/wp\/v2\/product"}],"about":[{"href":"https:\/\/dse-deutschland.de\/Shop_Schilder\/wp-json\/wp\/v2\/types\/product"}],"wp:featuredmedia":[{"embeddable":true,"href":"https:\/\/dse-deutschland.de\/Shop_Schilder\/wp-json\/wp\/v2\/media\/1983"}],"wp:attachment":[{"href":"https:\/\/dse-deutschland.de\/Shop_Schilder\/wp-json\/wp\/v2\/media?parent=9915"}],"wp:term":[{"taxonomy":"product_brand","embeddable":true,"href":"https:\/\/dse-deutschland.de\/Shop_Schilder\/wp-json\/wp\/v2\/product_brand?post=9915"},{"taxonomy":"product_cat","embeddable":true,"href":"https:\/\/dse-deutschland.de\/Shop_Schilder\/wp-json\/wp\/v2\/product_cat?post=9915"},{"taxonomy":"product_tag","embeddable":true,"href":"https:\/\/dse-deutschland.de\/Shop_Schilder\/wp-json\/wp\/v2\/product_tag?post=9915"}],"curies":[{"name":"wp","href":"https:\/\/api.w.org\/{rel}","templated":true}]}}