{"id":9841,"date":"2018-06-19T15:29:08","date_gmt":"2018-06-19T13:29:08","guid":{"rendered":"http:\/\/dse-dueren.de\/Shop_Schilder\/produkt\/verbots-kombischild-kein-zutritt-fuer-personen-mit-herzschrittmachern-oder-implantierten-defibrillatoren-2\/"},"modified":"2022-12-16T14:24:36","modified_gmt":"2022-12-16T13:24:36","slug":"verbots-kombischild-kein-zutritt-fuer-personen-mit-herzschrittmachern-oder-implantierten-defibrillatoren-2","status":"publish","type":"product","link":"https:\/\/dse-deutschland.de\/Shop_Schilder\/produkt\/verbots-kombischild-kein-zutritt-fuer-personen-mit-herzschrittmachern-oder-implantierten-defibrillatoren-2\/","title":{"rendered":"Verbots-Kombischild Kein Zutritt f\u00fcr Personen mit Herzschrittmachern oder implantierten Defibrillatoren"},"content":{"rendered":"<p>Verbots-Kombischild Kein Zutritt f\u00fcr Personen mit Herzschrittmachern oder implantierten Defibrillatoren Gr\u00f6\u00dfe (BxH): 13,1 x 18,5 cm DIN EN ISO 7010 P007 + Zusatztext<\/p>\n","protected":false},"excerpt":{"rendered":"<p>Verbots-Kombischild Kein Zutritt f\u00fcr Personen mit Herzschrittmachern oder implantierten Defibrillatoren Gr\u00f6\u00dfe (BxH): 13,1 x 18,5 cm DIN EN ISO 7010 P007 + Zusatztext<\/p>\n","protected":false},"featured_media":1885,"template":"","meta":[],"product_brand":[],"product_cat":[145],"product_tag":[],"class_list":{"0":"post-9841","1":"product","2":"type-product","3":"status-publish","4":"has-post-thumbnail","6":"product_cat-verbotsschilder","8":"first","9":"instock","10":"taxable","11":"shipping-taxable","12":"purchasable","13":"product-type-simple"},"jetpack_sharing_enabled":true,"_links":{"self":[{"href":"https:\/\/dse-deutschland.de\/Shop_Schilder\/wp-json\/wp\/v2\/product\/9841","targetHints":{"allow":["GET"]}}],"collection":[{"href":"https:\/\/dse-deutschland.de\/Shop_Schilder\/wp-json\/wp\/v2\/product"}],"about":[{"href":"https:\/\/dse-deutschland.de\/Shop_Schilder\/wp-json\/wp\/v2\/types\/product"}],"wp:featuredmedia":[{"embeddable":true,"href":"https:\/\/dse-deutschland.de\/Shop_Schilder\/wp-json\/wp\/v2\/media\/1885"}],"wp:attachment":[{"href":"https:\/\/dse-deutschland.de\/Shop_Schilder\/wp-json\/wp\/v2\/media?parent=9841"}],"wp:term":[{"taxonomy":"product_brand","embeddable":true,"href":"https:\/\/dse-deutschland.de\/Shop_Schilder\/wp-json\/wp\/v2\/product_brand?post=9841"},{"taxonomy":"product_cat","embeddable":true,"href":"https:\/\/dse-deutschland.de\/Shop_Schilder\/wp-json\/wp\/v2\/product_cat?post=9841"},{"taxonomy":"product_tag","embeddable":true,"href":"https:\/\/dse-deutschland.de\/Shop_Schilder\/wp-json\/wp\/v2\/product_tag?post=9841"}],"curies":[{"name":"wp","href":"https:\/\/api.w.org\/{rel}","templated":true}]}}