{"id":9827,"date":"2018-06-19T15:29:05","date_gmt":"2018-06-19T13:29:05","guid":{"rendered":"http:\/\/dse-dueren.de\/Shop_Schilder\/produkt\/verbotsschild-verbot-dieses-geraet-in-der-badewanne-dusche-zu-benutzen\/"},"modified":"2022-12-16T14:24:31","modified_gmt":"2022-12-16T13:24:31","slug":"verbotsschild-verbot-dieses-geraet-in-der-badewanne-dusche-zu-benutzen","status":"publish","type":"product","link":"https:\/\/dse-deutschland.de\/Shop_Schilder\/produkt\/verbotsschild-verbot-dieses-geraet-in-der-badewanne-dusche-zu-benutzen\/","title":{"rendered":"Verbotsschild Verbot dieses Ger\u00e4t in der Badewanne, Dusche &#8230; zu benutzen"},"content":{"rendered":"<p>Verbotsschild Verbot dieses Ger\u00e4t in der Badewanne, Dusche &#8230; zu benutzen  Gr\u00f6\u00dfe (Durchm.): 10,0 cm DIN EN ISO 7010 P026<\/p>\n","protected":false},"excerpt":{"rendered":"<p>Verbotsschild Verbot dieses Ger\u00e4t in der Badewanne, Dusche &#8230; zu benutzen Gr\u00f6\u00dfe (Durchm.): 10,0 cm DIN EN ISO 7010 P026<\/p>\n","protected":false},"featured_media":1828,"template":"","meta":[],"product_brand":[],"product_cat":[145],"product_tag":[],"class_list":{"0":"post-9827","1":"product","2":"type-product","3":"status-publish","4":"has-post-thumbnail","6":"product_cat-verbotsschilder","8":"first","9":"instock","10":"taxable","11":"shipping-taxable","12":"purchasable","13":"product-type-simple"},"jetpack_sharing_enabled":true,"_links":{"self":[{"href":"https:\/\/dse-deutschland.de\/Shop_Schilder\/wp-json\/wp\/v2\/product\/9827","targetHints":{"allow":["GET"]}}],"collection":[{"href":"https:\/\/dse-deutschland.de\/Shop_Schilder\/wp-json\/wp\/v2\/product"}],"about":[{"href":"https:\/\/dse-deutschland.de\/Shop_Schilder\/wp-json\/wp\/v2\/types\/product"}],"wp:featuredmedia":[{"embeddable":true,"href":"https:\/\/dse-deutschland.de\/Shop_Schilder\/wp-json\/wp\/v2\/media\/1828"}],"wp:attachment":[{"href":"https:\/\/dse-deutschland.de\/Shop_Schilder\/wp-json\/wp\/v2\/media?parent=9827"}],"wp:term":[{"taxonomy":"product_brand","embeddable":true,"href":"https:\/\/dse-deutschland.de\/Shop_Schilder\/wp-json\/wp\/v2\/product_brand?post=9827"},{"taxonomy":"product_cat","embeddable":true,"href":"https:\/\/dse-deutschland.de\/Shop_Schilder\/wp-json\/wp\/v2\/product_cat?post=9827"},{"taxonomy":"product_tag","embeddable":true,"href":"https:\/\/dse-deutschland.de\/Shop_Schilder\/wp-json\/wp\/v2\/product_tag?post=9827"}],"curies":[{"name":"wp","href":"https:\/\/api.w.org\/{rel}","templated":true}]}}