{"id":9751,"date":"2018-06-19T15:28:08","date_gmt":"2018-06-19T13:28:08","guid":{"rendered":"http:\/\/dse-dueren.de\/Shop_Schilder\/produkt\/verbots-kombischild-fuer-fussgaenger-verboten\/"},"modified":"2022-12-16T14:23:49","modified_gmt":"2022-12-16T13:23:49","slug":"verbots-kombischild-fuer-fussgaenger-verboten","status":"publish","type":"product","link":"https:\/\/dse-deutschland.de\/Shop_Schilder\/produkt\/verbots-kombischild-fuer-fussgaenger-verboten\/","title":{"rendered":"Verbots-Kombischild F\u00fcr Fu\u00dfg\u00e4nger verboten"},"content":{"rendered":"<p>Verbots-Kombischild F\u00fcr Fu\u00dfg\u00e4nger verboten  Gr\u00f6\u00dfe (BxH): 26,2 x 37,1 cm DIN EN ISO 7010 P004 + Zusatztext<\/p>\n","protected":false},"excerpt":{"rendered":"<p>Verbots-Kombischild F\u00fcr Fu\u00dfg\u00e4nger verboten Gr\u00f6\u00dfe (BxH): 26,2 x 37,1 cm DIN EN ISO 7010 P004 + Zusatztext<\/p>\n","protected":false},"featured_media":1879,"template":"","meta":[],"product_brand":[],"product_cat":[145],"product_tag":[],"class_list":{"0":"post-9751","1":"product","2":"type-product","3":"status-publish","4":"has-post-thumbnail","6":"product_cat-verbotsschilder","8":"first","9":"instock","10":"taxable","11":"shipping-taxable","12":"purchasable","13":"product-type-simple"},"jetpack_sharing_enabled":true,"_links":{"self":[{"href":"https:\/\/dse-deutschland.de\/Shop_Schilder\/wp-json\/wp\/v2\/product\/9751","targetHints":{"allow":["GET"]}}],"collection":[{"href":"https:\/\/dse-deutschland.de\/Shop_Schilder\/wp-json\/wp\/v2\/product"}],"about":[{"href":"https:\/\/dse-deutschland.de\/Shop_Schilder\/wp-json\/wp\/v2\/types\/product"}],"wp:featuredmedia":[{"embeddable":true,"href":"https:\/\/dse-deutschland.de\/Shop_Schilder\/wp-json\/wp\/v2\/media\/1879"}],"wp:attachment":[{"href":"https:\/\/dse-deutschland.de\/Shop_Schilder\/wp-json\/wp\/v2\/media?parent=9751"}],"wp:term":[{"taxonomy":"product_brand","embeddable":true,"href":"https:\/\/dse-deutschland.de\/Shop_Schilder\/wp-json\/wp\/v2\/product_brand?post=9751"},{"taxonomy":"product_cat","embeddable":true,"href":"https:\/\/dse-deutschland.de\/Shop_Schilder\/wp-json\/wp\/v2\/product_cat?post=9751"},{"taxonomy":"product_tag","embeddable":true,"href":"https:\/\/dse-deutschland.de\/Shop_Schilder\/wp-json\/wp\/v2\/product_tag?post=9751"}],"curies":[{"name":"wp","href":"https:\/\/api.w.org\/{rel}","templated":true}]}}