{"id":9739,"date":"2018-06-19T15:28:03","date_gmt":"2018-06-19T13:28:03","guid":{"rendered":"http:\/\/dse-dueren.de\/Shop_Schilder\/produkt\/verbotsschild-benutzen-des-unvollstaendigen-geruestes-verboten\/"},"modified":"2022-12-16T14:23:44","modified_gmt":"2022-12-16T13:23:44","slug":"verbotsschild-benutzen-des-unvollstaendigen-geruestes-verboten","status":"publish","type":"product","link":"https:\/\/dse-deutschland.de\/Shop_Schilder\/produkt\/verbotsschild-benutzen-des-unvollstaendigen-geruestes-verboten\/","title":{"rendered":"Verbotsschild Benutzen des unvollst\u00e4ndigen Ger\u00fcstes verboten"},"content":{"rendered":"<p>Verbotsschild Benutzen des unvollst\u00e4ndigen Ger\u00fcstes verboten  Gr\u00f6\u00dfe (Durchm.): 20,0 cm DIN EN ISO 7010 P025<\/p>\n","protected":false},"excerpt":{"rendered":"<p>Verbotsschild Benutzen des unvollst\u00e4ndigen Ger\u00fcstes verboten Gr\u00f6\u00dfe (Durchm.): 20,0 cm DIN EN ISO 7010 P025<\/p>\n","protected":false},"featured_media":1660,"template":"","meta":[],"product_brand":[],"product_cat":[145],"product_tag":[],"class_list":{"0":"post-9739","1":"product","2":"type-product","3":"status-publish","4":"has-post-thumbnail","6":"product_cat-verbotsschilder","8":"first","9":"instock","10":"taxable","11":"shipping-taxable","12":"purchasable","13":"product-type-simple"},"jetpack_sharing_enabled":true,"_links":{"self":[{"href":"https:\/\/dse-deutschland.de\/Shop_Schilder\/wp-json\/wp\/v2\/product\/9739","targetHints":{"allow":["GET"]}}],"collection":[{"href":"https:\/\/dse-deutschland.de\/Shop_Schilder\/wp-json\/wp\/v2\/product"}],"about":[{"href":"https:\/\/dse-deutschland.de\/Shop_Schilder\/wp-json\/wp\/v2\/types\/product"}],"wp:featuredmedia":[{"embeddable":true,"href":"https:\/\/dse-deutschland.de\/Shop_Schilder\/wp-json\/wp\/v2\/media\/1660"}],"wp:attachment":[{"href":"https:\/\/dse-deutschland.de\/Shop_Schilder\/wp-json\/wp\/v2\/media?parent=9739"}],"wp:term":[{"taxonomy":"product_brand","embeddable":true,"href":"https:\/\/dse-deutschland.de\/Shop_Schilder\/wp-json\/wp\/v2\/product_brand?post=9739"},{"taxonomy":"product_cat","embeddable":true,"href":"https:\/\/dse-deutschland.de\/Shop_Schilder\/wp-json\/wp\/v2\/product_cat?post=9739"},{"taxonomy":"product_tag","embeddable":true,"href":"https:\/\/dse-deutschland.de\/Shop_Schilder\/wp-json\/wp\/v2\/product_tag?post=9739"}],"curies":[{"name":"wp","href":"https:\/\/api.w.org\/{rel}","templated":true}]}}