{"id":9728,"date":"2018-06-19T15:27:48","date_gmt":"2018-06-19T13:27:48","guid":{"rendered":"http:\/\/dse-dueren.de\/Shop_Schilder\/produkt\/verbotsschild-zutritt-fuer-unbefugte-verboten-7\/"},"modified":"2022-12-16T14:23:38","modified_gmt":"2022-12-16T13:23:38","slug":"verbotsschild-zutritt-fuer-unbefugte-verboten-7","status":"publish","type":"product","link":"https:\/\/dse-deutschland.de\/Shop_Schilder\/produkt\/verbotsschild-zutritt-fuer-unbefugte-verboten-7\/","title":{"rendered":"Verbotsschild Zutritt f\u00fcr Unbefugte verboten"},"content":{"rendered":"<p>Verbotsschild Zutritt f\u00fcr Unbefugte verboten  Gr\u00f6\u00dfe (Durchm.): 31,5 cm DIN 4844-2 D-P006<\/p>\n","protected":false},"excerpt":{"rendered":"<p>Verbotsschild Zutritt f\u00fcr Unbefugte verboten Gr\u00f6\u00dfe (Durchm.): 31,5 cm DIN 4844-2 D-P006<\/p>\n","protected":false},"featured_media":1830,"template":"","meta":[],"product_brand":[],"product_cat":[145],"product_tag":[],"class_list":{"0":"post-9728","1":"product","2":"type-product","3":"status-publish","4":"has-post-thumbnail","6":"product_cat-verbotsschilder","8":"first","9":"instock","10":"taxable","11":"shipping-taxable","12":"purchasable","13":"product-type-simple"},"jetpack_sharing_enabled":true,"_links":{"self":[{"href":"https:\/\/dse-deutschland.de\/Shop_Schilder\/wp-json\/wp\/v2\/product\/9728","targetHints":{"allow":["GET"]}}],"collection":[{"href":"https:\/\/dse-deutschland.de\/Shop_Schilder\/wp-json\/wp\/v2\/product"}],"about":[{"href":"https:\/\/dse-deutschland.de\/Shop_Schilder\/wp-json\/wp\/v2\/types\/product"}],"wp:featuredmedia":[{"embeddable":true,"href":"https:\/\/dse-deutschland.de\/Shop_Schilder\/wp-json\/wp\/v2\/media\/1830"}],"wp:attachment":[{"href":"https:\/\/dse-deutschland.de\/Shop_Schilder\/wp-json\/wp\/v2\/media?parent=9728"}],"wp:term":[{"taxonomy":"product_brand","embeddable":true,"href":"https:\/\/dse-deutschland.de\/Shop_Schilder\/wp-json\/wp\/v2\/product_brand?post=9728"},{"taxonomy":"product_cat","embeddable":true,"href":"https:\/\/dse-deutschland.de\/Shop_Schilder\/wp-json\/wp\/v2\/product_cat?post=9728"},{"taxonomy":"product_tag","embeddable":true,"href":"https:\/\/dse-deutschland.de\/Shop_Schilder\/wp-json\/wp\/v2\/product_tag?post=9728"}],"curies":[{"name":"wp","href":"https:\/\/api.w.org\/{rel}","templated":true}]}}