{"id":9725,"date":"2018-06-19T15:27:47","date_gmt":"2018-06-19T13:27:47","guid":{"rendered":"http:\/\/dse-dueren.de\/Shop_Schilder\/produkt\/verbots-kombischild-aufstieg-fuer-unbefugte-verboten-2\/"},"modified":"2022-12-16T14:23:36","modified_gmt":"2022-12-16T13:23:36","slug":"verbots-kombischild-aufstieg-fuer-unbefugte-verboten-2","status":"publish","type":"product","link":"https:\/\/dse-deutschland.de\/Shop_Schilder\/produkt\/verbots-kombischild-aufstieg-fuer-unbefugte-verboten-2\/","title":{"rendered":"Verbots-Kombischild Aufstieg f\u00fcr Unbefugte verboten"},"content":{"rendered":"<p>Verbots-Kombischild Aufstieg f\u00fcr Unbefugte verboten  Gr\u00f6\u00dfe (BxH): 26,2 x 37,1 cm DIN 4844-2 D-P006 + Zusatztext<\/p>\n","protected":false},"excerpt":{"rendered":"<p>Verbots-Kombischild Aufstieg f\u00fcr Unbefugte verboten Gr\u00f6\u00dfe (BxH): 26,2 x 37,1 cm DIN 4844-2 D-P006 + Zusatztext<\/p>\n","protected":false},"featured_media":1842,"template":"","meta":[],"product_brand":[],"product_cat":[145],"product_tag":[],"class_list":{"0":"post-9725","1":"product","2":"type-product","3":"status-publish","4":"has-post-thumbnail","6":"product_cat-verbotsschilder","8":"first","9":"instock","10":"taxable","11":"shipping-taxable","12":"purchasable","13":"product-type-simple"},"jetpack_sharing_enabled":true,"_links":{"self":[{"href":"https:\/\/dse-deutschland.de\/Shop_Schilder\/wp-json\/wp\/v2\/product\/9725","targetHints":{"allow":["GET"]}}],"collection":[{"href":"https:\/\/dse-deutschland.de\/Shop_Schilder\/wp-json\/wp\/v2\/product"}],"about":[{"href":"https:\/\/dse-deutschland.de\/Shop_Schilder\/wp-json\/wp\/v2\/types\/product"}],"wp:featuredmedia":[{"embeddable":true,"href":"https:\/\/dse-deutschland.de\/Shop_Schilder\/wp-json\/wp\/v2\/media\/1842"}],"wp:attachment":[{"href":"https:\/\/dse-deutschland.de\/Shop_Schilder\/wp-json\/wp\/v2\/media?parent=9725"}],"wp:term":[{"taxonomy":"product_brand","embeddable":true,"href":"https:\/\/dse-deutschland.de\/Shop_Schilder\/wp-json\/wp\/v2\/product_brand?post=9725"},{"taxonomy":"product_cat","embeddable":true,"href":"https:\/\/dse-deutschland.de\/Shop_Schilder\/wp-json\/wp\/v2\/product_cat?post=9725"},{"taxonomy":"product_tag","embeddable":true,"href":"https:\/\/dse-deutschland.de\/Shop_Schilder\/wp-json\/wp\/v2\/product_tag?post=9725"}],"curies":[{"name":"wp","href":"https:\/\/api.w.org\/{rel}","templated":true}]}}