{"id":9701,"date":"2018-06-19T15:27:28","date_gmt":"2018-06-19T13:27:28","guid":{"rendered":"http:\/\/dse-dueren.de\/Shop_Schilder\/produkt\/verbotsschild-keine-offene-flamme-feuer-offene-zuendquelle-und-rauchen-verboten-14\/"},"modified":"2022-12-16T14:23:23","modified_gmt":"2022-12-16T13:23:23","slug":"verbotsschild-keine-offene-flamme-feuer-offene-zuendquelle-und-rauchen-verboten-14","status":"publish","type":"product","link":"https:\/\/dse-deutschland.de\/Shop_Schilder\/produkt\/verbotsschild-keine-offene-flamme-feuer-offene-zuendquelle-und-rauchen-verboten-14\/","title":{"rendered":"Verbotsschild  Keine offene Flamme, Feuer, offene Z\u00fcndquelle und Rauchen verboten"},"content":{"rendered":"<p>Verbotsschild  Keine offene Flamme, Feuer, offene Z\u00fcndquelle und Rauchen verboten  Gr\u00f6\u00dfe (Durchm.): 20,0 cm DIN EN ISO 7010 P003 DIN 67510-4, Klasse C<\/p>\n","protected":false},"excerpt":{"rendered":"<p>Verbotsschild Keine offene Flamme, Feuer, offene Z\u00fcndquelle und Rauchen verboten Gr\u00f6\u00dfe (Durchm.): 20,0 cm DIN EN ISO 7010 P003 DIN 67510-4, Klasse C<\/p>\n","protected":false},"featured_media":1745,"template":"","meta":[],"product_brand":[],"product_cat":[145],"product_tag":[],"class_list":{"0":"post-9701","1":"product","2":"type-product","3":"status-publish","4":"has-post-thumbnail","6":"product_cat-verbotsschilder","8":"first","9":"instock","10":"taxable","11":"shipping-taxable","12":"purchasable","13":"product-type-simple"},"jetpack_sharing_enabled":true,"_links":{"self":[{"href":"https:\/\/dse-deutschland.de\/Shop_Schilder\/wp-json\/wp\/v2\/product\/9701","targetHints":{"allow":["GET"]}}],"collection":[{"href":"https:\/\/dse-deutschland.de\/Shop_Schilder\/wp-json\/wp\/v2\/product"}],"about":[{"href":"https:\/\/dse-deutschland.de\/Shop_Schilder\/wp-json\/wp\/v2\/types\/product"}],"wp:featuredmedia":[{"embeddable":true,"href":"https:\/\/dse-deutschland.de\/Shop_Schilder\/wp-json\/wp\/v2\/media\/1745"}],"wp:attachment":[{"href":"https:\/\/dse-deutschland.de\/Shop_Schilder\/wp-json\/wp\/v2\/media?parent=9701"}],"wp:term":[{"taxonomy":"product_brand","embeddable":true,"href":"https:\/\/dse-deutschland.de\/Shop_Schilder\/wp-json\/wp\/v2\/product_brand?post=9701"},{"taxonomy":"product_cat","embeddable":true,"href":"https:\/\/dse-deutschland.de\/Shop_Schilder\/wp-json\/wp\/v2\/product_cat?post=9701"},{"taxonomy":"product_tag","embeddable":true,"href":"https:\/\/dse-deutschland.de\/Shop_Schilder\/wp-json\/wp\/v2\/product_tag?post=9701"}],"curies":[{"name":"wp","href":"https:\/\/api.w.org\/{rel}","templated":true}]}}