{"id":9698,"date":"2018-06-19T15:27:27","date_gmt":"2018-06-19T13:27:27","guid":{"rendered":"http:\/\/dse-dueren.de\/Shop_Schilder\/produkt\/verbotsschild-mit-wasser-loeschen-verboten-5\/"},"modified":"2022-12-16T14:23:23","modified_gmt":"2022-12-16T13:23:23","slug":"verbotsschild-mit-wasser-loeschen-verboten-5","status":"publish","type":"product","link":"https:\/\/dse-deutschland.de\/Shop_Schilder\/produkt\/verbotsschild-mit-wasser-loeschen-verboten-5\/","title":{"rendered":"Verbotsschild  Mit Wasser l\u00f6schen verboten"},"content":{"rendered":"<p>Verbotsschild  Mit Wasser l\u00f6schen verboten  Gr\u00f6\u00dfe Einzeletikett (Durchm.): 5,0 cm DIN EN ISO 7010 P011<\/p>\n","protected":false},"excerpt":{"rendered":"<p>Verbotsschild Mit Wasser l\u00f6schen verboten Gr\u00f6\u00dfe Einzeletikett (Durchm.): 5,0 cm DIN EN ISO 7010 P011<\/p>\n","protected":false},"featured_media":1766,"template":"","meta":[],"product_brand":[],"product_cat":[145],"product_tag":[],"class_list":{"0":"post-9698","1":"product","2":"type-product","3":"status-publish","4":"has-post-thumbnail","6":"product_cat-verbotsschilder","8":"first","9":"instock","10":"taxable","11":"shipping-taxable","12":"purchasable","13":"product-type-simple"},"jetpack_sharing_enabled":true,"_links":{"self":[{"href":"https:\/\/dse-deutschland.de\/Shop_Schilder\/wp-json\/wp\/v2\/product\/9698","targetHints":{"allow":["GET"]}}],"collection":[{"href":"https:\/\/dse-deutschland.de\/Shop_Schilder\/wp-json\/wp\/v2\/product"}],"about":[{"href":"https:\/\/dse-deutschland.de\/Shop_Schilder\/wp-json\/wp\/v2\/types\/product"}],"wp:featuredmedia":[{"embeddable":true,"href":"https:\/\/dse-deutschland.de\/Shop_Schilder\/wp-json\/wp\/v2\/media\/1766"}],"wp:attachment":[{"href":"https:\/\/dse-deutschland.de\/Shop_Schilder\/wp-json\/wp\/v2\/media?parent=9698"}],"wp:term":[{"taxonomy":"product_brand","embeddable":true,"href":"https:\/\/dse-deutschland.de\/Shop_Schilder\/wp-json\/wp\/v2\/product_brand?post=9698"},{"taxonomy":"product_cat","embeddable":true,"href":"https:\/\/dse-deutschland.de\/Shop_Schilder\/wp-json\/wp\/v2\/product_cat?post=9698"},{"taxonomy":"product_tag","embeddable":true,"href":"https:\/\/dse-deutschland.de\/Shop_Schilder\/wp-json\/wp\/v2\/product_tag?post=9698"}],"curies":[{"name":"wp","href":"https:\/\/api.w.org\/{rel}","templated":true}]}}