{"id":9617,"date":"2018-06-19T15:23:34","date_gmt":"2018-06-19T13:23:34","guid":{"rendered":"http:\/\/dse-dueren.de\/Shop_Schilder\/produkt\/hinweisschild-fuer-die-feuerwehr-aufzug-im-brandfall-nicht-benutzen-9\/"},"modified":"2022-12-16T14:22:40","modified_gmt":"2022-12-16T13:22:40","slug":"hinweisschild-fuer-die-feuerwehr-aufzug-im-brandfall-nicht-benutzen-9","status":"publish","type":"product","link":"https:\/\/dse-deutschland.de\/Shop_Schilder\/produkt\/hinweisschild-fuer-die-feuerwehr-aufzug-im-brandfall-nicht-benutzen-9\/","title":{"rendered":"Hinweisschild f\u00fcr die Feuerwehr Aufzug im Brandfall nicht benutzen"},"content":{"rendered":"<p>Hinweisschild f\u00fcr die Feuerwehr Aufzug im Brandfall nicht benutzen  Gr\u00f6\u00dfe (BxH): 29,7 x 10,5 cm DIN 4066-D1 DIN 67510-4, Klasse C<\/p>\n","protected":false},"excerpt":{"rendered":"<p>Hinweisschild f\u00fcr die Feuerwehr Aufzug im Brandfall nicht benutzen Gr\u00f6\u00dfe (BxH): 29,7 x 10,5 cm DIN 4066-D1 DIN 67510-4, Klasse C<\/p>\n","protected":false},"featured_media":606,"template":"","meta":[],"product_brand":[],"product_cat":[106],"product_tag":[],"class_list":{"0":"post-9617","1":"product","2":"type-product","3":"status-publish","4":"has-post-thumbnail","6":"product_cat-feuerwehrzeichen","8":"first","9":"instock","10":"taxable","11":"shipping-taxable","12":"purchasable","13":"product-type-simple"},"jetpack_sharing_enabled":true,"_links":{"self":[{"href":"https:\/\/dse-deutschland.de\/Shop_Schilder\/wp-json\/wp\/v2\/product\/9617","targetHints":{"allow":["GET"]}}],"collection":[{"href":"https:\/\/dse-deutschland.de\/Shop_Schilder\/wp-json\/wp\/v2\/product"}],"about":[{"href":"https:\/\/dse-deutschland.de\/Shop_Schilder\/wp-json\/wp\/v2\/types\/product"}],"wp:featuredmedia":[{"embeddable":true,"href":"https:\/\/dse-deutschland.de\/Shop_Schilder\/wp-json\/wp\/v2\/media\/606"}],"wp:attachment":[{"href":"https:\/\/dse-deutschland.de\/Shop_Schilder\/wp-json\/wp\/v2\/media?parent=9617"}],"wp:term":[{"taxonomy":"product_brand","embeddable":true,"href":"https:\/\/dse-deutschland.de\/Shop_Schilder\/wp-json\/wp\/v2\/product_brand?post=9617"},{"taxonomy":"product_cat","embeddable":true,"href":"https:\/\/dse-deutschland.de\/Shop_Schilder\/wp-json\/wp\/v2\/product_cat?post=9617"},{"taxonomy":"product_tag","embeddable":true,"href":"https:\/\/dse-deutschland.de\/Shop_Schilder\/wp-json\/wp\/v2\/product_tag?post=9617"}],"curies":[{"name":"wp","href":"https:\/\/api.w.org\/{rel}","templated":true}]}}