{"id":9595,"date":"2018-06-19T15:22:05","date_gmt":"2018-06-19T13:22:05","guid":{"rendered":"http:\/\/dse-dueren.de\/Shop_Schilder\/produkt\/hinweisschild-fuer-die-feuerwehr-rauchabzug-rwa\/"},"modified":"2022-12-16T14:22:27","modified_gmt":"2022-12-16T13:22:27","slug":"hinweisschild-fuer-die-feuerwehr-rauchabzug-rwa","status":"publish","type":"product","link":"https:\/\/dse-deutschland.de\/Shop_Schilder\/produkt\/hinweisschild-fuer-die-feuerwehr-rauchabzug-rwa\/","title":{"rendered":"Hinweisschild f\u00fcr die Feuerwehr Rauchabzug (RWA)"},"content":{"rendered":"<p>Hinweisschild f\u00fcr die Feuerwehr Rauchabzug (RWA)  Gr\u00f6\u00dfe (BxH): 14,8 x 5,2 cm DIN 4066-D1<\/p>\n","protected":false},"excerpt":{"rendered":"<p>Hinweisschild f\u00fcr die Feuerwehr Rauchabzug (RWA) Gr\u00f6\u00dfe (BxH): 14,8 x 5,2 cm DIN 4066-D1<\/p>\n","protected":false},"featured_media":689,"template":"","meta":[],"product_brand":[],"product_cat":[106],"product_tag":[],"class_list":{"0":"post-9595","1":"product","2":"type-product","3":"status-publish","4":"has-post-thumbnail","6":"product_cat-feuerwehrzeichen","8":"first","9":"instock","10":"taxable","11":"shipping-taxable","12":"purchasable","13":"product-type-simple"},"jetpack_sharing_enabled":true,"_links":{"self":[{"href":"https:\/\/dse-deutschland.de\/Shop_Schilder\/wp-json\/wp\/v2\/product\/9595","targetHints":{"allow":["GET"]}}],"collection":[{"href":"https:\/\/dse-deutschland.de\/Shop_Schilder\/wp-json\/wp\/v2\/product"}],"about":[{"href":"https:\/\/dse-deutschland.de\/Shop_Schilder\/wp-json\/wp\/v2\/types\/product"}],"wp:featuredmedia":[{"embeddable":true,"href":"https:\/\/dse-deutschland.de\/Shop_Schilder\/wp-json\/wp\/v2\/media\/689"}],"wp:attachment":[{"href":"https:\/\/dse-deutschland.de\/Shop_Schilder\/wp-json\/wp\/v2\/media?parent=9595"}],"wp:term":[{"taxonomy":"product_brand","embeddable":true,"href":"https:\/\/dse-deutschland.de\/Shop_Schilder\/wp-json\/wp\/v2\/product_brand?post=9595"},{"taxonomy":"product_cat","embeddable":true,"href":"https:\/\/dse-deutschland.de\/Shop_Schilder\/wp-json\/wp\/v2\/product_cat?post=9595"},{"taxonomy":"product_tag","embeddable":true,"href":"https:\/\/dse-deutschland.de\/Shop_Schilder\/wp-json\/wp\/v2\/product_tag?post=9595"}],"curies":[{"name":"wp","href":"https:\/\/api.w.org\/{rel}","templated":true}]}}