{"id":9485,"date":"2018-06-19T15:19:04","date_gmt":"2018-06-19T13:19:04","guid":{"rendered":"http:\/\/dse-dueren.de\/Shop_Schilder\/produkt\/brandschutzschild-loeschschlauch-2\/"},"modified":"2022-12-16T14:21:31","modified_gmt":"2022-12-16T13:21:31","slug":"brandschutzschild-loeschschlauch-2","status":"publish","type":"product","link":"https:\/\/dse-deutschland.de\/Shop_Schilder\/produkt\/brandschutzschild-loeschschlauch-2\/","title":{"rendered":"Brandschutzschild L\u00f6schschlauch"},"content":{"rendered":"<p>Brandschutzschild L\u00f6schschlauch  Gr\u00f6\u00dfe (BxH): 20,0 x 20,0 cm DIN EN ISO 7010 F002<\/p>\n","protected":false},"excerpt":{"rendered":"<p>Brandschutzschild L\u00f6schschlauch Gr\u00f6\u00dfe (BxH): 20,0 x 20,0 cm DIN EN ISO 7010 F002<\/p>\n","protected":false},"featured_media":1588,"template":"","meta":[],"product_brand":[],"product_cat":[105],"product_tag":[],"class_list":{"0":"post-9485","1":"product","2":"type-product","3":"status-publish","4":"has-post-thumbnail","6":"product_cat-brandschutz","8":"first","9":"instock","10":"taxable","11":"shipping-taxable","12":"purchasable","13":"product-type-simple"},"jetpack_sharing_enabled":true,"_links":{"self":[{"href":"https:\/\/dse-deutschland.de\/Shop_Schilder\/wp-json\/wp\/v2\/product\/9485","targetHints":{"allow":["GET"]}}],"collection":[{"href":"https:\/\/dse-deutschland.de\/Shop_Schilder\/wp-json\/wp\/v2\/product"}],"about":[{"href":"https:\/\/dse-deutschland.de\/Shop_Schilder\/wp-json\/wp\/v2\/types\/product"}],"wp:featuredmedia":[{"embeddable":true,"href":"https:\/\/dse-deutschland.de\/Shop_Schilder\/wp-json\/wp\/v2\/media\/1588"}],"wp:attachment":[{"href":"https:\/\/dse-deutschland.de\/Shop_Schilder\/wp-json\/wp\/v2\/media?parent=9485"}],"wp:term":[{"taxonomy":"product_brand","embeddable":true,"href":"https:\/\/dse-deutschland.de\/Shop_Schilder\/wp-json\/wp\/v2\/product_brand?post=9485"},{"taxonomy":"product_cat","embeddable":true,"href":"https:\/\/dse-deutschland.de\/Shop_Schilder\/wp-json\/wp\/v2\/product_cat?post=9485"},{"taxonomy":"product_tag","embeddable":true,"href":"https:\/\/dse-deutschland.de\/Shop_Schilder\/wp-json\/wp\/v2\/product_tag?post=9485"}],"curies":[{"name":"wp","href":"https:\/\/api.w.org\/{rel}","templated":true}]}}