{"id":9437,"date":"2018-06-19T15:18:36","date_gmt":"2018-06-19T13:18:36","guid":{"rendered":"http:\/\/dse-dueren.de\/Shop_Schilder\/produkt\/brandschutzschild-fahne-langnachleuchtend-feuerloescher-groesse-der-brandschutzzeichen-150-x-150-cm\/"},"modified":"2022-12-16T14:21:08","modified_gmt":"2022-12-16T13:21:08","slug":"brandschutzschild-fahne-langnachleuchtend-feuerloescher-groesse-der-brandschutzzeichen-150-x-150-cm","status":"publish","type":"product","link":"https:\/\/dse-deutschland.de\/Shop_Schilder\/produkt\/brandschutzschild-fahne-langnachleuchtend-feuerloescher-groesse-der-brandschutzzeichen-150-x-150-cm\/","title":{"rendered":"Brandschutzschild &#8211; Fahne &#8211; langnachleuchtend Feuerl\u00f6scher Gr\u00f6\u00dfe der Brandschutzzeichen: 15,0 x 15,0 cm"},"content":{"rendered":"<p>Brandschutzschild &#8211; Fahne &#8211; langnachleuchtend Feuerl\u00f6scher Gr\u00f6\u00dfe der Brandschutzzeichen: 15,0 x 15,0 cm Gr\u00f6\u00dfe (BxHxT): 2,2 x 15,0 x 15,5 cm DIN EN ISO 7010 F001 DIN 67510-4, Klasse C<\/p>\n","protected":false},"excerpt":{"rendered":"<p>Brandschutzschild &#8211; Fahne &#8211; langnachleuchtend Feuerl\u00f6scher Gr\u00f6\u00dfe der Brandschutzzeichen: 15,0 x 15,0 cm Gr\u00f6\u00dfe (BxHxT): 2,2 x 15,0 x 15,5 cm DIN EN ISO 7010 F001 DIN 67510-4, Klasse C<\/p>\n","protected":false},"featured_media":1580,"template":"","meta":[],"product_brand":[],"product_cat":[105],"product_tag":[],"class_list":{"0":"post-9437","1":"product","2":"type-product","3":"status-publish","4":"has-post-thumbnail","6":"product_cat-brandschutz","8":"first","9":"instock","10":"taxable","11":"shipping-taxable","12":"purchasable","13":"product-type-simple"},"jetpack_sharing_enabled":true,"_links":{"self":[{"href":"https:\/\/dse-deutschland.de\/Shop_Schilder\/wp-json\/wp\/v2\/product\/9437","targetHints":{"allow":["GET"]}}],"collection":[{"href":"https:\/\/dse-deutschland.de\/Shop_Schilder\/wp-json\/wp\/v2\/product"}],"about":[{"href":"https:\/\/dse-deutschland.de\/Shop_Schilder\/wp-json\/wp\/v2\/types\/product"}],"wp:featuredmedia":[{"embeddable":true,"href":"https:\/\/dse-deutschland.de\/Shop_Schilder\/wp-json\/wp\/v2\/media\/1580"}],"wp:attachment":[{"href":"https:\/\/dse-deutschland.de\/Shop_Schilder\/wp-json\/wp\/v2\/media?parent=9437"}],"wp:term":[{"taxonomy":"product_brand","embeddable":true,"href":"https:\/\/dse-deutschland.de\/Shop_Schilder\/wp-json\/wp\/v2\/product_brand?post=9437"},{"taxonomy":"product_cat","embeddable":true,"href":"https:\/\/dse-deutschland.de\/Shop_Schilder\/wp-json\/wp\/v2\/product_cat?post=9437"},{"taxonomy":"product_tag","embeddable":true,"href":"https:\/\/dse-deutschland.de\/Shop_Schilder\/wp-json\/wp\/v2\/product_tag?post=9437"}],"curies":[{"name":"wp","href":"https:\/\/api.w.org\/{rel}","templated":true}]}}