{"id":9423,"date":"2018-06-19T15:14:50","date_gmt":"2018-06-19T13:14:50","guid":{"rendered":"http:\/\/dse-dueren.de\/Shop_Schilder\/produkt\/hinterlegung-tuergriff-fuer-tuerklinke-nach-links-weisend-gruen-langnachleuchtend\/"},"modified":"2022-12-16T14:21:01","modified_gmt":"2022-12-16T13:21:01","slug":"hinterlegung-tuergriff-fuer-tuerklinke-nach-links-weisend-gruen-langnachleuchtend","status":"publish","type":"product","link":"https:\/\/dse-deutschland.de\/Shop_Schilder\/produkt\/hinterlegung-tuergriff-fuer-tuerklinke-nach-links-weisend-gruen-langnachleuchtend\/","title":{"rendered":"Hinterlegung T\u00fcrgriff f\u00fcr T\u00fcrklinke nach links weisend, gr\u00fcn\/langnachleuchtend"},"content":{"rendered":"<p>Hinterlegung T\u00fcrgriff f\u00fcr T\u00fcrklinke nach links weisend, gr\u00fcn\/langnachleuchtend Gr\u00f6\u00dfe (BxH): 10,0 x 25,5 cm DIN 67510-4, Klasse C<\/p>\n<p>&nbsp;<\/p>\n<p>Gr\u00f6\u00dfe B x H in cm<br \/>\n10,0 x 25,5<br \/>\nMaterial<br \/>\nAlu langnachleuchtend 150<br \/>\nBreite<br \/>\n10,0 cm<br \/>\nH\u00f6he<br \/>\n25,5 cm<br \/>\nSt\u00e4rke<br \/>\n0,56 mm<br \/>\nSymbol<br \/>\nT\u00fcrklinke nach links weisend<br \/>\nMaterialnorm<br \/>\nDIN 67510-4<br \/>\nMaterialnorm<br \/>\nKlassifizierung<br \/>\nKlasse C<br \/>\nEigenschaft<br \/>\nlangnachleuchtend<br \/>\nLeuchtdichte [mcd]<br \/>\n150<br \/>\nBefestigungsart<br \/>\nzum Verschrauben<br \/>\nMontageort<br \/>\nInnenbereich<br \/>\nTemperaturbest\u00e4ndig von<br \/>\n[Grad]<br \/>\n-30<br \/>\nTemperaturbest\u00e4ndig bis<br \/>\n[Grad]<br \/>\n+135<\/p>\n<p>interlegung f\u00fcr T\u00fcrgriffe<\/p>\n<p>Hinterlegung f\u00fcr T\u00fcrgriffe<br \/>\ngr\u00fcn \/ langnachleuchtend<br \/>\nselbstklebend<br \/>\nf\u00fcr nach links weisende T\u00fcrklinke (Pfeil nach rechts weisend)<\/p>\n<p>Material:<br \/>\nSafetyMarking langnachleuchtend HI 150 Alu<br \/>\nAluminium 0,2 mm bzw. 1,5 mm stark, langnachleuchtend beschichtet. Leuchtdichte (150\/22\/2100)<br \/>\n35 Stunden Leuchtkraft.<\/p>\n","protected":false},"excerpt":{"rendered":"<p>Hinterlegung T\u00fcrgriff f\u00fcr T\u00fcrklinke nach links weisend, gr\u00fcn\/langnachleuchtend Gr\u00f6\u00dfe (BxH): 10,0 x 25,5 cm DIN 67510-4, Klasse C &nbsp; Gr\u00f6\u00dfe B x H in cm 10,0 x 25,5 Material Alu langnachleuchtend 150 Breite 10,0 cm H\u00f6he 25,5 cm St\u00e4rke 0,56 mm Symbol T\u00fcrklinke nach links weisend Materialnorm DIN 67510-4 Materialnorm Klassifizierung Klasse C Eigenschaft langnachleuchtend [&hellip;]<\/p>\n","protected":false},"featured_media":1480,"template":"","meta":[],"product_brand":[],"product_cat":[102],"product_tag":[],"class_list":{"0":"post-9423","1":"product","2":"type-product","3":"status-publish","4":"has-post-thumbnail","6":"product_cat-langnachtleuchtende-fluchtwegkennzeichnung","8":"first","9":"instock","10":"taxable","11":"shipping-taxable","12":"purchasable","13":"product-type-simple"},"jetpack_sharing_enabled":true,"_links":{"self":[{"href":"https:\/\/dse-deutschland.de\/Shop_Schilder\/wp-json\/wp\/v2\/product\/9423","targetHints":{"allow":["GET"]}}],"collection":[{"href":"https:\/\/dse-deutschland.de\/Shop_Schilder\/wp-json\/wp\/v2\/product"}],"about":[{"href":"https:\/\/dse-deutschland.de\/Shop_Schilder\/wp-json\/wp\/v2\/types\/product"}],"wp:featuredmedia":[{"embeddable":true,"href":"https:\/\/dse-deutschland.de\/Shop_Schilder\/wp-json\/wp\/v2\/media\/1480"}],"wp:attachment":[{"href":"https:\/\/dse-deutschland.de\/Shop_Schilder\/wp-json\/wp\/v2\/media?parent=9423"}],"wp:term":[{"taxonomy":"product_brand","embeddable":true,"href":"https:\/\/dse-deutschland.de\/Shop_Schilder\/wp-json\/wp\/v2\/product_brand?post=9423"},{"taxonomy":"product_cat","embeddable":true,"href":"https:\/\/dse-deutschland.de\/Shop_Schilder\/wp-json\/wp\/v2\/product_cat?post=9423"},{"taxonomy":"product_tag","embeddable":true,"href":"https:\/\/dse-deutschland.de\/Shop_Schilder\/wp-json\/wp\/v2\/product_tag?post=9423"}],"curies":[{"name":"wp","href":"https:\/\/api.w.org\/{rel}","templated":true}]}}