{"id":9418,"date":"2018-06-19T15:14:35","date_gmt":"2018-06-19T13:14:35","guid":{"rendered":"http:\/\/dse-dueren.de\/Shop_Schilder\/produkt\/safetymarking-hi-150-markierungsstreifen-richtungspfeil-gruen-langnachleuchtend-pfeilabstand-40-cm-pfeilstaerke-15-cm\/"},"modified":"2022-12-16T14:20:58","modified_gmt":"2022-12-16T13:20:58","slug":"safetymarking-hi-150-markierungsstreifen-richtungspfeil-gruen-langnachleuchtend-pfeilabstand-40-cm-pfeilstaerke-15-cm","status":"publish","type":"product","link":"https:\/\/dse-deutschland.de\/Shop_Schilder\/produkt\/safetymarking-hi-150-markierungsstreifen-richtungspfeil-gruen-langnachleuchtend-pfeilabstand-40-cm-pfeilstaerke-15-cm\/","title":{"rendered":"SafetyMarking HI 150 &#8211;  Markierungsstreifen Richtungspfeil, gr\u00fcn\/langnachleuchtend Pfeilabstand: 4,0 cm, Pfeilst\u00e4rke: 1,5 cm"},"content":{"rendered":"<p>SafetyMarking HI 150 &#8211;  Markierungsstreifen Richtungspfeil, gr\u00fcn\/langnachleuchtend Pfeilabstand: 4,0 cm, Pfeilst\u00e4rke: 1,5 cm Gr\u00f6\u00dfe (LxB): 120,0 x 4,0 cm  DIN 67510-4, Klasse C<\/p>\n","protected":false},"excerpt":{"rendered":"<p>SafetyMarking HI 150 &#8211; Markierungsstreifen Richtungspfeil, gr\u00fcn\/langnachleuchtend Pfeilabstand: 4,0 cm, Pfeilst\u00e4rke: 1,5 cm Gr\u00f6\u00dfe (LxB): 120,0 x 4,0 cm DIN 67510-4, Klasse C<\/p>\n","protected":false},"featured_media":1514,"template":"","meta":[],"product_brand":[],"product_cat":[102],"product_tag":[],"class_list":{"0":"post-9418","1":"product","2":"type-product","3":"status-publish","4":"has-post-thumbnail","6":"product_cat-langnachtleuchtende-fluchtwegkennzeichnung","8":"first","9":"instock","10":"taxable","11":"shipping-taxable","12":"purchasable","13":"product-type-simple"},"jetpack_sharing_enabled":true,"_links":{"self":[{"href":"https:\/\/dse-deutschland.de\/Shop_Schilder\/wp-json\/wp\/v2\/product\/9418","targetHints":{"allow":["GET"]}}],"collection":[{"href":"https:\/\/dse-deutschland.de\/Shop_Schilder\/wp-json\/wp\/v2\/product"}],"about":[{"href":"https:\/\/dse-deutschland.de\/Shop_Schilder\/wp-json\/wp\/v2\/types\/product"}],"wp:featuredmedia":[{"embeddable":true,"href":"https:\/\/dse-deutschland.de\/Shop_Schilder\/wp-json\/wp\/v2\/media\/1514"}],"wp:attachment":[{"href":"https:\/\/dse-deutschland.de\/Shop_Schilder\/wp-json\/wp\/v2\/media?parent=9418"}],"wp:term":[{"taxonomy":"product_brand","embeddable":true,"href":"https:\/\/dse-deutschland.de\/Shop_Schilder\/wp-json\/wp\/v2\/product_brand?post=9418"},{"taxonomy":"product_cat","embeddable":true,"href":"https:\/\/dse-deutschland.de\/Shop_Schilder\/wp-json\/wp\/v2\/product_cat?post=9418"},{"taxonomy":"product_tag","embeddable":true,"href":"https:\/\/dse-deutschland.de\/Shop_Schilder\/wp-json\/wp\/v2\/product_tag?post=9418"}],"curies":[{"name":"wp","href":"https:\/\/api.w.org\/{rel}","templated":true}]}}