{"id":9415,"date":"2018-06-19T15:14:31","date_gmt":"2018-06-19T13:14:31","guid":{"rendered":"http:\/\/dse-dueren.de\/Shop_Schilder\/produkt\/bodenmarkierungspunkt-ausfuehrung-rund-vollflaechig-langnachleuchtend-mit-antirutscheffekt-rutschhemmfaktor-r10-2\/"},"modified":"2022-12-16T14:20:56","modified_gmt":"2022-12-16T13:20:56","slug":"bodenmarkierungspunkt-ausfuehrung-rund-vollflaechig-langnachleuchtend-mit-antirutscheffekt-rutschhemmfaktor-r10-2","status":"publish","type":"product","link":"https:\/\/dse-deutschland.de\/Shop_Schilder\/produkt\/bodenmarkierungspunkt-ausfuehrung-rund-vollflaechig-langnachleuchtend-mit-antirutscheffekt-rutschhemmfaktor-r10-2\/","title":{"rendered":"Bodenmarkierungspunkt Ausf\u00fchrung: rund, vollfl\u00e4chig langnachleuchtend mit Antirutscheffekt, Rutschhemmfaktor R10"},"content":{"rendered":"<p>Bodenmarkierungspunkt Ausf\u00fchrung: rund, vollfl\u00e4chig langnachleuchtend mit Antirutscheffekt, Rutschhemmfaktor R10 Gr\u00f6\u00dfe (Durchm.): 9,5 cm  DIN 67510-4, Klasse D<\/p>\n","protected":false},"excerpt":{"rendered":"<p>Bodenmarkierungspunkt Ausf\u00fchrung: rund, vollfl\u00e4chig langnachleuchtend mit Antirutscheffekt, Rutschhemmfaktor R10 Gr\u00f6\u00dfe (Durchm.): 9,5 cm DIN 67510-4, Klasse D<\/p>\n","protected":false},"featured_media":1500,"template":"","meta":[],"product_brand":[],"product_cat":[102],"product_tag":[],"class_list":{"0":"post-9415","1":"product","2":"type-product","3":"status-publish","4":"has-post-thumbnail","6":"product_cat-langnachtleuchtende-fluchtwegkennzeichnung","8":"first","9":"instock","10":"taxable","11":"shipping-taxable","12":"purchasable","13":"product-type-simple"},"jetpack_sharing_enabled":true,"_links":{"self":[{"href":"https:\/\/dse-deutschland.de\/Shop_Schilder\/wp-json\/wp\/v2\/product\/9415","targetHints":{"allow":["GET"]}}],"collection":[{"href":"https:\/\/dse-deutschland.de\/Shop_Schilder\/wp-json\/wp\/v2\/product"}],"about":[{"href":"https:\/\/dse-deutschland.de\/Shop_Schilder\/wp-json\/wp\/v2\/types\/product"}],"wp:featuredmedia":[{"embeddable":true,"href":"https:\/\/dse-deutschland.de\/Shop_Schilder\/wp-json\/wp\/v2\/media\/1500"}],"wp:attachment":[{"href":"https:\/\/dse-deutschland.de\/Shop_Schilder\/wp-json\/wp\/v2\/media?parent=9415"}],"wp:term":[{"taxonomy":"product_brand","embeddable":true,"href":"https:\/\/dse-deutschland.de\/Shop_Schilder\/wp-json\/wp\/v2\/product_brand?post=9415"},{"taxonomy":"product_cat","embeddable":true,"href":"https:\/\/dse-deutschland.de\/Shop_Schilder\/wp-json\/wp\/v2\/product_cat?post=9415"},{"taxonomy":"product_tag","embeddable":true,"href":"https:\/\/dse-deutschland.de\/Shop_Schilder\/wp-json\/wp\/v2\/product_tag?post=9415"}],"curies":[{"name":"wp","href":"https:\/\/api.w.org\/{rel}","templated":true}]}}