{"id":9395,"date":"2018-06-19T15:12:39","date_gmt":"2018-06-19T13:12:39","guid":{"rendered":"http:\/\/dse-dueren.de\/Shop_Schilder\/produkt\/aushang-unfall-verhalten-bei-unfaellen\/"},"modified":"2022-12-16T14:20:44","modified_gmt":"2022-12-16T13:20:44","slug":"aushang-unfall-verhalten-bei-unfaellen","status":"publish","type":"product","link":"https:\/\/dse-deutschland.de\/Shop_Schilder\/produkt\/aushang-unfall-verhalten-bei-unfaellen\/","title":{"rendered":"Aushang &#8211; Unfall Verhalten bei Unf\u00e4llen"},"content":{"rendered":"<p>Aushang &#8211; Unfall Verhalten bei Unf\u00e4llen  Gr\u00f6\u00dfe (BxH): 20,0 x 20,0 cm<\/p>\n","protected":false},"excerpt":{"rendered":"<p>Aushang &#8211; Unfall Verhalten bei Unf\u00e4llen Gr\u00f6\u00dfe (BxH): 20,0 x 20,0 cm<\/p>\n","protected":false},"featured_media":167,"template":"","meta":[],"product_brand":[],"product_cat":[101],"product_tag":[],"class_list":{"0":"post-9395","1":"product","2":"type-product","3":"status-publish","4":"has-post-thumbnail","6":"product_cat-erste-hilfe","8":"first","9":"instock","10":"taxable","11":"shipping-taxable","12":"purchasable","13":"product-type-simple"},"jetpack_sharing_enabled":true,"_links":{"self":[{"href":"https:\/\/dse-deutschland.de\/Shop_Schilder\/wp-json\/wp\/v2\/product\/9395","targetHints":{"allow":["GET"]}}],"collection":[{"href":"https:\/\/dse-deutschland.de\/Shop_Schilder\/wp-json\/wp\/v2\/product"}],"about":[{"href":"https:\/\/dse-deutschland.de\/Shop_Schilder\/wp-json\/wp\/v2\/types\/product"}],"wp:featuredmedia":[{"embeddable":true,"href":"https:\/\/dse-deutschland.de\/Shop_Schilder\/wp-json\/wp\/v2\/media\/167"}],"wp:attachment":[{"href":"https:\/\/dse-deutschland.de\/Shop_Schilder\/wp-json\/wp\/v2\/media?parent=9395"}],"wp:term":[{"taxonomy":"product_brand","embeddable":true,"href":"https:\/\/dse-deutschland.de\/Shop_Schilder\/wp-json\/wp\/v2\/product_brand?post=9395"},{"taxonomy":"product_cat","embeddable":true,"href":"https:\/\/dse-deutschland.de\/Shop_Schilder\/wp-json\/wp\/v2\/product_cat?post=9395"},{"taxonomy":"product_tag","embeddable":true,"href":"https:\/\/dse-deutschland.de\/Shop_Schilder\/wp-json\/wp\/v2\/product_tag?post=9395"}],"curies":[{"name":"wp","href":"https:\/\/api.w.org\/{rel}","templated":true}]}}