{"id":9389,"date":"2018-06-19T15:11:33","date_gmt":"2018-06-19T13:11:33","guid":{"rendered":"http:\/\/dse-dueren.de\/Shop_Schilder\/produkt\/fluchtweg-erste-hilfe-zusatzschild-richtungsangabe-schraeg-3\/"},"modified":"2022-12-16T14:20:42","modified_gmt":"2022-12-16T13:20:42","slug":"fluchtweg-erste-hilfe-zusatzschild-richtungsangabe-schraeg-3","status":"publish","type":"product","link":"https:\/\/dse-deutschland.de\/Shop_Schilder\/produkt\/fluchtweg-erste-hilfe-zusatzschild-richtungsangabe-schraeg-3\/","title":{"rendered":"Fluchtweg\/Erste Hilfe- Zusatzschild Richtungsangabe schr\u00e4g"},"content":{"rendered":"<p>Fluchtweg\/Erste Hilfe- Zusatzschild Richtungsangabe schr\u00e4g  Gr\u00f6\u00dfe (BxH): 15,0 x 15,0 cm<\/p>\n","protected":false},"excerpt":{"rendered":"<p>Fluchtweg\/Erste Hilfe- Zusatzschild Richtungsangabe schr\u00e4g Gr\u00f6\u00dfe (BxH): 15,0 x 15,0 cm<\/p>\n","protected":false},"featured_media":1322,"template":"","meta":[],"product_brand":[],"product_cat":[101],"product_tag":[],"class_list":{"0":"post-9389","1":"product","2":"type-product","3":"status-publish","4":"has-post-thumbnail","6":"product_cat-erste-hilfe","8":"first","9":"instock","10":"taxable","11":"shipping-taxable","12":"purchasable","13":"product-type-simple"},"jetpack_sharing_enabled":true,"_links":{"self":[{"href":"https:\/\/dse-deutschland.de\/Shop_Schilder\/wp-json\/wp\/v2\/product\/9389","targetHints":{"allow":["GET"]}}],"collection":[{"href":"https:\/\/dse-deutschland.de\/Shop_Schilder\/wp-json\/wp\/v2\/product"}],"about":[{"href":"https:\/\/dse-deutschland.de\/Shop_Schilder\/wp-json\/wp\/v2\/types\/product"}],"wp:featuredmedia":[{"embeddable":true,"href":"https:\/\/dse-deutschland.de\/Shop_Schilder\/wp-json\/wp\/v2\/media\/1322"}],"wp:attachment":[{"href":"https:\/\/dse-deutschland.de\/Shop_Schilder\/wp-json\/wp\/v2\/media?parent=9389"}],"wp:term":[{"taxonomy":"product_brand","embeddable":true,"href":"https:\/\/dse-deutschland.de\/Shop_Schilder\/wp-json\/wp\/v2\/product_brand?post=9389"},{"taxonomy":"product_cat","embeddable":true,"href":"https:\/\/dse-deutschland.de\/Shop_Schilder\/wp-json\/wp\/v2\/product_cat?post=9389"},{"taxonomy":"product_tag","embeddable":true,"href":"https:\/\/dse-deutschland.de\/Shop_Schilder\/wp-json\/wp\/v2\/product_tag?post=9389"}],"curies":[{"name":"wp","href":"https:\/\/api.w.org\/{rel}","templated":true}]}}