{"id":9385,"date":"2018-06-19T15:11:32","date_gmt":"2018-06-19T13:11:32","guid":{"rendered":"http:\/\/dse-dueren.de\/Shop_Schilder\/produkt\/erste-hilfe-schild-augenspueleinrichtung-4\/"},"modified":"2022-12-16T14:20:40","modified_gmt":"2022-12-16T13:20:40","slug":"erste-hilfe-schild-augenspueleinrichtung-4","status":"publish","type":"product","link":"https:\/\/dse-deutschland.de\/Shop_Schilder\/produkt\/erste-hilfe-schild-augenspueleinrichtung-4\/","title":{"rendered":"Erste-Hilfe-Schild Augensp\u00fcleinrichtung"},"content":{"rendered":"<p>Erste-Hilfe-Schild Augensp\u00fcleinrichtung  Gr\u00f6\u00dfe (BxH): 15,0 x 15,0 cm DIN EN ISO 7010 E011<\/p>\n","protected":false},"excerpt":{"rendered":"<p>Erste-Hilfe-Schild Augensp\u00fcleinrichtung Gr\u00f6\u00dfe (BxH): 15,0 x 15,0 cm DIN EN ISO 7010 E011<\/p>\n","protected":false},"featured_media":1555,"template":"","meta":[],"product_brand":[],"product_cat":[101],"product_tag":[],"class_list":{"0":"post-9385","1":"product","2":"type-product","3":"status-publish","4":"has-post-thumbnail","6":"product_cat-erste-hilfe","8":"first","9":"instock","10":"taxable","11":"shipping-taxable","12":"purchasable","13":"product-type-simple"},"jetpack_sharing_enabled":true,"_links":{"self":[{"href":"https:\/\/dse-deutschland.de\/Shop_Schilder\/wp-json\/wp\/v2\/product\/9385","targetHints":{"allow":["GET"]}}],"collection":[{"href":"https:\/\/dse-deutschland.de\/Shop_Schilder\/wp-json\/wp\/v2\/product"}],"about":[{"href":"https:\/\/dse-deutschland.de\/Shop_Schilder\/wp-json\/wp\/v2\/types\/product"}],"wp:featuredmedia":[{"embeddable":true,"href":"https:\/\/dse-deutschland.de\/Shop_Schilder\/wp-json\/wp\/v2\/media\/1555"}],"wp:attachment":[{"href":"https:\/\/dse-deutschland.de\/Shop_Schilder\/wp-json\/wp\/v2\/media?parent=9385"}],"wp:term":[{"taxonomy":"product_brand","embeddable":true,"href":"https:\/\/dse-deutschland.de\/Shop_Schilder\/wp-json\/wp\/v2\/product_brand?post=9385"},{"taxonomy":"product_cat","embeddable":true,"href":"https:\/\/dse-deutschland.de\/Shop_Schilder\/wp-json\/wp\/v2\/product_cat?post=9385"},{"taxonomy":"product_tag","embeddable":true,"href":"https:\/\/dse-deutschland.de\/Shop_Schilder\/wp-json\/wp\/v2\/product_tag?post=9385"}],"curies":[{"name":"wp","href":"https:\/\/api.w.org\/{rel}","templated":true}]}}