{"id":9333,"date":"2018-06-19T15:10:04","date_gmt":"2018-06-19T13:10:04","guid":{"rendered":"http:\/\/dse-dueren.de\/Shop_Schilder\/produkt\/erste-hilfe-schild-winkel-langnachleuchtend-erste-hilfe-groesse-der-erste-hilfezeichen-200-x-200-cm\/"},"modified":"2022-12-16T14:20:17","modified_gmt":"2022-12-16T13:20:17","slug":"erste-hilfe-schild-winkel-langnachleuchtend-erste-hilfe-groesse-der-erste-hilfezeichen-200-x-200-cm","status":"publish","type":"product","link":"https:\/\/dse-deutschland.de\/Shop_Schilder\/produkt\/erste-hilfe-schild-winkel-langnachleuchtend-erste-hilfe-groesse-der-erste-hilfezeichen-200-x-200-cm\/","title":{"rendered":"Erste-Hilfe-Schild &#8211; Winkel &#8211; langnachleuchtend Erste Hilfe Gr\u00f6\u00dfe der Erste-Hilfezeichen: 20,0 x 20,0 cm"},"content":{"rendered":"<p>Erste-Hilfe-Schild &#8211; Winkel &#8211; langnachleuchtend Erste Hilfe Gr\u00f6\u00dfe der Erste-Hilfezeichen: 20,0 x 20,0 cm Gr\u00f6\u00dfe (BxHxT): 35,0 x 20,0 x 14,0 cm DIN EN ISO 7010 E003 DIN 67510-4, Klasse C<\/p>\n","protected":false},"excerpt":{"rendered":"<p>Erste-Hilfe-Schild &#8211; Winkel &#8211; langnachleuchtend Erste Hilfe Gr\u00f6\u00dfe der Erste-Hilfezeichen: 20,0 x 20,0 cm Gr\u00f6\u00dfe (BxHxT): 35,0 x 20,0 x 14,0 cm DIN EN ISO 7010 E003 DIN 67510-4, Klasse C<\/p>\n","protected":false},"featured_media":1537,"template":"","meta":[],"product_brand":[],"product_cat":[101],"product_tag":[],"class_list":{"0":"post-9333","1":"product","2":"type-product","3":"status-publish","4":"has-post-thumbnail","6":"product_cat-erste-hilfe","8":"first","9":"instock","10":"taxable","11":"shipping-taxable","12":"purchasable","13":"product-type-simple"},"jetpack_sharing_enabled":true,"_links":{"self":[{"href":"https:\/\/dse-deutschland.de\/Shop_Schilder\/wp-json\/wp\/v2\/product\/9333","targetHints":{"allow":["GET"]}}],"collection":[{"href":"https:\/\/dse-deutschland.de\/Shop_Schilder\/wp-json\/wp\/v2\/product"}],"about":[{"href":"https:\/\/dse-deutschland.de\/Shop_Schilder\/wp-json\/wp\/v2\/types\/product"}],"wp:featuredmedia":[{"embeddable":true,"href":"https:\/\/dse-deutschland.de\/Shop_Schilder\/wp-json\/wp\/v2\/media\/1537"}],"wp:attachment":[{"href":"https:\/\/dse-deutschland.de\/Shop_Schilder\/wp-json\/wp\/v2\/media?parent=9333"}],"wp:term":[{"taxonomy":"product_brand","embeddable":true,"href":"https:\/\/dse-deutschland.de\/Shop_Schilder\/wp-json\/wp\/v2\/product_brand?post=9333"},{"taxonomy":"product_cat","embeddable":true,"href":"https:\/\/dse-deutschland.de\/Shop_Schilder\/wp-json\/wp\/v2\/product_cat?post=9333"},{"taxonomy":"product_tag","embeddable":true,"href":"https:\/\/dse-deutschland.de\/Shop_Schilder\/wp-json\/wp\/v2\/product_tag?post=9333"}],"curies":[{"name":"wp","href":"https:\/\/api.w.org\/{rel}","templated":true}]}}