{"id":9320,"date":"2018-06-19T15:10:01","date_gmt":"2018-06-19T13:10:01","guid":{"rendered":"http:\/\/dse-dueren.de\/Shop_Schilder\/produkt\/fluchtweg-zusatzschild-langnachleuchtend-notausgang-3\/"},"modified":"2022-12-16T14:20:09","modified_gmt":"2022-12-16T13:20:09","slug":"fluchtweg-zusatzschild-langnachleuchtend-notausgang-3","status":"publish","type":"product","link":"https:\/\/dse-deutschland.de\/Shop_Schilder\/produkt\/fluchtweg-zusatzschild-langnachleuchtend-notausgang-3\/","title":{"rendered":"Fluchtweg &#8211; Zusatzschild- langnachleuchtend Notausgang"},"content":{"rendered":"<p>Fluchtweg &#8211; Zusatzschild- langnachleuchtend Notausgang Gr\u00f6\u00dfe (BxH): 30,0 x 10,5 cm DIN 67510-4, Klasse C<\/p>\n<p>&nbsp;<\/p>\n<p>r\u00f6\u00dfe B x H in cm<br \/>\n30,0 x 10,5<br \/>\nMaterial<br \/>\nFolie langnachleuchtend<\/p>\n<p>Material:<br \/>\nSafetyMarking langnachleuchtend HI 150 Folien-Produkte<br \/>\nHochwertige Selbstklebefolie, 0,1 mm stark, langnachleuchtend beschichtet. Leuchtdichte (150\/22\/2100)<br \/>\n35 Stunden Leuchtkraft.<br \/>\nWitterungsbest\u00e4ndig<br \/>\nnein<br \/>\nTemperaturbest\u00e4ndig in \u00b0C<br \/>\n-30 bis +120<br \/>\nNachtr\u00e4glich beschriftbar<br \/>\n&#8212;<\/p>\n<p>Bestell-Nr.: 380.0099<\/p>\n","protected":false},"excerpt":{"rendered":"<p>Fluchtweg &#8211; Zusatzschild- langnachleuchtend Notausgang Gr\u00f6\u00dfe (BxH): 30,0 x 10,5 cm DIN 67510-4, Klasse C &nbsp; r\u00f6\u00dfe B x H in cm 30,0 x 10,5 Material Folie langnachleuchtend Material: SafetyMarking langnachleuchtend HI 150 Folien-Produkte Hochwertige Selbstklebefolie, 0,1 mm stark, langnachleuchtend beschichtet. Leuchtdichte (150\/22\/2100) 35 Stunden Leuchtkraft. Witterungsbest\u00e4ndig nein Temperaturbest\u00e4ndig in \u00b0C -30 bis +120 Nachtr\u00e4glich [&hellip;]<\/p>\n","protected":false},"featured_media":1468,"template":"","meta":[],"product_brand":[],"product_cat":[99],"product_tag":[],"class_list":{"0":"post-9320","1":"product","2":"type-product","3":"status-publish","4":"has-post-thumbnail","6":"product_cat-fluchtwege","8":"first","9":"instock","10":"taxable","11":"shipping-taxable","12":"purchasable","13":"product-type-simple"},"jetpack_sharing_enabled":true,"_links":{"self":[{"href":"https:\/\/dse-deutschland.de\/Shop_Schilder\/wp-json\/wp\/v2\/product\/9320","targetHints":{"allow":["GET"]}}],"collection":[{"href":"https:\/\/dse-deutschland.de\/Shop_Schilder\/wp-json\/wp\/v2\/product"}],"about":[{"href":"https:\/\/dse-deutschland.de\/Shop_Schilder\/wp-json\/wp\/v2\/types\/product"}],"wp:featuredmedia":[{"embeddable":true,"href":"https:\/\/dse-deutschland.de\/Shop_Schilder\/wp-json\/wp\/v2\/media\/1468"}],"wp:attachment":[{"href":"https:\/\/dse-deutschland.de\/Shop_Schilder\/wp-json\/wp\/v2\/media?parent=9320"}],"wp:term":[{"taxonomy":"product_brand","embeddable":true,"href":"https:\/\/dse-deutschland.de\/Shop_Schilder\/wp-json\/wp\/v2\/product_brand?post=9320"},{"taxonomy":"product_cat","embeddable":true,"href":"https:\/\/dse-deutschland.de\/Shop_Schilder\/wp-json\/wp\/v2\/product_cat?post=9320"},{"taxonomy":"product_tag","embeddable":true,"href":"https:\/\/dse-deutschland.de\/Shop_Schilder\/wp-json\/wp\/v2\/product_tag?post=9320"}],"curies":[{"name":"wp","href":"https:\/\/api.w.org\/{rel}","templated":true}]}}