{"id":9317,"date":"2018-06-19T15:09:34","date_gmt":"2018-06-19T13:09:34","guid":{"rendered":"http:\/\/dse-dueren.de\/Shop_Schilder\/produkt\/fluchtweg-zusatzschild-langnachleuchtend-notausgang-2\/"},"modified":"2022-12-16T14:20:09","modified_gmt":"2022-12-16T13:20:09","slug":"fluchtweg-zusatzschild-langnachleuchtend-notausgang-2","status":"publish","type":"product","link":"https:\/\/dse-deutschland.de\/Shop_Schilder\/produkt\/fluchtweg-zusatzschild-langnachleuchtend-notausgang-2\/","title":{"rendered":"Fluchtweg &#8211; Zusatzschild- langnachleuchtend Notausgang"},"content":{"rendered":"<p>Fluchtweg &#8211; Zusatzschild- langnachleuchtend Notausgang Gr\u00f6\u00dfe (BxH): 40,0 x 14,0 cm DIN 67510-4, Klasse C<\/p>\n<p>Gr\u00f6\u00dfe B x H in cm<br \/>\n40,0 x 14,0<br \/>\nMaterial<br \/>\nAlu langnachleuchtend<\/p>\n<p>Material:<br \/>\nSafetyMarking langnachleuchtend HI 150 Alu<br \/>\nAluminium 0,2 mm bzw. 1,5 mm stark, langnachleuchtend beschichtet. Leuchtdichte (150\/22\/2100)<br \/>\n35 Stunden Leuchtkraft.<br \/>\nWitterungsbest\u00e4ndig<br \/>\nbedingt<br \/>\nTemperaturbest\u00e4ndig in \u00b0C<br \/>\n-30 bis +135<br \/>\nNachtr\u00e4glich beschriftbar<br \/>\n&#8212;<\/p>\n<p>Bestell-Nr.: 150.0100<\/p>\n","protected":false},"excerpt":{"rendered":"<p>Fluchtweg &#8211; Zusatzschild- langnachleuchtend Notausgang Gr\u00f6\u00dfe (BxH): 40,0 x 14,0 cm DIN 67510-4, Klasse C Gr\u00f6\u00dfe B x H in cm 40,0 x 14,0 Material Alu langnachleuchtend Material: SafetyMarking langnachleuchtend HI 150 Alu Aluminium 0,2 mm bzw. 1,5 mm stark, langnachleuchtend beschichtet. Leuchtdichte (150\/22\/2100) 35 Stunden Leuchtkraft. Witterungsbest\u00e4ndig bedingt Temperaturbest\u00e4ndig in \u00b0C -30 bis +135 [&hellip;]<\/p>\n","protected":false},"featured_media":1468,"template":"","meta":[],"product_brand":[],"product_cat":[99],"product_tag":[],"class_list":{"0":"post-9317","1":"product","2":"type-product","3":"status-publish","4":"has-post-thumbnail","6":"product_cat-fluchtwege","8":"first","9":"instock","10":"taxable","11":"shipping-taxable","12":"purchasable","13":"product-type-simple"},"jetpack_sharing_enabled":true,"_links":{"self":[{"href":"https:\/\/dse-deutschland.de\/Shop_Schilder\/wp-json\/wp\/v2\/product\/9317","targetHints":{"allow":["GET"]}}],"collection":[{"href":"https:\/\/dse-deutschland.de\/Shop_Schilder\/wp-json\/wp\/v2\/product"}],"about":[{"href":"https:\/\/dse-deutschland.de\/Shop_Schilder\/wp-json\/wp\/v2\/types\/product"}],"wp:featuredmedia":[{"embeddable":true,"href":"https:\/\/dse-deutschland.de\/Shop_Schilder\/wp-json\/wp\/v2\/media\/1468"}],"wp:attachment":[{"href":"https:\/\/dse-deutschland.de\/Shop_Schilder\/wp-json\/wp\/v2\/media?parent=9317"}],"wp:term":[{"taxonomy":"product_brand","embeddable":true,"href":"https:\/\/dse-deutschland.de\/Shop_Schilder\/wp-json\/wp\/v2\/product_brand?post=9317"},{"taxonomy":"product_cat","embeddable":true,"href":"https:\/\/dse-deutschland.de\/Shop_Schilder\/wp-json\/wp\/v2\/product_cat?post=9317"},{"taxonomy":"product_tag","embeddable":true,"href":"https:\/\/dse-deutschland.de\/Shop_Schilder\/wp-json\/wp\/v2\/product_tag?post=9317"}],"curies":[{"name":"wp","href":"https:\/\/api.w.org\/{rel}","templated":true}]}}