{"id":9310,"date":"2018-06-19T15:09:00","date_gmt":"2018-06-19T13:09:00","guid":{"rendered":"http:\/\/dse-dueren.de\/Shop_Schilder\/produkt\/fluchtwegschild-langnachleuchtend-notausgang-rechts-kombischild-ohne-mittlere-lichtkante-3\/"},"modified":"2022-12-16T14:20:04","modified_gmt":"2022-12-16T13:20:04","slug":"fluchtwegschild-langnachleuchtend-notausgang-rechts-kombischild-ohne-mittlere-lichtkante-3","status":"publish","type":"product","link":"https:\/\/dse-deutschland.de\/Shop_Schilder\/produkt\/fluchtwegschild-langnachleuchtend-notausgang-rechts-kombischild-ohne-mittlere-lichtkante-3\/","title":{"rendered":"Fluchtwegschild &#8211; langnachleuchtend Notausgang rechts, (Kombischild) ohne mittlere Lichtkante"},"content":{"rendered":"<p>Fluchtwegschild &#8211; langnachleuchtend Notausgang rechts, (Kombischild) ohne mittlere Lichtkante Gr\u00f6\u00dfe (BxH): 30,0 x 15,0 cm DIN ISO 7010 E002 + Zusatzzeichen DIN 67510-4, Klasse C<\/p>\n<p>Gr\u00f6\u00dfe B x H in cm<br \/>\n30,0 x 15,0<br \/>\nMaterial<br \/>\nFolie langnachleuchtend<br \/>\nNorm<br \/>\nDIN ISO 7010 E002 + Zusatzzeichen<br \/>\nVorschrift<br \/>\nASR A1.3 E002 Zusatzzeichen<\/p>\n<p>Notausgang rechts, (Kombischild)<\/p>\n<p>DIN 6750-4, Klasse C<br \/>\nNorm DIN EN ISO 7010 E002 + Zusatzzeichen<br \/>\nASR 1.3 E002 + Zusatzzeichen Richtungspfeil<br \/>\nMaterial:<br \/>\nSafetyMarking langnachleuchtend HI 150 Folien-Produkte<br \/>\nHochwertige Selbstklebefolie, 0,1 mm stark, langnachleuchtend beschichtet. Leuchtdichte (150\/22\/2100)<br \/>\n35 Stunden Leuchtkraft.<br \/>\nWitterungsbest\u00e4ndig<br \/>\nnein<br \/>\nTemperaturbest\u00e4ndig in \u00b0C<br \/>\n-30 bis +120<br \/>\nNachtr\u00e4glich beschriftbar<br \/>\n&#8212;<\/p>\n<p>Bestell-Nr.: 380.A1060<\/p>\n","protected":false},"excerpt":{"rendered":"<p>Fluchtwegschild &#8211; langnachleuchtend Notausgang rechts, (Kombischild) ohne mittlere Lichtkante Gr\u00f6\u00dfe (BxH): 30,0 x 15,0 cm DIN ISO 7010 E002 + Zusatzzeichen DIN 67510-4, Klasse C Gr\u00f6\u00dfe B x H in cm 30,0 x 15,0 Material Folie langnachleuchtend Norm DIN ISO 7010 E002 + Zusatzzeichen Vorschrift ASR A1.3 E002 Zusatzzeichen Notausgang rechts, (Kombischild) DIN 6750-4, Klasse [&hellip;]<\/p>\n","protected":false},"featured_media":1441,"template":"","meta":[],"product_brand":[],"product_cat":[99],"product_tag":[],"class_list":{"0":"post-9310","1":"product","2":"type-product","3":"status-publish","4":"has-post-thumbnail","6":"product_cat-fluchtwege","8":"first","9":"instock","10":"taxable","11":"shipping-taxable","12":"purchasable","13":"product-type-simple"},"jetpack_sharing_enabled":true,"_links":{"self":[{"href":"https:\/\/dse-deutschland.de\/Shop_Schilder\/wp-json\/wp\/v2\/product\/9310","targetHints":{"allow":["GET"]}}],"collection":[{"href":"https:\/\/dse-deutschland.de\/Shop_Schilder\/wp-json\/wp\/v2\/product"}],"about":[{"href":"https:\/\/dse-deutschland.de\/Shop_Schilder\/wp-json\/wp\/v2\/types\/product"}],"wp:featuredmedia":[{"embeddable":true,"href":"https:\/\/dse-deutschland.de\/Shop_Schilder\/wp-json\/wp\/v2\/media\/1441"}],"wp:attachment":[{"href":"https:\/\/dse-deutschland.de\/Shop_Schilder\/wp-json\/wp\/v2\/media?parent=9310"}],"wp:term":[{"taxonomy":"product_brand","embeddable":true,"href":"https:\/\/dse-deutschland.de\/Shop_Schilder\/wp-json\/wp\/v2\/product_brand?post=9310"},{"taxonomy":"product_cat","embeddable":true,"href":"https:\/\/dse-deutschland.de\/Shop_Schilder\/wp-json\/wp\/v2\/product_cat?post=9310"},{"taxonomy":"product_tag","embeddable":true,"href":"https:\/\/dse-deutschland.de\/Shop_Schilder\/wp-json\/wp\/v2\/product_tag?post=9310"}],"curies":[{"name":"wp","href":"https:\/\/api.w.org\/{rel}","templated":true}]}}