{"id":9263,"date":"2018-06-19T15:08:15","date_gmt":"2018-06-19T13:08:15","guid":{"rendered":"http:\/\/dse-dueren.de\/Shop_Schilder\/produkt\/fluchtwegschild-langnachleuchtend-tuer-oeffnet-durch-ziehen-auf-der-rechten-seite\/"},"modified":"2022-12-16T14:19:41","modified_gmt":"2022-12-16T13:19:41","slug":"fluchtwegschild-langnachleuchtend-tuer-oeffnet-durch-ziehen-auf-der-rechten-seite","status":"publish","type":"product","link":"https:\/\/dse-deutschland.de\/Shop_Schilder\/produkt\/fluchtwegschild-langnachleuchtend-tuer-oeffnet-durch-ziehen-auf-der-rechten-seite\/","title":{"rendered":"Fluchtwegschild &#8211; langnachleuchtend T\u00fcr \u00f6ffnet durch Ziehen auf der rechten Seite"},"content":{"rendered":"<p>Fluchtwegschild &#8211; langnachleuchtend T\u00fcr \u00f6ffnet durch Ziehen auf der rechten Seite  Gr\u00f6\u00dfe (BxH): 10,0 x 10,0 cm DIN EN ISO 7010 E058 DIN 67510-4, Klasse C<\/p>\n","protected":false},"excerpt":{"rendered":"<p>Fluchtwegschild &#8211; langnachleuchtend T\u00fcr \u00f6ffnet durch Ziehen auf der rechten Seite Gr\u00f6\u00dfe (BxH): 10,0 x 10,0 cm DIN EN ISO 7010 E058 DIN 67510-4, Klasse C<\/p>\n","protected":false},"featured_media":1406,"template":"","meta":[],"product_brand":[],"product_cat":[99],"product_tag":[],"class_list":{"0":"post-9263","1":"product","2":"type-product","3":"status-publish","4":"has-post-thumbnail","6":"product_cat-fluchtwege","8":"first","9":"instock","10":"taxable","11":"shipping-taxable","12":"purchasable","13":"product-type-simple"},"jetpack_sharing_enabled":true,"_links":{"self":[{"href":"https:\/\/dse-deutschland.de\/Shop_Schilder\/wp-json\/wp\/v2\/product\/9263","targetHints":{"allow":["GET"]}}],"collection":[{"href":"https:\/\/dse-deutschland.de\/Shop_Schilder\/wp-json\/wp\/v2\/product"}],"about":[{"href":"https:\/\/dse-deutschland.de\/Shop_Schilder\/wp-json\/wp\/v2\/types\/product"}],"wp:featuredmedia":[{"embeddable":true,"href":"https:\/\/dse-deutschland.de\/Shop_Schilder\/wp-json\/wp\/v2\/media\/1406"}],"wp:attachment":[{"href":"https:\/\/dse-deutschland.de\/Shop_Schilder\/wp-json\/wp\/v2\/media?parent=9263"}],"wp:term":[{"taxonomy":"product_brand","embeddable":true,"href":"https:\/\/dse-deutschland.de\/Shop_Schilder\/wp-json\/wp\/v2\/product_brand?post=9263"},{"taxonomy":"product_cat","embeddable":true,"href":"https:\/\/dse-deutschland.de\/Shop_Schilder\/wp-json\/wp\/v2\/product_cat?post=9263"},{"taxonomy":"product_tag","embeddable":true,"href":"https:\/\/dse-deutschland.de\/Shop_Schilder\/wp-json\/wp\/v2\/product_tag?post=9263"}],"curies":[{"name":"wp","href":"https:\/\/api.w.org\/{rel}","templated":true}]}}