{"id":9258,"date":"2018-06-19T15:08:05","date_gmt":"2018-06-19T13:08:05","guid":{"rendered":"http:\/\/dse-dueren.de\/Shop_Schilder\/produkt\/fluchtwegschild-langnachleuchtend-oeffnung-durch-rechtsdrehung\/"},"modified":"2022-12-16T14:19:38","modified_gmt":"2022-12-16T13:19:38","slug":"fluchtwegschild-langnachleuchtend-oeffnung-durch-rechtsdrehung","status":"publish","type":"product","link":"https:\/\/dse-deutschland.de\/Shop_Schilder\/produkt\/fluchtwegschild-langnachleuchtend-oeffnung-durch-rechtsdrehung\/","title":{"rendered":"Fluchtwegschild &#8211; langnachleuchtend \u00d6ffnung durch Rechtsdrehung"},"content":{"rendered":"<p>Fluchtwegschild &#8211; langnachleuchtend \u00d6ffnung durch Rechtsdrehung  Gr\u00f6\u00dfe (BxH): 10,0 x 10,0 cm DIN EN ISO 7010 E019 DIN 67510-4, Klasse C<\/p>\n","protected":false},"excerpt":{"rendered":"<p>Fluchtwegschild &#8211; langnachleuchtend \u00d6ffnung durch Rechtsdrehung Gr\u00f6\u00dfe (BxH): 10,0 x 10,0 cm DIN EN ISO 7010 E019 DIN 67510-4, Klasse C<\/p>\n","protected":false},"featured_media":1398,"template":"","meta":[],"product_brand":[],"product_cat":[99],"product_tag":[],"class_list":{"0":"post-9258","1":"product","2":"type-product","3":"status-publish","4":"has-post-thumbnail","6":"product_cat-fluchtwege","8":"first","9":"instock","10":"taxable","11":"shipping-taxable","12":"purchasable","13":"product-type-simple"},"jetpack_sharing_enabled":true,"_links":{"self":[{"href":"https:\/\/dse-deutschland.de\/Shop_Schilder\/wp-json\/wp\/v2\/product\/9258","targetHints":{"allow":["GET"]}}],"collection":[{"href":"https:\/\/dse-deutschland.de\/Shop_Schilder\/wp-json\/wp\/v2\/product"}],"about":[{"href":"https:\/\/dse-deutschland.de\/Shop_Schilder\/wp-json\/wp\/v2\/types\/product"}],"wp:featuredmedia":[{"embeddable":true,"href":"https:\/\/dse-deutschland.de\/Shop_Schilder\/wp-json\/wp\/v2\/media\/1398"}],"wp:attachment":[{"href":"https:\/\/dse-deutschland.de\/Shop_Schilder\/wp-json\/wp\/v2\/media?parent=9258"}],"wp:term":[{"taxonomy":"product_brand","embeddable":true,"href":"https:\/\/dse-deutschland.de\/Shop_Schilder\/wp-json\/wp\/v2\/product_brand?post=9258"},{"taxonomy":"product_cat","embeddable":true,"href":"https:\/\/dse-deutschland.de\/Shop_Schilder\/wp-json\/wp\/v2\/product_cat?post=9258"},{"taxonomy":"product_tag","embeddable":true,"href":"https:\/\/dse-deutschland.de\/Shop_Schilder\/wp-json\/wp\/v2\/product_tag?post=9258"}],"curies":[{"name":"wp","href":"https:\/\/api.w.org\/{rel}","templated":true}]}}