{"id":9233,"date":"2018-06-19T15:07:42","date_gmt":"2018-06-19T13:07:42","guid":{"rendered":"http:\/\/dse-dueren.de\/Shop_Schilder\/produkt\/fluchtwegschild-langnachleuchtend-notausgang-rechts-mit-zusatzzeichen-richtungsangabe-rechts-abwaerts\/"},"modified":"2022-12-16T14:19:25","modified_gmt":"2022-12-16T13:19:25","slug":"fluchtwegschild-langnachleuchtend-notausgang-rechts-mit-zusatzzeichen-richtungsangabe-rechts-abwaerts","status":"publish","type":"product","link":"https:\/\/dse-deutschland.de\/Shop_Schilder\/produkt\/fluchtwegschild-langnachleuchtend-notausgang-rechts-mit-zusatzzeichen-richtungsangabe-rechts-abwaerts\/","title":{"rendered":"Fluchtwegschild &#8211; langnachleuchtend Notausgang rechts mit Zusatzzeichen: Richtungsangabe rechts abw\u00e4rts"},"content":{"rendered":"<p>Fluchtwegschild &#8211; langnachleuchtend Notausgang rechts mit Zusatzzeichen: Richtungsangabe rechts abw\u00e4rts Gr\u00f6\u00dfe (BxH): 30,0 x 15,0 cm DIN EN ISO 7010 E002 + Zusatzzeichen DIN 67510-4, Klasse C<\/p>\n","protected":false},"excerpt":{"rendered":"<p>Fluchtwegschild &#8211; langnachleuchtend Notausgang rechts mit Zusatzzeichen: Richtungsangabe rechts abw\u00e4rts Gr\u00f6\u00dfe (BxH): 30,0 x 15,0 cm DIN EN ISO 7010 E002 + Zusatzzeichen DIN 67510-4, Klasse C<\/p>\n","protected":false},"featured_media":1364,"template":"","meta":[],"product_brand":[],"product_cat":[99],"product_tag":[],"class_list":{"0":"post-9233","1":"product","2":"type-product","3":"status-publish","4":"has-post-thumbnail","6":"product_cat-fluchtwege","8":"first","9":"instock","10":"taxable","11":"shipping-taxable","12":"purchasable","13":"product-type-simple"},"jetpack_sharing_enabled":true,"_links":{"self":[{"href":"https:\/\/dse-deutschland.de\/Shop_Schilder\/wp-json\/wp\/v2\/product\/9233","targetHints":{"allow":["GET"]}}],"collection":[{"href":"https:\/\/dse-deutschland.de\/Shop_Schilder\/wp-json\/wp\/v2\/product"}],"about":[{"href":"https:\/\/dse-deutschland.de\/Shop_Schilder\/wp-json\/wp\/v2\/types\/product"}],"wp:featuredmedia":[{"embeddable":true,"href":"https:\/\/dse-deutschland.de\/Shop_Schilder\/wp-json\/wp\/v2\/media\/1364"}],"wp:attachment":[{"href":"https:\/\/dse-deutschland.de\/Shop_Schilder\/wp-json\/wp\/v2\/media?parent=9233"}],"wp:term":[{"taxonomy":"product_brand","embeddable":true,"href":"https:\/\/dse-deutschland.de\/Shop_Schilder\/wp-json\/wp\/v2\/product_brand?post=9233"},{"taxonomy":"product_cat","embeddable":true,"href":"https:\/\/dse-deutschland.de\/Shop_Schilder\/wp-json\/wp\/v2\/product_cat?post=9233"},{"taxonomy":"product_tag","embeddable":true,"href":"https:\/\/dse-deutschland.de\/Shop_Schilder\/wp-json\/wp\/v2\/product_tag?post=9233"}],"curies":[{"name":"wp","href":"https:\/\/api.w.org\/{rel}","templated":true}]}}