{"id":12832,"date":"2018-06-20T09:06:51","date_gmt":"2018-06-20T07:06:51","guid":{"rendered":"http:\/\/dse-dueren.de\/Shop_Schilder\/produkt\/parkplatzschild-pacific-gewoelbt-blau-aehnlich-ral-5005-weiss-mit-max-10-zeichen-text-nach-wahl-3\/"},"modified":"2022-12-16T14:43:04","modified_gmt":"2022-12-16T13:43:04","slug":"parkplatzschild-pacific-gewoelbt-blau-aehnlich-ral-5005-weiss-mit-max-10-zeichen-text-nach-wahl-3","status":"publish","type":"product","link":"https:\/\/dse-deutschland.de\/Shop_Schilder\/produkt\/parkplatzschild-pacific-gewoelbt-blau-aehnlich-ral-5005-weiss-mit-max-10-zeichen-text-nach-wahl-3\/","title":{"rendered":"Parkplatzschild Pacific gew\u00f6lbt, blau (\u00e4hnlich RAL 5005)\/wei\u00df mit max. 10 Zeichen Text nach Wahl"},"content":{"rendered":"<p>Parkplatzschild Pacific gew\u00f6lbt, blau (\u00e4hnlich RAL 5005)\/wei\u00df mit max. 10 Zeichen Text nach Wahl Ma\u00dfe &#8211; Schild: 450 x 450 x 2 mm, Pfosten: Durchm: 45 mm, H: 950 mm<\/p>\n<p>&nbsp;<\/p>\n<p>Ausf\u00fchrung<br \/>\nAufstellpfosten<br \/>\nGr\u00f6\u00dfe B x H in cm<br \/>\n45 x 45 cm<br \/>\nText<br \/>\nText nach Wahl<\/p>\n<p>Parkplatzschilder Pfosten (gew\u00f6lbt) nach Wahl<\/p>\n<p>Pfostenh\u00f6he: 80 cm<br \/>\nPfostendurchmesser: 4,5 cm<br \/>\nMontagematerial f\u00fcr die Befestigung des Pfostens ist nicht im Lieferumfang enthalten<\/p>\n<p>Bestell-Nr.: MO1925<\/p>\n<p>&nbsp;<\/p>\n","protected":false},"excerpt":{"rendered":"<p>Parkplatzschild Pacific gew\u00f6lbt, blau (\u00e4hnlich RAL 5005)\/wei\u00df mit max. 10 Zeichen Text nach Wahl Ma\u00dfe &#8211; Schild: 450 x 450 x 2 mm, Pfosten: Durchm: 45 mm, H: 950 mm &nbsp; Ausf\u00fchrung Aufstellpfosten Gr\u00f6\u00dfe B x H in cm 45 x 45 cm Text Text nach Wahl Parkplatzschilder Pfosten (gew\u00f6lbt) nach Wahl Pfostenh\u00f6he: 80 cm [&hellip;]<\/p>\n","protected":false},"featured_media":12830,"template":"","meta":[],"product_brand":[],"product_cat":[70],"product_tag":[],"class_list":{"0":"post-12832","1":"product","2":"type-product","3":"status-publish","4":"has-post-thumbnail","6":"product_cat-parkplatzschilder","8":"first","9":"instock","10":"taxable","11":"shipping-taxable","12":"purchasable","13":"product-type-simple"},"jetpack_sharing_enabled":true,"_links":{"self":[{"href":"https:\/\/dse-deutschland.de\/Shop_Schilder\/wp-json\/wp\/v2\/product\/12832","targetHints":{"allow":["GET"]}}],"collection":[{"href":"https:\/\/dse-deutschland.de\/Shop_Schilder\/wp-json\/wp\/v2\/product"}],"about":[{"href":"https:\/\/dse-deutschland.de\/Shop_Schilder\/wp-json\/wp\/v2\/types\/product"}],"wp:featuredmedia":[{"embeddable":true,"href":"https:\/\/dse-deutschland.de\/Shop_Schilder\/wp-json\/wp\/v2\/media\/12830"}],"wp:attachment":[{"href":"https:\/\/dse-deutschland.de\/Shop_Schilder\/wp-json\/wp\/v2\/media?parent=12832"}],"wp:term":[{"taxonomy":"product_brand","embeddable":true,"href":"https:\/\/dse-deutschland.de\/Shop_Schilder\/wp-json\/wp\/v2\/product_brand?post=12832"},{"taxonomy":"product_cat","embeddable":true,"href":"https:\/\/dse-deutschland.de\/Shop_Schilder\/wp-json\/wp\/v2\/product_cat?post=12832"},{"taxonomy":"product_tag","embeddable":true,"href":"https:\/\/dse-deutschland.de\/Shop_Schilder\/wp-json\/wp\/v2\/product_tag?post=12832"}],"curies":[{"name":"wp","href":"https:\/\/api.w.org\/{rel}","templated":true}]}}