{"id":12826,"date":"2018-06-20T09:06:49","date_gmt":"2018-06-20T07:06:49","guid":{"rendered":"http:\/\/dse-dueren.de\/Shop_Schilder\/produkt\/compass-leitsystem-flach-doppelseitig-beschriftbar-paneelgroesse-400-x-1250-cm\/"},"modified":"2022-12-16T14:43:03","modified_gmt":"2022-12-16T13:43:03","slug":"compass-leitsystem-flach-doppelseitig-beschriftbar-paneelgroesse-400-x-1250-cm","status":"publish","type":"product","link":"https:\/\/dse-deutschland.de\/Shop_Schilder\/produkt\/compass-leitsystem-flach-doppelseitig-beschriftbar-paneelgroesse-400-x-1250-cm\/","title":{"rendered":"Compass Leitsystem, flach, doppelseitig beschriftbar Paneelgr\u00f6\u00dfe: 40,0 x 125,0 cm"},"content":{"rendered":"<p>Compass Leitsystem, flach, doppelseitig beschriftbar Paneelgr\u00f6\u00dfe: 40,0 x 125,0 cm Gr\u00f6\u00dfe (BxHxT): 139,0 x 90,0 x 2,5 cm<\/p>\n<p>&nbsp;<\/p>\n<p>r\u00f6\u00dfe B x H x T in cm<br \/>\n139,0 x 90,0 x 2,5<br \/>\nProduktserie<br \/>\nCompass<br \/>\nMaterial<br \/>\nAluminium<br \/>\nMaterial Halter<br \/>\nAluminium<br \/>\nFarbe<br \/>\ngrau<br \/>\nBreite [cm]<br \/>\n139<br \/>\nH\u00f6he [cm]<br \/>\n90<br \/>\nTiefe [cm]<br \/>\n25<br \/>\nPaneel Breite [cm]<br \/>\n125<br \/>\nPaneel H\u00f6he [cm]<br \/>\n40<br \/>\nBeschriftung<br \/>\nBedruckung<br \/>\nVerschluss<br \/>\nKlemmverschluss<br \/>\nEinsatzbereich<br \/>\nAu\u00dfenbereich<\/p>\n<p>Compass<\/p>\n<p>Das zeitlose Design vom Compass Leitsystem ist vielseitig einsetzbar und widersteht den h\u00e4rtesten Wetterbedingungen. Das schlichte und zeitlose Design des Aufstellers erm\u00f6glicht den Einsatz an fast allen Bereichen.<br \/>\nDie Paneel- und Pfostenfarbe ist grau (RAL7047).<\/p>\n<p>Bestell-Nr.: MO2850<\/p>\n<p>&nbsp;<\/p>\n","protected":false},"excerpt":{"rendered":"<p>Compass Leitsystem, flach, doppelseitig beschriftbar Paneelgr\u00f6\u00dfe: 40,0 x 125,0 cm Gr\u00f6\u00dfe (BxHxT): 139,0 x 90,0 x 2,5 cm &nbsp; r\u00f6\u00dfe B x H x T in cm 139,0 x 90,0 x 2,5 Produktserie Compass Material Aluminium Material Halter Aluminium Farbe grau Breite [cm] 139 H\u00f6he [cm] 90 Tiefe [cm] 25 Paneel Breite [cm] 125 Paneel [&hellip;]<\/p>\n","protected":false},"featured_media":12825,"template":"","meta":[],"product_brand":[],"product_cat":[201],"product_tag":[],"class_list":{"0":"post-12826","1":"product","2":"type-product","3":"status-publish","4":"has-post-thumbnail","6":"product_cat-monolith-basics-compass","8":"first","9":"instock","10":"taxable","11":"shipping-taxable","12":"purchasable","13":"product-type-simple"},"jetpack_sharing_enabled":true,"_links":{"self":[{"href":"https:\/\/dse-deutschland.de\/Shop_Schilder\/wp-json\/wp\/v2\/product\/12826","targetHints":{"allow":["GET"]}}],"collection":[{"href":"https:\/\/dse-deutschland.de\/Shop_Schilder\/wp-json\/wp\/v2\/product"}],"about":[{"href":"https:\/\/dse-deutschland.de\/Shop_Schilder\/wp-json\/wp\/v2\/types\/product"}],"wp:featuredmedia":[{"embeddable":true,"href":"https:\/\/dse-deutschland.de\/Shop_Schilder\/wp-json\/wp\/v2\/media\/12825"}],"wp:attachment":[{"href":"https:\/\/dse-deutschland.de\/Shop_Schilder\/wp-json\/wp\/v2\/media?parent=12826"}],"wp:term":[{"taxonomy":"product_brand","embeddable":true,"href":"https:\/\/dse-deutschland.de\/Shop_Schilder\/wp-json\/wp\/v2\/product_brand?post=12826"},{"taxonomy":"product_cat","embeddable":true,"href":"https:\/\/dse-deutschland.de\/Shop_Schilder\/wp-json\/wp\/v2\/product_cat?post=12826"},{"taxonomy":"product_tag","embeddable":true,"href":"https:\/\/dse-deutschland.de\/Shop_Schilder\/wp-json\/wp\/v2\/product_tag?post=12826"}],"curies":[{"name":"wp","href":"https:\/\/api.w.org\/{rel}","templated":true}]}}