{"id":12823,"date":"2018-06-20T09:06:48","date_gmt":"2018-06-20T07:06:48","guid":{"rendered":"http:\/\/dse-dueren.de\/Shop_Schilder\/produkt\/monolith-basic-monolith-flach-einteiliges-textpaneel-doppelseitig-beschriftbar-mit-2-pfosten-mit-tellerfuessen-zum-aufschrauben\/"},"modified":"2022-12-16T14:43:01","modified_gmt":"2022-12-16T13:43:01","slug":"monolith-basic-monolith-flach-einteiliges-textpaneel-doppelseitig-beschriftbar-mit-2-pfosten-mit-tellerfuessen-zum-aufschrauben","status":"publish","type":"product","link":"https:\/\/dse-deutschland.de\/Shop_Schilder\/produkt\/monolith-basic-monolith-flach-einteiliges-textpaneel-doppelseitig-beschriftbar-mit-2-pfosten-mit-tellerfuessen-zum-aufschrauben\/","title":{"rendered":"Monolith Basic Monolith, flach, einteiliges Textpaneel, doppelseitig beschriftbar mit 2 Pfosten mit Tellerf\u00fc\u00dfen zum Aufschrauben"},"content":{"rendered":"<p>Monolith Basic Monolith, flach, einteiliges Textpaneel, doppelseitig beschriftbar mit 2 Pfosten mit Tellerf\u00fc\u00dfen zum Aufschrauben Gr\u00f6\u00dfe (BxHxT): 84,0 x 200,0 x 4,5 cm<\/p>\n<p>Gr\u00f6\u00dfe B x H x T in cm<br \/>\n84,0 x 200,0 x 4,5<br \/>\nProduktserie<br \/>\nModulex Basic<br \/>\nMaterial<br \/>\nAluminium<br \/>\nFarbe<br \/>\ngrau<br \/>\nBreite [cm]<br \/>\n84<br \/>\nH\u00f6he [cm]<br \/>\n200<br \/>\nTiefe [cm]<br \/>\n4,5<br \/>\nBefestigungsart<br \/>\nzum Aufd\u00fcbeln<br \/>\nBeschriftung<br \/>\nBedruckung<br \/>\nEinsatzbereich<br \/>\nAu\u00dfenbereich<\/p>\n<p>Die Aluminium-Paneele (2mm) sind individuell beschriftbar, bitte fragen Sie an.<\/p>\n<p>Bestell-Nr.: MO1810<\/p>\n<p>&nbsp;<\/p>\n<p>&nbsp;<\/p>\n","protected":false},"excerpt":{"rendered":"<p>Monolith Basic Monolith, flach, einteiliges Textpaneel, doppelseitig beschriftbar mit 2 Pfosten mit Tellerf\u00fc\u00dfen zum Aufschrauben Gr\u00f6\u00dfe (BxHxT): 84,0 x 200,0 x 4,5 cm Gr\u00f6\u00dfe B x H x T in cm 84,0 x 200,0 x 4,5 Produktserie Modulex Basic Material Aluminium Farbe grau Breite [cm] 84 H\u00f6he [cm] 200 Tiefe [cm] 4,5 Befestigungsart zum Aufd\u00fcbeln [&hellip;]<\/p>\n","protected":false},"featured_media":12822,"template":"","meta":[],"product_brand":[],"product_cat":[201],"product_tag":[],"class_list":{"0":"post-12823","1":"product","2":"type-product","3":"status-publish","4":"has-post-thumbnail","6":"product_cat-monolith-basics-compass","8":"first","9":"instock","10":"taxable","11":"shipping-taxable","12":"purchasable","13":"product-type-simple"},"jetpack_sharing_enabled":true,"_links":{"self":[{"href":"https:\/\/dse-deutschland.de\/Shop_Schilder\/wp-json\/wp\/v2\/product\/12823","targetHints":{"allow":["GET"]}}],"collection":[{"href":"https:\/\/dse-deutschland.de\/Shop_Schilder\/wp-json\/wp\/v2\/product"}],"about":[{"href":"https:\/\/dse-deutschland.de\/Shop_Schilder\/wp-json\/wp\/v2\/types\/product"}],"wp:featuredmedia":[{"embeddable":true,"href":"https:\/\/dse-deutschland.de\/Shop_Schilder\/wp-json\/wp\/v2\/media\/12822"}],"wp:attachment":[{"href":"https:\/\/dse-deutschland.de\/Shop_Schilder\/wp-json\/wp\/v2\/media?parent=12823"}],"wp:term":[{"taxonomy":"product_brand","embeddable":true,"href":"https:\/\/dse-deutschland.de\/Shop_Schilder\/wp-json\/wp\/v2\/product_brand?post=12823"},{"taxonomy":"product_cat","embeddable":true,"href":"https:\/\/dse-deutschland.de\/Shop_Schilder\/wp-json\/wp\/v2\/product_cat?post=12823"},{"taxonomy":"product_tag","embeddable":true,"href":"https:\/\/dse-deutschland.de\/Shop_Schilder\/wp-json\/wp\/v2\/product_tag?post=12823"}],"curies":[{"name":"wp","href":"https:\/\/api.w.org\/{rel}","templated":true}]}}