{"id":12816,"date":"2018-06-20T09:06:46","date_gmt":"2018-06-20T07:06:46","guid":{"rendered":"http:\/\/dse-dueren.de\/Shop_Schilder\/produkt\/clear-tischaufsteller-fuer-namensschild-aus-aluminium-mit-schraegem-schlitz-fuer-6-mm-materialstaerke\/"},"modified":"2022-12-16T14:42:59","modified_gmt":"2022-12-16T13:42:59","slug":"clear-tischaufsteller-fuer-namensschild-aus-aluminium-mit-schraegem-schlitz-fuer-6-mm-materialstaerke","status":"publish","type":"product","link":"https:\/\/dse-deutschland.de\/Shop_Schilder\/produkt\/clear-tischaufsteller-fuer-namensschild-aus-aluminium-mit-schraegem-schlitz-fuer-6-mm-materialstaerke\/","title":{"rendered":"CLEAR Tischaufsteller f\u00fcr Namensschild aus Aluminium, mit schr\u00e4gem Schlitz, f\u00fcr 6 mm Materialst\u00e4rke,"},"content":{"rendered":"<p>CLEAR Tischaufsteller f\u00fcr Namensschild aus Aluminium, mit schr\u00e4gem Schlitz, f\u00fcr 6 mm Materialst\u00e4rke, Ma\u00dfe (BxHxT): 8,0 x 2,5 x 2,5 cm<\/p>\n<p>Name<br \/>\nTischaufsteller<br \/>\nGr\u00f6\u00dfe B x H x T in cm<br \/>\n8,0 x 2,5 x 2,5<br \/>\nProduktserie<br \/>\nClear<br \/>\nMaterial<br \/>\nAluminium<br \/>\nFarbe<br \/>\nsilber<br \/>\nBreite [cm]<br \/>\n8<br \/>\nH\u00f6he [cm]<br \/>\n2,5<br \/>\nTiefe [cm]<br \/>\n2,5<br \/>\nF\u00fcr Materialst\u00e4rke [cm]<br \/>\n6<br \/>\nEinsatzbereich<br \/>\nInnenbereich<\/p>\n<p>&nbsp;<\/p>\n<p>CLEAR HALTER Tischaufsteller f\u00fcr Namensschild mit schr\u00e4gem Schlitz<\/p>\n<p>Clear Befestigungselemente<br \/>\nAluminium-Block, geschliffen, geb\u00fcrstet, poliert und eloxiert<br \/>\ngeeignet f\u00fcr die Aufnahme von 6 mm starken Kommunikationsfl\u00e4chen wie z.B. Glas, Plexiglas, Kunststoff u.v.a.m.<\/p>\n<p>Bestell-Nr.: CL5581<\/p>\n<p>&nbsp;<\/p>\n","protected":false},"excerpt":{"rendered":"<p>CLEAR Tischaufsteller f\u00fcr Namensschild aus Aluminium, mit schr\u00e4gem Schlitz, f\u00fcr 6 mm Materialst\u00e4rke, Ma\u00dfe (BxHxT): 8,0 x 2,5 x 2,5 cm Name Tischaufsteller Gr\u00f6\u00dfe B x H x T in cm 8,0 x 2,5 x 2,5 Produktserie Clear Material Aluminium Farbe silber Breite [cm] 8 H\u00f6he [cm] 2,5 Tiefe [cm] 2,5 F\u00fcr Materialst\u00e4rke [cm] 6 [&hellip;]<\/p>\n","protected":false},"featured_media":12815,"template":"","meta":[],"product_brand":[],"product_cat":[200],"product_tag":[],"class_list":{"0":"post-12816","1":"product","2":"type-product","3":"status-publish","4":"has-post-thumbnail","6":"product_cat-befestigungselemente","8":"first","9":"instock","10":"taxable","11":"shipping-taxable","12":"purchasable","13":"product-type-simple"},"jetpack_sharing_enabled":true,"_links":{"self":[{"href":"https:\/\/dse-deutschland.de\/Shop_Schilder\/wp-json\/wp\/v2\/product\/12816","targetHints":{"allow":["GET"]}}],"collection":[{"href":"https:\/\/dse-deutschland.de\/Shop_Schilder\/wp-json\/wp\/v2\/product"}],"about":[{"href":"https:\/\/dse-deutschland.de\/Shop_Schilder\/wp-json\/wp\/v2\/types\/product"}],"wp:featuredmedia":[{"embeddable":true,"href":"https:\/\/dse-deutschland.de\/Shop_Schilder\/wp-json\/wp\/v2\/media\/12815"}],"wp:attachment":[{"href":"https:\/\/dse-deutschland.de\/Shop_Schilder\/wp-json\/wp\/v2\/media?parent=12816"}],"wp:term":[{"taxonomy":"product_brand","embeddable":true,"href":"https:\/\/dse-deutschland.de\/Shop_Schilder\/wp-json\/wp\/v2\/product_brand?post=12816"},{"taxonomy":"product_cat","embeddable":true,"href":"https:\/\/dse-deutschland.de\/Shop_Schilder\/wp-json\/wp\/v2\/product_cat?post=12816"},{"taxonomy":"product_tag","embeddable":true,"href":"https:\/\/dse-deutschland.de\/Shop_Schilder\/wp-json\/wp\/v2\/product_tag?post=12816"}],"curies":[{"name":"wp","href":"https:\/\/api.w.org\/{rel}","templated":true}]}}