{"id":12806,"date":"2018-06-20T09:06:32","date_gmt":"2018-06-20T07:06:32","guid":{"rendered":"http:\/\/dse-dueren.de\/Shop_Schilder\/produkt\/fahnenschildhalterung-hochwertige-edelstahlhalterung-fuer-6-mm-materialstaerke\/"},"modified":"2022-12-16T14:42:56","modified_gmt":"2022-12-16T13:42:56","slug":"fahnenschildhalterung-hochwertige-edelstahlhalterung-fuer-6-mm-materialstaerke","status":"publish","type":"product","link":"https:\/\/dse-deutschland.de\/Shop_Schilder\/produkt\/fahnenschildhalterung-hochwertige-edelstahlhalterung-fuer-6-mm-materialstaerke\/","title":{"rendered":"Fahnenschildhalterung hochwertige Edelstahlhalterung f\u00fcr 6 mm Materialst\u00e4rke"},"content":{"rendered":"<p>Fahnenschildhalterung hochwertige Edelstahlhalterung f\u00fcr 6 mm Materialst\u00e4rke<\/p>\n<p>Name<br \/>\nFahnenschildhalterung<br \/>\nProduktserie<br \/>\nCristallo<br \/>\nMaterial<br \/>\nEdelstahl<br \/>\nL\u00e4nge [cm]<br \/>\n20<br \/>\nH\u00f6he [cm]<br \/>\n14<br \/>\nTiefe [cm]<br \/>\n1,8<br \/>\nF\u00fcr Materialst\u00e4rke [cm]<br \/>\n0,8<br \/>\nBefestigungsart<br \/>\nzum Verschrauben<br \/>\nLieferung inkl.<br \/>\nBefestigungsmaterial<br \/>\nEinsatzbereich<br \/>\nInnenbereich<\/p>\n<p>Edelstahlhalterungen f\u00fcr andere Anwendungen<\/p>\n<p>SignConnections Befestigungselemente<br \/>\nSelf-made f\u00fcr jedermann ? Immer eine gute Verbindung!<br \/>\nNat\u00fcrlich mit SignConnections.<br \/>\nM\u00f6chten Sie eigene oder vorhandene Werbetr\u00e4ger verwenden?<br \/>\nKein Problem. Mit den SignConnections sind Sie auf der sicheren Seite.<br \/>\nSie haben die Wahl: Halter aus hochwertigem Edelstahl komplett mit allem Befestigungsmaterial.<br \/>\nSerie CR: f\u00fcr Materialst\u00e4rke 8 mm.<br \/>\n(Ausnahme: CR 2986 f\u00fcr 15 mm Materialst\u00e4rke)<br \/>\nSerie BA: f\u00fcr Materialst\u00e4rken von 3 bis 10 mm stufenlos.<br \/>\n* Aufnahmen nur f\u00fcr 6 mm Materialst\u00e4rke<\/p>\n<p>Bestell-Nr.: CR2989<\/p>\n","protected":false},"excerpt":{"rendered":"<p>Fahnenschildhalterung hochwertige Edelstahlhalterung f\u00fcr 6 mm Materialst\u00e4rke Name Fahnenschildhalterung Produktserie Cristallo Material Edelstahl L\u00e4nge [cm] 20 H\u00f6he [cm] 14 Tiefe [cm] 1,8 F\u00fcr Materialst\u00e4rke [cm] 0,8 Befestigungsart zum Verschrauben Lieferung inkl. Befestigungsmaterial Einsatzbereich Innenbereich Edelstahlhalterungen f\u00fcr andere Anwendungen SignConnections Befestigungselemente Self-made f\u00fcr jedermann ? Immer eine gute Verbindung! Nat\u00fcrlich mit SignConnections. M\u00f6chten Sie eigene oder [&hellip;]<\/p>\n","protected":false},"featured_media":12805,"template":"","meta":[],"product_brand":[],"product_cat":[200],"product_tag":[],"class_list":{"0":"post-12806","1":"product","2":"type-product","3":"status-publish","4":"has-post-thumbnail","6":"product_cat-befestigungselemente","8":"first","9":"instock","10":"taxable","11":"shipping-taxable","12":"purchasable","13":"product-type-simple"},"jetpack_sharing_enabled":true,"_links":{"self":[{"href":"https:\/\/dse-deutschland.de\/Shop_Schilder\/wp-json\/wp\/v2\/product\/12806","targetHints":{"allow":["GET"]}}],"collection":[{"href":"https:\/\/dse-deutschland.de\/Shop_Schilder\/wp-json\/wp\/v2\/product"}],"about":[{"href":"https:\/\/dse-deutschland.de\/Shop_Schilder\/wp-json\/wp\/v2\/types\/product"}],"wp:featuredmedia":[{"embeddable":true,"href":"https:\/\/dse-deutschland.de\/Shop_Schilder\/wp-json\/wp\/v2\/media\/12805"}],"wp:attachment":[{"href":"https:\/\/dse-deutschland.de\/Shop_Schilder\/wp-json\/wp\/v2\/media?parent=12806"}],"wp:term":[{"taxonomy":"product_brand","embeddable":true,"href":"https:\/\/dse-deutschland.de\/Shop_Schilder\/wp-json\/wp\/v2\/product_brand?post=12806"},{"taxonomy":"product_cat","embeddable":true,"href":"https:\/\/dse-deutschland.de\/Shop_Schilder\/wp-json\/wp\/v2\/product_cat?post=12806"},{"taxonomy":"product_tag","embeddable":true,"href":"https:\/\/dse-deutschland.de\/Shop_Schilder\/wp-json\/wp\/v2\/product_tag?post=12806"}],"curies":[{"name":"wp","href":"https:\/\/api.w.org\/{rel}","templated":true}]}}