{"id":12804,"date":"2018-06-20T09:06:31","date_gmt":"2018-06-20T07:06:31","guid":{"rendered":"http:\/\/dse-dueren.de\/Shop_Schilder\/produkt\/edelstahlhalterung-fuer-tischaufsteller-hochwertiger-abstandshalter-kopf-flach-fuer-8-mm-materialstaerke\/"},"modified":"2022-12-16T14:42:56","modified_gmt":"2022-12-16T13:42:56","slug":"edelstahlhalterung-fuer-tischaufsteller-hochwertiger-abstandshalter-kopf-flach-fuer-8-mm-materialstaerke","status":"publish","type":"product","link":"https:\/\/dse-deutschland.de\/Shop_Schilder\/produkt\/edelstahlhalterung-fuer-tischaufsteller-hochwertiger-abstandshalter-kopf-flach-fuer-8-mm-materialstaerke\/","title":{"rendered":"Edelstahlhalterung f\u00fcr Tischaufsteller, hochwertiger Abstandshalter, Kopf flach,  f\u00fcr 8 mm Materialst\u00e4rke"},"content":{"rendered":"<p>Edelstahlhalterung f\u00fcr Tischaufsteller, hochwertiger Abstandshalter, Kopf flach, f\u00fcr 8 mm Materialst\u00e4rke Durchmesser: 10 mm<\/p>\n<p>Name<br \/>\nHalterung Kopf flach<br \/>\nGr\u00f6\u00dfe \u00d8 in cm<br \/>\n1,0<br \/>\nProduktserie<br \/>\nCristallo<br \/>\nMaterial<br \/>\nEdelstahl<br \/>\nFarbe<br \/>\nsilber<br \/>\nL\u00e4nge [cm]<br \/>\n3,4<br \/>\nDurchmesser [cm]<br \/>\n1<br \/>\nDurchmesser Bohrloch [cm]<br \/>\n0,5<br \/>\nF\u00fcr Materialst\u00e4rke [cm]<br \/>\n0,8<br \/>\nVerschluss<br \/>\nSchraubverschluss<br \/>\nEinsatzbereich<br \/>\nInnenbereich<\/p>\n<p>Edelstahlhalterungen f\u00fcr andere Anwendungen<\/p>\n<p>SignConnections Befestigungselemente<br \/>\nSelf-made f\u00fcr jedermann ? Immer eine gute Verbindung!<br \/>\nNat\u00fcrlich mit SignConnections.<br \/>\nM\u00f6chten Sie eigene oder vorhandene Werbetr\u00e4ger verwenden?<br \/>\nKein Problem. Mit den SignConnections sind Sie auf der sicheren Seite.<br \/>\nSie haben die Wahl: Halter aus hochwertigem Edelstahl komplett mit allem Befestigungsmaterial.<br \/>\nSerie CR: f\u00fcr Materialst\u00e4rke 8 mm.<br \/>\n(Ausnahme: CR 2986 f\u00fcr 15 mm Materialst\u00e4rke)<br \/>\nSerie BA: f\u00fcr Materialst\u00e4rken von 3 bis 10 mm stufenlos.<br \/>\n* Aufnahmen nur f\u00fcr 6 mm Materialst\u00e4rke<\/p>\n<p>Bestell-Nr.: CR2988<\/p>\n","protected":false},"excerpt":{"rendered":"<p>Edelstahlhalterung f\u00fcr Tischaufsteller, hochwertiger Abstandshalter, Kopf flach, f\u00fcr 8 mm Materialst\u00e4rke Durchmesser: 10 mm Name Halterung Kopf flach Gr\u00f6\u00dfe \u00d8 in cm 1,0 Produktserie Cristallo Material Edelstahl Farbe silber L\u00e4nge [cm] 3,4 Durchmesser [cm] 1 Durchmesser Bohrloch [cm] 0,5 F\u00fcr Materialst\u00e4rke [cm] 0,8 Verschluss Schraubverschluss Einsatzbereich Innenbereich Edelstahlhalterungen f\u00fcr andere Anwendungen SignConnections Befestigungselemente Self-made f\u00fcr [&hellip;]<\/p>\n","protected":false},"featured_media":12803,"template":"","meta":[],"product_brand":[],"product_cat":[200],"product_tag":[],"class_list":{"0":"post-12804","1":"product","2":"type-product","3":"status-publish","4":"has-post-thumbnail","6":"product_cat-befestigungselemente","8":"first","9":"instock","10":"taxable","11":"shipping-taxable","12":"purchasable","13":"product-type-simple"},"jetpack_sharing_enabled":true,"_links":{"self":[{"href":"https:\/\/dse-deutschland.de\/Shop_Schilder\/wp-json\/wp\/v2\/product\/12804","targetHints":{"allow":["GET"]}}],"collection":[{"href":"https:\/\/dse-deutschland.de\/Shop_Schilder\/wp-json\/wp\/v2\/product"}],"about":[{"href":"https:\/\/dse-deutschland.de\/Shop_Schilder\/wp-json\/wp\/v2\/types\/product"}],"wp:featuredmedia":[{"embeddable":true,"href":"https:\/\/dse-deutschland.de\/Shop_Schilder\/wp-json\/wp\/v2\/media\/12803"}],"wp:attachment":[{"href":"https:\/\/dse-deutschland.de\/Shop_Schilder\/wp-json\/wp\/v2\/media?parent=12804"}],"wp:term":[{"taxonomy":"product_brand","embeddable":true,"href":"https:\/\/dse-deutschland.de\/Shop_Schilder\/wp-json\/wp\/v2\/product_brand?post=12804"},{"taxonomy":"product_cat","embeddable":true,"href":"https:\/\/dse-deutschland.de\/Shop_Schilder\/wp-json\/wp\/v2\/product_cat?post=12804"},{"taxonomy":"product_tag","embeddable":true,"href":"https:\/\/dse-deutschland.de\/Shop_Schilder\/wp-json\/wp\/v2\/product_tag?post=12804"}],"curies":[{"name":"wp","href":"https:\/\/api.w.org\/{rel}","templated":true}]}}