{"id":12796,"date":"2018-06-20T09:06:28","date_gmt":"2018-06-20T07:06:28","guid":{"rendered":"http:\/\/dse-dueren.de\/Shop_Schilder\/produkt\/edelstahlhalterung-fuer-schilder-hochwertiger-abstandshalter-kopf-spitz-fuer-8-mm-materialstaerke\/"},"modified":"2022-12-16T14:42:53","modified_gmt":"2022-12-16T13:42:53","slug":"edelstahlhalterung-fuer-schilder-hochwertiger-abstandshalter-kopf-spitz-fuer-8-mm-materialstaerke","status":"publish","type":"product","link":"https:\/\/dse-deutschland.de\/Shop_Schilder\/produkt\/edelstahlhalterung-fuer-schilder-hochwertiger-abstandshalter-kopf-spitz-fuer-8-mm-materialstaerke\/","title":{"rendered":"Edelstahlhalterung f\u00fcr Schilder hochwertiger Abstandshalter, Kopf spitz,  f\u00fcr 8 mm Materialst\u00e4rke"},"content":{"rendered":"<p>Edelstahlhalterung f\u00fcr Schilder hochwertiger Abstandshalter, Kopf spitz, f\u00fcr 8 mm Materialst\u00e4rke Durchmesser: 13 mm<\/p>\n<p>Name<br \/>\nHalterung Kopf spitz<br \/>\nGr\u00f6\u00dfe \u00d8 in cm<br \/>\n1,3<br \/>\nProduktserie<br \/>\nCristallo<br \/>\nMaterial<br \/>\nEdelstahl<br \/>\nL\u00e4nge [cm]<br \/>\n3<br \/>\nDurchmesser [cm]<br \/>\n1,3<br \/>\nDurchmesser Bohrloch [cm]<br \/>\n3,8<br \/>\nF\u00fcr Materialst\u00e4rke [cm]<br \/>\n0,8<br \/>\nBefestigungsart<br \/>\nzum Verschrauben<br \/>\nEigenschaft<br \/>\ndiebstahlsicher<br \/>\nLieferung inkl.<br \/>\nBefestigungsmaterial<br \/>\nEinsatzbereich<br \/>\nInnenbereich | Au\u00dfenbereich<\/p>\n<p>Serie CR Edelstahlhalterungen f\u00fcr Schilder<\/p>\n<p>SignConnections Befestigungselemente<\/p>\n<p>Bohrlochdurchmesser: CR2980 &#8211; CR2984 8mm<br \/>\nBohrlochdurchmesser: CR2985 &#8211; CR2986 2 x 8mm<br \/>\nWandabstand: 2,0 cm<\/p>\n<p>Serie CR: f\u00fcr Materialst\u00e4rke 8 mm<br \/>\n(Ausnahme: CR 2986 f\u00fcr 15 mm Materialst\u00e4rke)<\/p>\n<p>Bestell-Nr.: CR2982<\/p>\n","protected":false},"excerpt":{"rendered":"<p>Edelstahlhalterung f\u00fcr Schilder hochwertiger Abstandshalter, Kopf spitz, f\u00fcr 8 mm Materialst\u00e4rke Durchmesser: 13 mm Name Halterung Kopf spitz Gr\u00f6\u00dfe \u00d8 in cm 1,3 Produktserie Cristallo Material Edelstahl L\u00e4nge [cm] 3 Durchmesser [cm] 1,3 Durchmesser Bohrloch [cm] 3,8 F\u00fcr Materialst\u00e4rke [cm] 0,8 Befestigungsart zum Verschrauben Eigenschaft diebstahlsicher Lieferung inkl. Befestigungsmaterial Einsatzbereich Innenbereich | Au\u00dfenbereich Serie CR [&hellip;]<\/p>\n","protected":false},"featured_media":12795,"template":"","meta":[],"product_brand":[],"product_cat":[200],"product_tag":[],"class_list":{"0":"post-12796","1":"product","2":"type-product","3":"status-publish","4":"has-post-thumbnail","6":"product_cat-befestigungselemente","8":"first","9":"instock","10":"taxable","11":"shipping-taxable","12":"purchasable","13":"product-type-simple"},"jetpack_sharing_enabled":true,"_links":{"self":[{"href":"https:\/\/dse-deutschland.de\/Shop_Schilder\/wp-json\/wp\/v2\/product\/12796","targetHints":{"allow":["GET"]}}],"collection":[{"href":"https:\/\/dse-deutschland.de\/Shop_Schilder\/wp-json\/wp\/v2\/product"}],"about":[{"href":"https:\/\/dse-deutschland.de\/Shop_Schilder\/wp-json\/wp\/v2\/types\/product"}],"wp:featuredmedia":[{"embeddable":true,"href":"https:\/\/dse-deutschland.de\/Shop_Schilder\/wp-json\/wp\/v2\/media\/12795"}],"wp:attachment":[{"href":"https:\/\/dse-deutschland.de\/Shop_Schilder\/wp-json\/wp\/v2\/media?parent=12796"}],"wp:term":[{"taxonomy":"product_brand","embeddable":true,"href":"https:\/\/dse-deutschland.de\/Shop_Schilder\/wp-json\/wp\/v2\/product_brand?post=12796"},{"taxonomy":"product_cat","embeddable":true,"href":"https:\/\/dse-deutschland.de\/Shop_Schilder\/wp-json\/wp\/v2\/product_cat?post=12796"},{"taxonomy":"product_tag","embeddable":true,"href":"https:\/\/dse-deutschland.de\/Shop_Schilder\/wp-json\/wp\/v2\/product_tag?post=12796"}],"curies":[{"name":"wp","href":"https:\/\/api.w.org\/{rel}","templated":true}]}}