{"id":12776,"date":"2018-06-20T09:06:21","date_gmt":"2018-06-20T07:06:21","guid":{"rendered":"http:\/\/dse-dueren.de\/Shop_Schilder\/produkt\/tuerschilder-aus-edelstahl-symbol-rollstuhlfahrer-selbstklebend-selbstklebend\/"},"modified":"2022-12-16T14:42:46","modified_gmt":"2022-12-16T13:42:46","slug":"tuerschilder-aus-edelstahl-symbol-rollstuhlfahrer-selbstklebend-selbstklebend","status":"publish","type":"product","link":"https:\/\/dse-deutschland.de\/Shop_Schilder\/produkt\/tuerschilder-aus-edelstahl-symbol-rollstuhlfahrer-selbstklebend-selbstklebend\/","title":{"rendered":"T\u00fcrschilder aus Edelstahl Symbol &#8218;Rollstuhlfahrer&#8216;, selbstklebend, selbstklebend,"},"content":{"rendered":"<p>T\u00fcrschilder aus Edelstahl Symbol &#8218;Rollstuhlfahrer&#8216;, selbstklebend, selbstklebend, Gr\u00f6\u00dfe (BxHxT): 16,0 x 16,0 x 0,2 cm<\/p>\n<p>Ausf\u00fchrung<br \/>\nRollstuhlfahrer<br \/>\nGr\u00f6\u00dfe B x H x T in cm<br \/>\n16,0 x 16,0 x 0,2<br \/>\nProduktserie<br \/>\nPhos<br \/>\nMaterial<br \/>\nEdelstahl<br \/>\nBreite [cm]<br \/>\n16<br \/>\nH\u00f6he [cm]<br \/>\n16<br \/>\nTiefe [cm]<br \/>\n0,2<br \/>\nBefestigungsart<br \/>\nzum Verkleben<br \/>\nSymbol<br \/>\nRollstuhlfahrer<br \/>\nEinsatzbereich<br \/>\nInnenbereich<\/p>\n<p>Hochwertige T\u00fcrschilder aus Edelstahl: Zeitlos, funktional und klar.<\/p>\n<p>aus matt geb\u00fcrstetem Edelstahl gelasert<br \/>\nverschiedene Symbole erh\u00e4ltlich<br \/>\nselbstklebend, inklusive Klebepads<\/p>\n<p>Bestell-Nr.: PK1405<\/p>\n","protected":false},"excerpt":{"rendered":"<p>T\u00fcrschilder aus Edelstahl Symbol &#8218;Rollstuhlfahrer&#8216;, selbstklebend, selbstklebend, Gr\u00f6\u00dfe (BxHxT): 16,0 x 16,0 x 0,2 cm Ausf\u00fchrung Rollstuhlfahrer Gr\u00f6\u00dfe B x H x T in cm 16,0 x 16,0 x 0,2 Produktserie Phos Material Edelstahl Breite [cm] 16 H\u00f6he [cm] 16 Tiefe [cm] 0,2 Befestigungsart zum Verkleben Symbol Rollstuhlfahrer Einsatzbereich Innenbereich Hochwertige T\u00fcrschilder aus Edelstahl: Zeitlos, [&hellip;]<\/p>\n","protected":false},"featured_media":12775,"template":"","meta":[],"product_brand":[],"product_cat":[199],"product_tag":[],"class_list":{"0":"post-12776","1":"product","2":"type-product","3":"status-publish","4":"has-post-thumbnail","6":"product_cat-phos","8":"first","9":"instock","10":"taxable","11":"shipping-taxable","12":"purchasable","13":"product-type-simple"},"jetpack_sharing_enabled":true,"_links":{"self":[{"href":"https:\/\/dse-deutschland.de\/Shop_Schilder\/wp-json\/wp\/v2\/product\/12776","targetHints":{"allow":["GET"]}}],"collection":[{"href":"https:\/\/dse-deutschland.de\/Shop_Schilder\/wp-json\/wp\/v2\/product"}],"about":[{"href":"https:\/\/dse-deutschland.de\/Shop_Schilder\/wp-json\/wp\/v2\/types\/product"}],"wp:featuredmedia":[{"embeddable":true,"href":"https:\/\/dse-deutschland.de\/Shop_Schilder\/wp-json\/wp\/v2\/media\/12775"}],"wp:attachment":[{"href":"https:\/\/dse-deutschland.de\/Shop_Schilder\/wp-json\/wp\/v2\/media?parent=12776"}],"wp:term":[{"taxonomy":"product_brand","embeddable":true,"href":"https:\/\/dse-deutschland.de\/Shop_Schilder\/wp-json\/wp\/v2\/product_brand?post=12776"},{"taxonomy":"product_cat","embeddable":true,"href":"https:\/\/dse-deutschland.de\/Shop_Schilder\/wp-json\/wp\/v2\/product_cat?post=12776"},{"taxonomy":"product_tag","embeddable":true,"href":"https:\/\/dse-deutschland.de\/Shop_Schilder\/wp-json\/wp\/v2\/product_tag?post=12776"}],"curies":[{"name":"wp","href":"https:\/\/api.w.org\/{rel}","templated":true}]}}