{"id":12774,"date":"2018-06-20T09:06:21","date_gmt":"2018-06-20T07:06:21","guid":{"rendered":"http:\/\/dse-dueren.de\/Shop_Schilder\/produkt\/tuerschilder-aus-edelstahl-symbol-wickelraum-selbstklebend-selbstklebend\/"},"modified":"2022-12-16T14:42:44","modified_gmt":"2022-12-16T13:42:44","slug":"tuerschilder-aus-edelstahl-symbol-wickelraum-selbstklebend-selbstklebend","status":"publish","type":"product","link":"https:\/\/dse-deutschland.de\/Shop_Schilder\/produkt\/tuerschilder-aus-edelstahl-symbol-wickelraum-selbstklebend-selbstklebend\/","title":{"rendered":"T\u00fcrschilder aus Edelstahl Symbol &#8218;Wickelraum&#8216;, selbstklebend, selbstklebend,"},"content":{"rendered":"<p>T\u00fcrschilder aus Edelstahl Symbol &#8218;Wickelraum&#8216;, selbstklebend, selbstklebend, Gr\u00f6\u00dfe (BxHxT): 16,0 x 16,0 x 0,2 cm<\/p>\n","protected":false},"excerpt":{"rendered":"<p>T\u00fcrschilder aus Edelstahl Symbol &#8218;Wickelraum&#8216;, selbstklebend, selbstklebend, Gr\u00f6\u00dfe (BxHxT): 16,0 x 16,0 x 0,2 cm<\/p>\n","protected":false},"featured_media":12773,"template":"","meta":[],"product_brand":[],"product_cat":[199],"product_tag":[],"class_list":{"0":"post-12774","1":"product","2":"type-product","3":"status-publish","4":"has-post-thumbnail","6":"product_cat-phos","8":"first","9":"instock","10":"taxable","11":"shipping-taxable","12":"purchasable","13":"product-type-simple"},"jetpack_sharing_enabled":true,"_links":{"self":[{"href":"https:\/\/dse-deutschland.de\/Shop_Schilder\/wp-json\/wp\/v2\/product\/12774","targetHints":{"allow":["GET"]}}],"collection":[{"href":"https:\/\/dse-deutschland.de\/Shop_Schilder\/wp-json\/wp\/v2\/product"}],"about":[{"href":"https:\/\/dse-deutschland.de\/Shop_Schilder\/wp-json\/wp\/v2\/types\/product"}],"wp:featuredmedia":[{"embeddable":true,"href":"https:\/\/dse-deutschland.de\/Shop_Schilder\/wp-json\/wp\/v2\/media\/12773"}],"wp:attachment":[{"href":"https:\/\/dse-deutschland.de\/Shop_Schilder\/wp-json\/wp\/v2\/media?parent=12774"}],"wp:term":[{"taxonomy":"product_brand","embeddable":true,"href":"https:\/\/dse-deutschland.de\/Shop_Schilder\/wp-json\/wp\/v2\/product_brand?post=12774"},{"taxonomy":"product_cat","embeddable":true,"href":"https:\/\/dse-deutschland.de\/Shop_Schilder\/wp-json\/wp\/v2\/product_cat?post=12774"},{"taxonomy":"product_tag","embeddable":true,"href":"https:\/\/dse-deutschland.de\/Shop_Schilder\/wp-json\/wp\/v2\/product_tag?post=12774"}],"curies":[{"name":"wp","href":"https:\/\/api.w.org\/{rel}","templated":true}]}}