{"id":12766,"date":"2018-06-20T09:06:18","date_gmt":"2018-06-20T07:06:18","guid":{"rendered":"http:\/\/dse-dueren.de\/Shop_Schilder\/produkt\/tuerschilder-aus-edelstahl-symbol-dame-und-herr-getrennt-selbstklebend-selbstklebend\/"},"modified":"2022-12-16T14:42:44","modified_gmt":"2022-12-16T13:42:44","slug":"tuerschilder-aus-edelstahl-symbol-dame-und-herr-getrennt-selbstklebend-selbstklebend","status":"publish","type":"product","link":"https:\/\/dse-deutschland.de\/Shop_Schilder\/produkt\/tuerschilder-aus-edelstahl-symbol-dame-und-herr-getrennt-selbstklebend-selbstklebend\/","title":{"rendered":"T\u00fcrschilder aus Edelstahl Symbol &#8218;Dame und Herr&#8216; (getrennt), selbstklebend, selbstklebend,"},"content":{"rendered":"<p>T\u00fcrs<\/p>\n<p>Hochwertige T\u00fcrschilder aus Edelstahl: Zeitlos, funktional und klar.<\/p>\n<p>aus matt geb\u00fcrstetem Edelstahl gelasert<br \/>\nverschiedene Symbole erh\u00e4ltlich<br \/>\nselbstklebend, inklusive Klebepads<\/p>\n<p>Bestell-Nr.: PK1400<\/p>\n<p>childer aus Edelstahl Symbol &#8218;Dame und Herr&#8216; (getrennt), selbstklebend, selbstklebend, Gr\u00f6\u00dfe (BxHxT): 16,0 x 16,0 x 0,2 cm<\/p>\n<p>&nbsp;<\/p>\n","protected":false},"excerpt":{"rendered":"<p>T\u00fcrs Hochwertige T\u00fcrschilder aus Edelstahl: Zeitlos, funktional und klar. aus matt geb\u00fcrstetem Edelstahl gelasert verschiedene Symbole erh\u00e4ltlich selbstklebend, inklusive Klebepads Bestell-Nr.: PK1400 childer aus Edelstahl Symbol &#8218;Dame und Herr&#8216; (getrennt), selbstklebend, selbstklebend, Gr\u00f6\u00dfe (BxHxT): 16,0 x 16,0 x 0,2 cm &nbsp;<\/p>\n","protected":false},"featured_media":12765,"template":"","meta":[],"product_brand":[],"product_cat":[199],"product_tag":[],"class_list":{"0":"post-12766","1":"product","2":"type-product","3":"status-publish","4":"has-post-thumbnail","6":"product_cat-phos","8":"first","9":"instock","10":"taxable","11":"shipping-taxable","12":"purchasable","13":"product-type-simple"},"jetpack_sharing_enabled":true,"_links":{"self":[{"href":"https:\/\/dse-deutschland.de\/Shop_Schilder\/wp-json\/wp\/v2\/product\/12766","targetHints":{"allow":["GET"]}}],"collection":[{"href":"https:\/\/dse-deutschland.de\/Shop_Schilder\/wp-json\/wp\/v2\/product"}],"about":[{"href":"https:\/\/dse-deutschland.de\/Shop_Schilder\/wp-json\/wp\/v2\/types\/product"}],"wp:featuredmedia":[{"embeddable":true,"href":"https:\/\/dse-deutschland.de\/Shop_Schilder\/wp-json\/wp\/v2\/media\/12765"}],"wp:attachment":[{"href":"https:\/\/dse-deutschland.de\/Shop_Schilder\/wp-json\/wp\/v2\/media?parent=12766"}],"wp:term":[{"taxonomy":"product_brand","embeddable":true,"href":"https:\/\/dse-deutschland.de\/Shop_Schilder\/wp-json\/wp\/v2\/product_brand?post=12766"},{"taxonomy":"product_cat","embeddable":true,"href":"https:\/\/dse-deutschland.de\/Shop_Schilder\/wp-json\/wp\/v2\/product_cat?post=12766"},{"taxonomy":"product_tag","embeddable":true,"href":"https:\/\/dse-deutschland.de\/Shop_Schilder\/wp-json\/wp\/v2\/product_tag?post=12766"}],"curies":[{"name":"wp","href":"https:\/\/api.w.org\/{rel}","templated":true}]}}