{"id":12762,"date":"2018-06-20T09:06:17","date_gmt":"2018-06-20T07:06:17","guid":{"rendered":"http:\/\/dse-dueren.de\/Shop_Schilder\/produkt\/schilder-aus-edelstahl-fahnenschild-symbol-herr-inkl-befestigungsmaterial\/"},"modified":"2022-12-16T14:42:40","modified_gmt":"2022-12-16T13:42:40","slug":"schilder-aus-edelstahl-fahnenschild-symbol-herr-inkl-befestigungsmaterial","status":"publish","type":"product","link":"https:\/\/dse-deutschland.de\/Shop_Schilder\/produkt\/schilder-aus-edelstahl-fahnenschild-symbol-herr-inkl-befestigungsmaterial\/","title":{"rendered":"Schilder aus Edelstahl Fahnenschild, Symbol &#8218;Herr&#8216;, inkl. Befestigungsmaterial,"},"content":{"rendered":"<p>Schilder aus Edelstahl Fahnenschild, Symbol &#8218;Herr&#8216;, inkl. Befestigungsmaterial, Gr\u00f6\u00dfe (BxHxT): 17,5 x 16,0 x 1,6 cm<\/p>\n<p>&nbsp;<\/p>\n<p>Hochwertige Fahnenschilder f\u00fcr die Toilettenbeschilderung aus Edelstahl &#8211; zeitlos, funktional und klar.<br \/>\nbeidseitig aus matt geb\u00fcrstetem Edelstahl<br \/>\nverschiedene Symbole erh\u00e4ltlich<br \/>\nBefestigung mit Abstandhaltern an der Decke<br \/>\ninklusive Befestigungsmaterial<\/p>\n<p>Bestell-Nr.: PK1302<\/p>\n","protected":false},"excerpt":{"rendered":"<p>Schilder aus Edelstahl Fahnenschild, Symbol &#8218;Herr&#8216;, inkl. Befestigungsmaterial, Gr\u00f6\u00dfe (BxHxT): 17,5 x 16,0 x 1,6 cm &nbsp; Hochwertige Fahnenschilder f\u00fcr die Toilettenbeschilderung aus Edelstahl &#8211; zeitlos, funktional und klar. beidseitig aus matt geb\u00fcrstetem Edelstahl verschiedene Symbole erh\u00e4ltlich Befestigung mit Abstandhaltern an der Decke inklusive Befestigungsmaterial Bestell-Nr.: PK1302<\/p>\n","protected":false},"featured_media":12761,"template":"","meta":[],"product_brand":[],"product_cat":[199],"product_tag":[],"class_list":{"0":"post-12762","1":"product","2":"type-product","3":"status-publish","4":"has-post-thumbnail","6":"product_cat-phos","8":"first","9":"instock","10":"taxable","11":"shipping-taxable","12":"purchasable","13":"product-type-simple"},"jetpack_sharing_enabled":true,"_links":{"self":[{"href":"https:\/\/dse-deutschland.de\/Shop_Schilder\/wp-json\/wp\/v2\/product\/12762","targetHints":{"allow":["GET"]}}],"collection":[{"href":"https:\/\/dse-deutschland.de\/Shop_Schilder\/wp-json\/wp\/v2\/product"}],"about":[{"href":"https:\/\/dse-deutschland.de\/Shop_Schilder\/wp-json\/wp\/v2\/types\/product"}],"wp:featuredmedia":[{"embeddable":true,"href":"https:\/\/dse-deutschland.de\/Shop_Schilder\/wp-json\/wp\/v2\/media\/12761"}],"wp:attachment":[{"href":"https:\/\/dse-deutschland.de\/Shop_Schilder\/wp-json\/wp\/v2\/media?parent=12762"}],"wp:term":[{"taxonomy":"product_brand","embeddable":true,"href":"https:\/\/dse-deutschland.de\/Shop_Schilder\/wp-json\/wp\/v2\/product_brand?post=12762"},{"taxonomy":"product_cat","embeddable":true,"href":"https:\/\/dse-deutschland.de\/Shop_Schilder\/wp-json\/wp\/v2\/product_cat?post=12762"},{"taxonomy":"product_tag","embeddable":true,"href":"https:\/\/dse-deutschland.de\/Shop_Schilder\/wp-json\/wp\/v2\/product_tag?post=12762"}],"curies":[{"name":"wp","href":"https:\/\/api.w.org\/{rel}","templated":true}]}}