{"id":12754,"date":"2018-06-20T09:06:14","date_gmt":"2018-06-20T07:06:14","guid":{"rendered":"http:\/\/dse-dueren.de\/Shop_Schilder\/produkt\/wegweiser-aus-edelstahl-symbol-dame-und-herr-pfeil-rechtsweisend-selbstklebend\/"},"modified":"2022-12-16T14:42:38","modified_gmt":"2022-12-16T13:42:38","slug":"wegweiser-aus-edelstahl-symbol-dame-und-herr-pfeil-rechtsweisend-selbstklebend","status":"publish","type":"product","link":"https:\/\/dse-deutschland.de\/Shop_Schilder\/produkt\/wegweiser-aus-edelstahl-symbol-dame-und-herr-pfeil-rechtsweisend-selbstklebend\/","title":{"rendered":"Wegweiser aus Edelstahl Symbol &#8218;Dame und Herr&#8216;, Pfeil rechtsweisend, selbstklebend,"},"content":{"rendered":"<p>Wegweiser aus Edelstahl Symbol &#8218;Dame und Herr&#8216;, Pfeil rechtsweisend, selbstklebend, Gr\u00f6\u00dfe (BxHxT): 23,5 x 16,0 x 0,2 cm<\/p>\n<p>&nbsp;<\/p>\n<p>Hochwertige Wegweiser f\u00fcr die Toilettenbeschilderung aus Edelstahl &#8211; zeitlos, funktional und klar.<\/p>\n<p>aus matt geb\u00fcrstetem Edelstahl gelasert<br \/>\nverschiedene Symbole erh\u00e4ltlich<br \/>\nselbstklebend, inklusive Klebepads<br \/>\nRichtungspfeil wahlweise links- oder rechtsweisend<\/p>\n<p>Bestell-Nr.: PK1202<\/p>\n","protected":false},"excerpt":{"rendered":"<p>Wegweiser aus Edelstahl Symbol &#8218;Dame und Herr&#8216;, Pfeil rechtsweisend, selbstklebend, Gr\u00f6\u00dfe (BxHxT): 23,5 x 16,0 x 0,2 cm &nbsp; Hochwertige Wegweiser f\u00fcr die Toilettenbeschilderung aus Edelstahl &#8211; zeitlos, funktional und klar. aus matt geb\u00fcrstetem Edelstahl gelasert verschiedene Symbole erh\u00e4ltlich selbstklebend, inklusive Klebepads Richtungspfeil wahlweise links- oder rechtsweisend Bestell-Nr.: PK1202<\/p>\n","protected":false},"featured_media":12753,"template":"","meta":[],"product_brand":[],"product_cat":[199],"product_tag":[],"class_list":{"0":"post-12754","1":"product","2":"type-product","3":"status-publish","4":"has-post-thumbnail","6":"product_cat-phos","8":"first","9":"instock","10":"taxable","11":"shipping-taxable","12":"purchasable","13":"product-type-simple"},"jetpack_sharing_enabled":true,"_links":{"self":[{"href":"https:\/\/dse-deutschland.de\/Shop_Schilder\/wp-json\/wp\/v2\/product\/12754","targetHints":{"allow":["GET"]}}],"collection":[{"href":"https:\/\/dse-deutschland.de\/Shop_Schilder\/wp-json\/wp\/v2\/product"}],"about":[{"href":"https:\/\/dse-deutschland.de\/Shop_Schilder\/wp-json\/wp\/v2\/types\/product"}],"wp:featuredmedia":[{"embeddable":true,"href":"https:\/\/dse-deutschland.de\/Shop_Schilder\/wp-json\/wp\/v2\/media\/12753"}],"wp:attachment":[{"href":"https:\/\/dse-deutschland.de\/Shop_Schilder\/wp-json\/wp\/v2\/media?parent=12754"}],"wp:term":[{"taxonomy":"product_brand","embeddable":true,"href":"https:\/\/dse-deutschland.de\/Shop_Schilder\/wp-json\/wp\/v2\/product_brand?post=12754"},{"taxonomy":"product_cat","embeddable":true,"href":"https:\/\/dse-deutschland.de\/Shop_Schilder\/wp-json\/wp\/v2\/product_cat?post=12754"},{"taxonomy":"product_tag","embeddable":true,"href":"https:\/\/dse-deutschland.de\/Shop_Schilder\/wp-json\/wp\/v2\/product_tag?post=12754"}],"curies":[{"name":"wp","href":"https:\/\/api.w.org\/{rel}","templated":true}]}}