{"id":12746,"date":"2018-06-20T09:06:00","date_gmt":"2018-06-20T07:06:00","guid":{"rendered":"http:\/\/dse-dueren.de\/Shop_Schilder\/produkt\/piktogramme-aus-edelstahl-symbol-garderobenbuegel-selbstklebend\/"},"modified":"2022-12-16T14:42:38","modified_gmt":"2022-12-16T13:42:38","slug":"piktogramme-aus-edelstahl-symbol-garderobenbuegel-selbstklebend","status":"publish","type":"product","link":"https:\/\/dse-deutschland.de\/Shop_Schilder\/produkt\/piktogramme-aus-edelstahl-symbol-garderobenbuegel-selbstklebend\/","title":{"rendered":"Piktogramme aus Edelstahl Symbol: Garderobenb\u00fcgel selbstklebend,"},"content":{"rendered":"<p>Piktogramme aus Edelstahl Symbol: Garderobenb\u00fcgel selbstklebend, Gr\u00f6\u00dfe (BxHxT): 9,0 x 4,4 x 0,2 cm<\/p>\n<p>&nbsp;<\/p>\n<p>Hochwertige Piktogramme aus Edelstahl in klarer Formgebung: Zeitlos, funktional und klar.<br \/>\naus matt geb\u00fcrstetem Edelstahl gelasert<br \/>\nverschiedene Symbole erh\u00e4ltlich<br \/>\nselbstklebend, inklusive Klebepads<\/p>\n<p>Bestell-Nr.: PK1106<\/p>\n","protected":false},"excerpt":{"rendered":"<p>Piktogramme aus Edelstahl Symbol: Garderobenb\u00fcgel selbstklebend, Gr\u00f6\u00dfe (BxHxT): 9,0 x 4,4 x 0,2 cm &nbsp; Hochwertige Piktogramme aus Edelstahl in klarer Formgebung: Zeitlos, funktional und klar. aus matt geb\u00fcrstetem Edelstahl gelasert verschiedene Symbole erh\u00e4ltlich selbstklebend, inklusive Klebepads Bestell-Nr.: PK1106<\/p>\n","protected":false},"featured_media":12745,"template":"","meta":[],"product_brand":[],"product_cat":[199],"product_tag":[],"class_list":{"0":"post-12746","1":"product","2":"type-product","3":"status-publish","4":"has-post-thumbnail","6":"product_cat-phos","8":"first","9":"instock","10":"taxable","11":"shipping-taxable","12":"purchasable","13":"product-type-simple"},"jetpack_sharing_enabled":true,"_links":{"self":[{"href":"https:\/\/dse-deutschland.de\/Shop_Schilder\/wp-json\/wp\/v2\/product\/12746","targetHints":{"allow":["GET"]}}],"collection":[{"href":"https:\/\/dse-deutschland.de\/Shop_Schilder\/wp-json\/wp\/v2\/product"}],"about":[{"href":"https:\/\/dse-deutschland.de\/Shop_Schilder\/wp-json\/wp\/v2\/types\/product"}],"wp:featuredmedia":[{"embeddable":true,"href":"https:\/\/dse-deutschland.de\/Shop_Schilder\/wp-json\/wp\/v2\/media\/12745"}],"wp:attachment":[{"href":"https:\/\/dse-deutschland.de\/Shop_Schilder\/wp-json\/wp\/v2\/media?parent=12746"}],"wp:term":[{"taxonomy":"product_brand","embeddable":true,"href":"https:\/\/dse-deutschland.de\/Shop_Schilder\/wp-json\/wp\/v2\/product_brand?post=12746"},{"taxonomy":"product_cat","embeddable":true,"href":"https:\/\/dse-deutschland.de\/Shop_Schilder\/wp-json\/wp\/v2\/product_cat?post=12746"},{"taxonomy":"product_tag","embeddable":true,"href":"https:\/\/dse-deutschland.de\/Shop_Schilder\/wp-json\/wp\/v2\/product_tag?post=12746"}],"curies":[{"name":"wp","href":"https:\/\/api.w.org\/{rel}","templated":true}]}}