{"id":12727,"date":"2018-06-20T09:05:53","date_gmt":"2018-06-20T07:05:53","guid":{"rendered":"http:\/\/dse-dueren.de\/Shop_Schilder\/produkt\/tueranhaenger-text-und-logo-nach-wahl-inkl-warnblinklicht\/"},"modified":"2022-12-16T14:42:34","modified_gmt":"2022-12-16T13:42:34","slug":"tueranhaenger-text-und-logo-nach-wahl-inkl-warnblinklicht","status":"publish","type":"product","link":"https:\/\/dse-deutschland.de\/Shop_Schilder\/produkt\/tueranhaenger-text-und-logo-nach-wahl-inkl-warnblinklicht\/","title":{"rendered":"T\u00fcranh\u00e4nger Text und Logo: nach Wahl inkl. Warnblinklicht"},"content":{"rendered":"<p>T\u00fcranh\u00e4nger Text und Logo: nach Wahl inkl. Warnblinklicht Gr\u00f6\u00dfe (BxHxT): 10,0 x 20,0 x 2,0 cm<\/p>\n<p>&nbsp;<\/p>\n<p>Gr\u00f6\u00dfe B x H x T in cm<br \/>\n10,0 x 20,0 x 2,0<br \/>\nAusf\u00fchrung<br \/>\nText nach Wahl<br \/>\nIhr Wunschtext<br \/>\n(mit maximal 25 Zeichen pro Zeile):<\/p>\n<p>&nbsp;<\/p>\n<p>T\u00fcranh\u00e4nger mit Warnblinklicht<\/p>\n<p>Die einseitig bedruckten T\u00fcranh\u00e4nger sind formsch\u00f6n und f\u00fcr jede T\u00fcrklinke geeignet.<\/p>\n<p>Die batteriebetriebene Warnleuchte (rot) verst\u00e4rkt die Wirkung der Aussage auf dem Anh\u00e4nger. Durch den Ein\/Aus-Knopf lassen sich 3 verschiedene Blinkprogramme einstellen.<\/p>\n<p>Ma\u00dfe (BxHxT) : 10,0 x 21,0 x 2,0 cm<br \/>\naus stabilem Kunststoffmaterial<br \/>\n3 verschiedene Blinkprogramme<br \/>\nText nach Wahl m\u00f6glich<br \/>\nLeuchtdauer: ca. 75 Stunden im Dauermodus, 150 Stunden im Blinkmodus<br \/>\nund 150 Stunden im Lauflichtmodus<\/p>\n<p>Bestell-Nr.: 900.9665<\/p>\n","protected":false},"excerpt":{"rendered":"<p>T\u00fcranh\u00e4nger Text und Logo: nach Wahl inkl. Warnblinklicht Gr\u00f6\u00dfe (BxHxT): 10,0 x 20,0 x 2,0 cm &nbsp; Gr\u00f6\u00dfe B x H x T in cm 10,0 x 20,0 x 2,0 Ausf\u00fchrung Text nach Wahl Ihr Wunschtext (mit maximal 25 Zeichen pro Zeile): &nbsp; T\u00fcranh\u00e4nger mit Warnblinklicht Die einseitig bedruckten T\u00fcranh\u00e4nger sind formsch\u00f6n und f\u00fcr jede [&hellip;]<\/p>\n","protected":false},"featured_media":12726,"template":"","meta":[],"product_brand":[],"product_cat":[197],"product_tag":[],"class_list":{"0":"post-12727","1":"product","2":"type-product","3":"status-publish","4":"has-post-thumbnail","6":"product_cat-raumkennzeichnung","8":"first","9":"instock","10":"taxable","11":"shipping-taxable","12":"purchasable","13":"product-type-simple"},"jetpack_sharing_enabled":true,"_links":{"self":[{"href":"https:\/\/dse-deutschland.de\/Shop_Schilder\/wp-json\/wp\/v2\/product\/12727","targetHints":{"allow":["GET"]}}],"collection":[{"href":"https:\/\/dse-deutschland.de\/Shop_Schilder\/wp-json\/wp\/v2\/product"}],"about":[{"href":"https:\/\/dse-deutschland.de\/Shop_Schilder\/wp-json\/wp\/v2\/types\/product"}],"wp:featuredmedia":[{"embeddable":true,"href":"https:\/\/dse-deutschland.de\/Shop_Schilder\/wp-json\/wp\/v2\/media\/12726"}],"wp:attachment":[{"href":"https:\/\/dse-deutschland.de\/Shop_Schilder\/wp-json\/wp\/v2\/media?parent=12727"}],"wp:term":[{"taxonomy":"product_brand","embeddable":true,"href":"https:\/\/dse-deutschland.de\/Shop_Schilder\/wp-json\/wp\/v2\/product_brand?post=12727"},{"taxonomy":"product_cat","embeddable":true,"href":"https:\/\/dse-deutschland.de\/Shop_Schilder\/wp-json\/wp\/v2\/product_cat?post=12727"},{"taxonomy":"product_tag","embeddable":true,"href":"https:\/\/dse-deutschland.de\/Shop_Schilder\/wp-json\/wp\/v2\/product_tag?post=12727"}],"curies":[{"name":"wp","href":"https:\/\/api.w.org\/{rel}","templated":true}]}}