{"id":12702,"date":"2018-06-20T09:05:46","date_gmt":"2018-06-20T07:05:46","guid":{"rendered":"http:\/\/dse-dueren.de\/Shop_Schilder\/produkt\/frame-tuerschilder-extrem-flache-bauweise-abdeckung-aus-3-mm-esg-seitliche-fuehrungsschienen-aus-satiniertem-aluminium-6\/"},"modified":"2022-12-16T14:42:28","modified_gmt":"2022-12-16T13:42:28","slug":"frame-tuerschilder-extrem-flache-bauweise-abdeckung-aus-3-mm-esg-seitliche-fuehrungsschienen-aus-satiniertem-aluminium-6","status":"publish","type":"product","link":"https:\/\/dse-deutschland.de\/Shop_Schilder\/produkt\/frame-tuerschilder-extrem-flache-bauweise-abdeckung-aus-3-mm-esg-seitliche-fuehrungsschienen-aus-satiniertem-aluminium-6\/","title":{"rendered":"FRAME T\u00fcrschilder extrem flache Bauweise, Abdeckung aus 3 mm ESG, seitliche F\u00fchrungsschienen aus satiniertem Aluminium,"},"content":{"rendered":"<p>FRAME T\u00fcrschilder extrem flache Bauweise, Abdeckung aus 3 mm ESG, seitliche F\u00fchrungsschienen aus satiniertem Aluminium, Ma\u00dfe (BxHxT): 15,0 x 6,0 x 0,7 cm<\/p>\n","protected":false},"excerpt":{"rendered":"<p>FRAME T\u00fcrschilder extrem flache Bauweise, Abdeckung aus 3 mm ESG, seitliche F\u00fchrungsschienen aus satiniertem Aluminium, Ma\u00dfe (BxHxT): 15,0 x 6,0 x 0,7 cm<\/p>\n","protected":false},"featured_media":12701,"template":"","meta":[],"product_brand":[],"product_cat":[196],"product_tag":[],"class_list":{"0":"post-12702","1":"product","2":"type-product","3":"status-publish","4":"has-post-thumbnail","6":"product_cat-frame","8":"first","9":"instock","10":"taxable","11":"shipping-taxable","12":"purchasable","13":"product-type-simple"},"jetpack_sharing_enabled":true,"_links":{"self":[{"href":"https:\/\/dse-deutschland.de\/Shop_Schilder\/wp-json\/wp\/v2\/product\/12702","targetHints":{"allow":["GET"]}}],"collection":[{"href":"https:\/\/dse-deutschland.de\/Shop_Schilder\/wp-json\/wp\/v2\/product"}],"about":[{"href":"https:\/\/dse-deutschland.de\/Shop_Schilder\/wp-json\/wp\/v2\/types\/product"}],"wp:featuredmedia":[{"embeddable":true,"href":"https:\/\/dse-deutschland.de\/Shop_Schilder\/wp-json\/wp\/v2\/media\/12701"}],"wp:attachment":[{"href":"https:\/\/dse-deutschland.de\/Shop_Schilder\/wp-json\/wp\/v2\/media?parent=12702"}],"wp:term":[{"taxonomy":"product_brand","embeddable":true,"href":"https:\/\/dse-deutschland.de\/Shop_Schilder\/wp-json\/wp\/v2\/product_brand?post=12702"},{"taxonomy":"product_cat","embeddable":true,"href":"https:\/\/dse-deutschland.de\/Shop_Schilder\/wp-json\/wp\/v2\/product_cat?post=12702"},{"taxonomy":"product_tag","embeddable":true,"href":"https:\/\/dse-deutschland.de\/Shop_Schilder\/wp-json\/wp\/v2\/product_tag?post=12702"}],"curies":[{"name":"wp","href":"https:\/\/api.w.org\/{rel}","templated":true}]}}