{"id":12699,"date":"2018-06-20T09:05:45","date_gmt":"2018-06-20T07:05:45","guid":{"rendered":"http:\/\/dse-dueren.de\/Shop_Schilder\/produkt\/frame-tuerschilder-extrem-flache-bauweise-abdeckung-aus-3-mm-esg-seitliche-fuehrungsschienen-aus-satiniertem-aluminium-4\/"},"modified":"2022-12-16T14:42:26","modified_gmt":"2022-12-16T13:42:26","slug":"frame-tuerschilder-extrem-flache-bauweise-abdeckung-aus-3-mm-esg-seitliche-fuehrungsschienen-aus-satiniertem-aluminium-4","status":"publish","type":"product","link":"https:\/\/dse-deutschland.de\/Shop_Schilder\/produkt\/frame-tuerschilder-extrem-flache-bauweise-abdeckung-aus-3-mm-esg-seitliche-fuehrungsschienen-aus-satiniertem-aluminium-4\/","title":{"rendered":"FRAME T\u00fcrschilder extrem flache Bauweise, Abdeckung aus 3 mm ESG, seitliche F\u00fchrungsschienen aus satiniertem Aluminium,"},"content":{"rendered":"<p>FRAME T\u00fcrschilder extrem flache Bauweise, Abdeckung aus 3 mm ESG, seitliche F\u00fchrungsschienen aus satiniertem Aluminium, Ma\u00dfe (BxHxT): 15,0 x 21,0 x 0,7 cm<\/p>\n<p>&nbsp;<\/p>\n<p>Name<br \/>\nT\u00fcrschild<br \/>\nGr\u00f6\u00dfe B x H x T in cm<br \/>\n15,0 x 21,0 x 0,7<br \/>\nProduktserie<br \/>\nFrame<br \/>\nMaterial Abdeckung<br \/>\nESG Glas<br \/>\nMaterial Rahmen<br \/>\nAluminium<br \/>\nFarbe<br \/>\nsilber<br \/>\nBreite [cm]<br \/>\n15<br \/>\nH\u00f6he [cm]<br \/>\n21<br \/>\nTiefe [cm]<br \/>\n0,7<br \/>\nDIN Format<br \/>\nDIN A5<br \/>\nFormat<br \/>\nHochformat<br \/>\nBefestigungsart<br \/>\nzum Verschrauben | zum Verkleben<br \/>\nBeschriftung<br \/>\nEinlage<br \/>\nEigenschaft<br \/>\nschneller Einlagenwechsel<br \/>\nVerschluss<br \/>\nKlemmverschluss<br \/>\nEinlage<br \/>\nFolie<br \/>\nLieferung inkl.<br \/>\nBefestigungsmaterial<br \/>\nEinsatzbereich<br \/>\nInnenbereich<\/p>\n<p>Die extrem flache Bauweise von nur 7 mm ist nur ein Merkmal der Schilderserie Frame. Seitliche F\u00fchrungsschienen aus satiniertem Aluminium sowie eine Abdeckung aus Einscheibensicherheitsglas (ESG) machen Frame zu einem dezenten Leitsystem. Die leicht zu wechselnden, vorzugsweise aus lackmattierter Polyesterfolie bestehenden Einlagen unterstreichen den edlen Eindruck.<\/p>\n<p>extrem flache Bauweise: Tiefe 7 mm<br \/>\nAbdeckung aus 3 mm Einscheiben -Sicherheitsglas (ESG)<br \/>\nseitliche F\u00fchrungsschienen aus satiniertem Aluminium<br \/>\nblitzschneller Wechsel der Beschriftungseinlage ohne Werkzeug<br \/>\nempfohlene Beschriftungstechnik: Folieneinlage<\/p>\n<p>Bestell-Nr.: FR6140<\/p>\n<p>&nbsp;<\/p>\n","protected":false},"excerpt":{"rendered":"<p>FRAME T\u00fcrschilder extrem flache Bauweise, Abdeckung aus 3 mm ESG, seitliche F\u00fchrungsschienen aus satiniertem Aluminium, Ma\u00dfe (BxHxT): 15,0 x 21,0 x 0,7 cm &nbsp; Name T\u00fcrschild Gr\u00f6\u00dfe B x H x T in cm 15,0 x 21,0 x 0,7 Produktserie Frame Material Abdeckung ESG Glas Material Rahmen Aluminium Farbe silber Breite [cm] 15 H\u00f6he [cm] [&hellip;]<\/p>\n","protected":false},"featured_media":12698,"template":"","meta":[],"product_brand":[],"product_cat":[196],"product_tag":[],"class_list":{"0":"post-12699","1":"product","2":"type-product","3":"status-publish","4":"has-post-thumbnail","6":"product_cat-frame","8":"first","9":"instock","10":"taxable","11":"shipping-taxable","12":"purchasable","13":"product-type-simple"},"jetpack_sharing_enabled":true,"_links":{"self":[{"href":"https:\/\/dse-deutschland.de\/Shop_Schilder\/wp-json\/wp\/v2\/product\/12699","targetHints":{"allow":["GET"]}}],"collection":[{"href":"https:\/\/dse-deutschland.de\/Shop_Schilder\/wp-json\/wp\/v2\/product"}],"about":[{"href":"https:\/\/dse-deutschland.de\/Shop_Schilder\/wp-json\/wp\/v2\/types\/product"}],"wp:featuredmedia":[{"embeddable":true,"href":"https:\/\/dse-deutschland.de\/Shop_Schilder\/wp-json\/wp\/v2\/media\/12698"}],"wp:attachment":[{"href":"https:\/\/dse-deutschland.de\/Shop_Schilder\/wp-json\/wp\/v2\/media?parent=12699"}],"wp:term":[{"taxonomy":"product_brand","embeddable":true,"href":"https:\/\/dse-deutschland.de\/Shop_Schilder\/wp-json\/wp\/v2\/product_brand?post=12699"},{"taxonomy":"product_cat","embeddable":true,"href":"https:\/\/dse-deutschland.de\/Shop_Schilder\/wp-json\/wp\/v2\/product_cat?post=12699"},{"taxonomy":"product_tag","embeddable":true,"href":"https:\/\/dse-deutschland.de\/Shop_Schilder\/wp-json\/wp\/v2\/product_tag?post=12699"}],"curies":[{"name":"wp","href":"https:\/\/api.w.org\/{rel}","templated":true}]}}