{"id":12691,"date":"2018-06-20T09:05:40","date_gmt":"2018-06-20T07:05:40","guid":{"rendered":"http:\/\/dse-dueren.de\/Shop_Schilder\/produkt\/box-tuerschilder-aluminiumrueckplatte-in-edelstahloptik-abs-kunststoffrahmen-abdeckung-aus-4-mm-sicherheitsglas-esg-2\/"},"modified":"2022-12-16T14:42:24","modified_gmt":"2022-12-16T13:42:24","slug":"box-tuerschilder-aluminiumrueckplatte-in-edelstahloptik-abs-kunststoffrahmen-abdeckung-aus-4-mm-sicherheitsglas-esg-2","status":"publish","type":"product","link":"https:\/\/dse-deutschland.de\/Shop_Schilder\/produkt\/box-tuerschilder-aluminiumrueckplatte-in-edelstahloptik-abs-kunststoffrahmen-abdeckung-aus-4-mm-sicherheitsglas-esg-2\/","title":{"rendered":"BOX T\u00fcrschilder Aluminiumr\u00fcckplatte in Edelstahloptik, ABS-Kunststoffrahmen, Abdeckung aus 4 mm Sicherheitsglas (ESG),"},"content":{"rendered":"<p>BOX T\u00fcrschilder Aluminiumr\u00fcckplatte in Edelstahloptik, ABS-Kunststoffrahmen, Abdeckung aus 4 mm Sicherheitsglas (ESG), Ma\u00dfe (BxHxT): 15,4 x 11,0 x 1,2 cm<\/p>\n<p>&nbsp;<\/p>\n<p>Name<br \/>\nT\u00fcrschild A6<br \/>\nGr\u00f6\u00dfe B x H x T in cm<br \/>\n15,4 x 11,0 x 1,2<br \/>\nProduktserie<br \/>\nBox<br \/>\nMaterial Abdeckung<br \/>\nESG Glas<br \/>\nMaterial Rahmen<br \/>\nKunststoff<br \/>\nFarbe<br \/>\nschwarz<br \/>\nBreite [cm]<br \/>\n15,4<br \/>\nH\u00f6he [cm]<br \/>\n11<br \/>\nTiefe [cm]<br \/>\n1,2<br \/>\nDIN Format<br \/>\nDIN A6<br \/>\nFormat<br \/>\nQuerformat<br \/>\nBefestigungsart<br \/>\nzum Verschrauben | zum Verkleben<br \/>\nBeschriftung<br \/>\nEinlage<br \/>\nEigenschaft<br \/>\nschneller Einlagenwechsel<br \/>\nVerschluss<br \/>\nKlemmverschluss<br \/>\nEinlage<br \/>\nPapier<br \/>\nLieferung inkl.<br \/>\nBefestigungsmaterial<br \/>\nEinsatzbereich<br \/>\nInnenbereich<\/p>\n<p>Box-T\u00fcrschilder sind klein im Preis aber dennoch elegant und robust. Die Edelstahloptik der Grundplatte kommt durch die m\u00fchelos zu wechselnde, vorzugsweise aus volltransparenter Folie bestehende, Einlage am besten zu Geltung. Mit dem mitgelieferten Montagematerial k\u00f6nnen Box -Schilder je nach Untergrund verschraubt oder verklebt werden.<br \/>\nrobuster Rahmen<br \/>\nABS-Kunststoff, anthrazit<br \/>\nAluminium in Edelstahloptik<br \/>\nAbdeckung aus 4 mm ESG<br \/>\neinfacher Wechsel der Beschriftungseinlagen<br \/>\nBeschriftungsm\u00f6glichkeiten: Folieneinlage oder Folientext<br \/>\nBO1005<\/p>\n<p>Bestell-Nr.: BO2000<\/p>\n","protected":false},"excerpt":{"rendered":"<p>BOX T\u00fcrschilder Aluminiumr\u00fcckplatte in Edelstahloptik, ABS-Kunststoffrahmen, Abdeckung aus 4 mm Sicherheitsglas (ESG), Ma\u00dfe (BxHxT): 15,4 x 11,0 x 1,2 cm &nbsp; Name T\u00fcrschild A6 Gr\u00f6\u00dfe B x H x T in cm 15,4 x 11,0 x 1,2 Produktserie Box Material Abdeckung ESG Glas Material Rahmen Kunststoff Farbe schwarz Breite [cm] 15,4 H\u00f6he [cm] 11 Tiefe [&hellip;]<\/p>\n","protected":false},"featured_media":12690,"template":"","meta":[],"product_brand":[],"product_cat":[195],"product_tag":[],"class_list":{"0":"post-12691","1":"product","2":"type-product","3":"status-publish","4":"has-post-thumbnail","6":"product_cat-clear","8":"first","9":"instock","10":"taxable","11":"shipping-taxable","12":"purchasable","13":"product-type-simple"},"jetpack_sharing_enabled":true,"_links":{"self":[{"href":"https:\/\/dse-deutschland.de\/Shop_Schilder\/wp-json\/wp\/v2\/product\/12691","targetHints":{"allow":["GET"]}}],"collection":[{"href":"https:\/\/dse-deutschland.de\/Shop_Schilder\/wp-json\/wp\/v2\/product"}],"about":[{"href":"https:\/\/dse-deutschland.de\/Shop_Schilder\/wp-json\/wp\/v2\/types\/product"}],"wp:featuredmedia":[{"embeddable":true,"href":"https:\/\/dse-deutschland.de\/Shop_Schilder\/wp-json\/wp\/v2\/media\/12690"}],"wp:attachment":[{"href":"https:\/\/dse-deutschland.de\/Shop_Schilder\/wp-json\/wp\/v2\/media?parent=12691"}],"wp:term":[{"taxonomy":"product_brand","embeddable":true,"href":"https:\/\/dse-deutschland.de\/Shop_Schilder\/wp-json\/wp\/v2\/product_brand?post=12691"},{"taxonomy":"product_cat","embeddable":true,"href":"https:\/\/dse-deutschland.de\/Shop_Schilder\/wp-json\/wp\/v2\/product_cat?post=12691"},{"taxonomy":"product_tag","embeddable":true,"href":"https:\/\/dse-deutschland.de\/Shop_Schilder\/wp-json\/wp\/v2\/product_tag?post=12691"}],"curies":[{"name":"wp","href":"https:\/\/api.w.org\/{rel}","templated":true}]}}