{"id":12597,"date":"2018-06-20T09:05:04","date_gmt":"2018-06-20T07:05:04","guid":{"rendered":"http:\/\/dse-dueren.de\/Shop_Schilder\/produkt\/atlantic-infotafeln-a4-schlichter-rahmen-aluminium-farbend-modernes-schwungvoll-gerundetes-design\/"},"modified":"2022-12-16T14:42:00","modified_gmt":"2022-12-16T13:42:00","slug":"atlantic-infotafeln-a4-schlichter-rahmen-aluminium-farbend-modernes-schwungvoll-gerundetes-design","status":"publish","type":"product","link":"https:\/\/dse-deutschland.de\/Shop_Schilder\/produkt\/atlantic-infotafeln-a4-schlichter-rahmen-aluminium-farbend-modernes-schwungvoll-gerundetes-design\/","title":{"rendered":"ATLANTIC Infotafeln A4, schlichter Rahmen (aluminium-farbend), modernes, schwungvoll gerundetes Design"},"content":{"rendered":"<p>ATLANTIC Infotafeln A4, schlichter Rahmen (aluminium-farbend), modernes, schwungvoll gerundetes Design Ma\u00dfe (BxHxT): 24,9 x 30,3 x 1,3 cm<\/p>\n<p>Name<br \/>\nInfotafel<br \/>\nGr\u00f6\u00dfe B x H x T in cm<br \/>\n24,9 x 30,3 x 1,3<br \/>\nProduktserie<br \/>\nAtlantic<br \/>\nMaterial Abdeckung<br \/>\nKunststoff<br \/>\nMaterial Rahmen<br \/>\nKunststoff<br \/>\nFarbe<br \/>\naluminiumfarbend<br \/>\nBreite [cm]<br \/>\n24,9<br \/>\nH\u00f6he [cm]<br \/>\n30,3<br \/>\nTiefe [cm]<br \/>\n1,3<br \/>\nDIN Format<br \/>\nDIN A4<br \/>\nBefestigungsart<br \/>\nzum Verschrauben | zum Verkleben<br \/>\nBeschriftung<br \/>\nEinlage<br \/>\nEigenschaft<br \/>\nschneller Einlagenwechsel<br \/>\nVerschluss<br \/>\nKlemmverschluss<br \/>\nEinlage<br \/>\nPapier<br \/>\nLieferung inkl.<br \/>\nBefestigungsmaterial<br \/>\nEinsatzbereich<br \/>\nInnenbereich<\/p>\n<p>Schafft \u00dcbersicht, so weit das Auge reicht.<br \/>\nDie klare Linienf\u00fchrung, das modern schwungvoll gerundete Design und die Vielfalt einer<br \/>\nganzen Serie lassen das System ATLANTIC ma\u00dfgeschneidert f\u00fcr jede Orientierungssituation und jeden Informationsanlass erscheinen \u2013 nicht zuletzt auch durch den schlichten silbernen Rahmen. So passt sich ATLANTIC der Umgebung und Gestaltung ideal an, und bietet Raum und Rahmen f\u00fcr individuelle W\u00fcnsche.<br \/>\nKlare Linien im Meer der Informationen.<br \/>\nflache Bauweise, schwungvoll gerundetes Design<br \/>\npatentierter Verschluss garantiert leichten Wechsel der Beschriftungseinlagen<br \/>\nempfohlene Beschriftungseinlage: Creativpapier<\/p>\n<p>Bestell-Nr.: AT1543<\/p>\n","protected":false},"excerpt":{"rendered":"<p>ATLANTIC Infotafeln A4, schlichter Rahmen (aluminium-farbend), modernes, schwungvoll gerundetes Design Ma\u00dfe (BxHxT): 24,9 x 30,3 x 1,3 cm Name Infotafel Gr\u00f6\u00dfe B x H x T in cm 24,9 x 30,3 x 1,3 Produktserie Atlantic Material Abdeckung Kunststoff Material Rahmen Kunststoff Farbe aluminiumfarbend Breite [cm] 24,9 H\u00f6he [cm] 30,3 Tiefe [cm] 1,3 DIN Format DIN [&hellip;]<\/p>\n","protected":false},"featured_media":12596,"template":"","meta":[],"product_brand":[],"product_cat":[192],"product_tag":[],"class_list":{"0":"post-12597","1":"product","2":"type-product","3":"status-publish","4":"has-post-thumbnail","6":"product_cat-atlantic","8":"first","9":"instock","10":"taxable","11":"shipping-taxable","12":"purchasable","13":"product-type-simple"},"jetpack_sharing_enabled":true,"_links":{"self":[{"href":"https:\/\/dse-deutschland.de\/Shop_Schilder\/wp-json\/wp\/v2\/product\/12597","targetHints":{"allow":["GET"]}}],"collection":[{"href":"https:\/\/dse-deutschland.de\/Shop_Schilder\/wp-json\/wp\/v2\/product"}],"about":[{"href":"https:\/\/dse-deutschland.de\/Shop_Schilder\/wp-json\/wp\/v2\/types\/product"}],"wp:featuredmedia":[{"embeddable":true,"href":"https:\/\/dse-deutschland.de\/Shop_Schilder\/wp-json\/wp\/v2\/media\/12596"}],"wp:attachment":[{"href":"https:\/\/dse-deutschland.de\/Shop_Schilder\/wp-json\/wp\/v2\/media?parent=12597"}],"wp:term":[{"taxonomy":"product_brand","embeddable":true,"href":"https:\/\/dse-deutschland.de\/Shop_Schilder\/wp-json\/wp\/v2\/product_brand?post=12597"},{"taxonomy":"product_cat","embeddable":true,"href":"https:\/\/dse-deutschland.de\/Shop_Schilder\/wp-json\/wp\/v2\/product_cat?post=12597"},{"taxonomy":"product_tag","embeddable":true,"href":"https:\/\/dse-deutschland.de\/Shop_Schilder\/wp-json\/wp\/v2\/product_tag?post=12597"}],"curies":[{"name":"wp","href":"https:\/\/api.w.org\/{rel}","templated":true}]}}