{"id":12581,"date":"2018-06-20T09:04:43","date_gmt":"2018-06-20T07:04:43","guid":{"rendered":"http:\/\/dse-dueren.de\/Shop_Schilder\/produkt\/messengerx-deckenabhaengung-flach-einteiliges-textpaneel-doppelseitig-beschriftbar-paneelfarbe-schwarz-ral-5004\/"},"modified":"2022-12-16T14:41:55","modified_gmt":"2022-12-16T13:41:55","slug":"messengerx-deckenabhaengung-flach-einteiliges-textpaneel-doppelseitig-beschriftbar-paneelfarbe-schwarz-ral-5004","status":"publish","type":"product","link":"https:\/\/dse-deutschland.de\/Shop_Schilder\/produkt\/messengerx-deckenabhaengung-flach-einteiliges-textpaneel-doppelseitig-beschriftbar-paneelfarbe-schwarz-ral-5004\/","title":{"rendered":"MessengerX Deckenabh\u00e4ngung, flach &#8211; einteiliges Textpaneel, doppelseitig beschriftbar Paneelfarbe: schwarz (RAL 5004)"},"content":{"rendered":"<p>MessengerX Deckenabh\u00e4ngung, flach &#8211; einteiliges Textpaneel, doppelseitig beschriftbar Paneelfarbe: schwarz (RAL 5004) Gr\u00f6\u00dfe (B x H x T): 60,5 x 22,1 x 2,0 cm<\/p>\n<p>Ausf\u00fchrung<br \/>\nDeckenabh\u00e4ngung<br \/>\nGr\u00f6\u00dfe B x H in cm<br \/>\n60,5 x 22,1 x 2,0<br \/>\nProduktserie<br \/>\nMessengerX<br \/>\nMaterial<br \/>\nAluminium<br \/>\nBreite [cm]<br \/>\n60,5<br \/>\nH\u00f6he [cm]<br \/>\n22,1<br \/>\nTiefe [cm]<br \/>\n2<br \/>\nBefestigungsart<br \/>\nzum Verschrauben<br \/>\nBeschriftung<br \/>\nBedruckung<br \/>\nEigenschaft<br \/>\ndiebstahlsicher<br \/>\nVerschluss<br \/>\nKlemmverschluss<br \/>\nEinsatzbereich<br \/>\nInnenbereich<\/p>\n<p>Die Messenger X-Schilderserie zeichnet sich neben der flachen Bauweise durch die Beschriftungsm\u00f6glichkeiten der Kopfleisten (RAL 5004) aus \u2013 Infotafeln, Fahnenschild und Deckenabh\u00e4ngung k\u00f6nnen individuell und dauerhaft beschriftet werden. T\u00fcrschilder, Tischaufsteller und Infotafeln k\u00f6nnen Sie durch einfach zu wechselnde Papiereinlagen jederzeit neu beschriften. Messenger X-Schilder sind somit die perfekten Informationstr\u00e4ger.<\/p>\n<p>Paneel in schwarz<br \/>\nh\u00f6henverstellbar (Abh\u00e4ngeseil: 160 cm)<\/p>\n<p>Bestell-Nr.: MO2090<\/p>\n","protected":false},"excerpt":{"rendered":"<p>MessengerX Deckenabh\u00e4ngung, flach &#8211; einteiliges Textpaneel, doppelseitig beschriftbar Paneelfarbe: schwarz (RAL 5004) Gr\u00f6\u00dfe (B x H x T): 60,5 x 22,1 x 2,0 cm Ausf\u00fchrung Deckenabh\u00e4ngung Gr\u00f6\u00dfe B x H in cm 60,5 x 22,1 x 2,0 Produktserie MessengerX Material Aluminium Breite [cm] 60,5 H\u00f6he [cm] 22,1 Tiefe [cm] 2 Befestigungsart zum Verschrauben Beschriftung Bedruckung [&hellip;]<\/p>\n","protected":false},"featured_media":12580,"template":"","meta":[],"product_brand":[],"product_cat":[190],"product_tag":[],"class_list":{"0":"post-12581","1":"product","2":"type-product","3":"status-publish","4":"has-post-thumbnail","6":"product_cat-messenger-x","8":"first","9":"instock","10":"taxable","11":"shipping-taxable","12":"purchasable","13":"product-type-simple"},"jetpack_sharing_enabled":true,"_links":{"self":[{"href":"https:\/\/dse-deutschland.de\/Shop_Schilder\/wp-json\/wp\/v2\/product\/12581","targetHints":{"allow":["GET"]}}],"collection":[{"href":"https:\/\/dse-deutschland.de\/Shop_Schilder\/wp-json\/wp\/v2\/product"}],"about":[{"href":"https:\/\/dse-deutschland.de\/Shop_Schilder\/wp-json\/wp\/v2\/types\/product"}],"wp:featuredmedia":[{"embeddable":true,"href":"https:\/\/dse-deutschland.de\/Shop_Schilder\/wp-json\/wp\/v2\/media\/12580"}],"wp:attachment":[{"href":"https:\/\/dse-deutschland.de\/Shop_Schilder\/wp-json\/wp\/v2\/media?parent=12581"}],"wp:term":[{"taxonomy":"product_brand","embeddable":true,"href":"https:\/\/dse-deutschland.de\/Shop_Schilder\/wp-json\/wp\/v2\/product_brand?post=12581"},{"taxonomy":"product_cat","embeddable":true,"href":"https:\/\/dse-deutschland.de\/Shop_Schilder\/wp-json\/wp\/v2\/product_cat?post=12581"},{"taxonomy":"product_tag","embeddable":true,"href":"https:\/\/dse-deutschland.de\/Shop_Schilder\/wp-json\/wp\/v2\/product_tag?post=12581"}],"curies":[{"name":"wp","href":"https:\/\/api.w.org\/{rel}","templated":true}]}}